{"id":15832,"date":"2025-02-20T11:06:11","date_gmt":"2025-02-20T10:06:11","guid":{"rendered":"https:\/\/www.polideas.it\/?post_type=product&#038;p=15832"},"modified":"2025-06-29T10:21:31","modified_gmt":"2025-06-29T08:21:31","slug":"pack-8-piezas-tirador-armario-389-redondo-polimero-abs","status":"publish","type":"product","link":"http:\/\/www.polideas.it\/es\/en-2\/kit-de-productos-set\/pack-8-piezas-tirador-armario-389-redondo-polimero-abs\/","title":{"rendered":"Paquete de 8 piezas Tirador para muebles 389 redondo - Pol\u00edmero Abs"},"content":{"rendered":"<p>Paquete de 8 asas<strong>\u00a0Ronda de Polideas <\/strong>es la manilla cl\u00e1sica que conquista por su sencillez, se vende en este juego que incluye tornillos de fijaci\u00f3n.<\/p>\n<p>Minimalista, Round es el complemento ideal para renovar los muebles del dormitorio, la entrada y el sal\u00f3n centr\u00e1ndose en un <strong>complemento sencillo, moderno y atractivo<\/strong>.<\/p>\n<p>La <strong>mango Redondo <\/strong>es el resultado de una investigaci\u00f3n continua combinada con la atenci\u00f3n t\u00edpica de las producciones Made in Italy y est\u00e1 fabricado con materiales de primera calidad para garantizar la m\u00e1xima seguridad en todo momento.<\/p>\n<p data-sourcepos=\"7:1-7:40\"><strong>\u00bfPor qu\u00e9 elegir nuestras asas?<\/strong><\/p>\n<ul data-sourcepos=\"9:1-13:0\">\n<li data-sourcepos=\"9:1-9:155\"><strong>Estilo \u00fanico<\/strong>: Cada tirador est\u00e1 dise\u00f1ado para a\u00f1adir un toque de personalidad a sus muebles, realzando su est\u00e9tica y complementando la decoraci\u00f3n.<\/li>\n<li data-sourcepos=\"10:1-10:202\"><strong>Materiales de calidad<\/strong>Seleccionamos cuidadosamente los materiales m\u00e1s resistentes y duraderos para garantizar la longevidad de nuestros mangos.<\/li>\n<li data-sourcepos=\"11:1-11:164\"><strong>Variedad de dise\u00f1os<\/strong>Explore nuestra colecci\u00f3n y encuentre la manilla perfecta para sus necesidades, eligiendo entre diferentes formas, tama\u00f1os, acabados y colores.<\/li>\n<li data-sourcepos=\"12:1-13:0\"><strong>Facilidad de instalaci\u00f3n<\/strong>: Nuestros tiradores est\u00e1n dise\u00f1ados para que sean f\u00e1ciles de colocar, lo que le permitir\u00e1 renovar sus muebles de forma r\u00e1pida y sencilla.<\/li>\n<li data-sourcepos=\"12:1-13:0\"><strong>Fabricado en Italia<\/strong>Completamente construido en Italia desde hace m\u00e1s de 50 a\u00f1os en nuestra f\u00e1brica<\/li>\n<li data-sourcepos=\"12:1-13:0\">Incluye tornillos, siempre incluimos tornillos en nuestros productos para poder fijarlos a sus muebles<\/li>\n<li data-sourcepos=\"12:1-13:0\">Certificado CATAS y en plena conformidad con la normativa europea REACH<\/li>\n<li data-sourcepos=\"12:1-13:0\">Los insertos de los tornillos de lat\u00f3n de alta calidad y el pintado a mano por nuestros operarios le confieren calidad y durabilidad.<\/li>\n<\/ul>\n<p data-sourcepos=\"21:1-21:45\"><strong>No s\u00f3lo la est\u00e9tica, sino tambi\u00e9n la funcionalidad:<\/strong><\/p>\n<p data-sourcepos=\"23:1-23:196\">Nuestros tiradores no s\u00f3lo son bonitos a la vista, sino tambi\u00e9n ergon\u00f3micos y funcionales. Est\u00e1n dise\u00f1ados para proporcionar un agarre c\u00f3modo y seguro, facilitando la apertura y el cierre de puertas y cajones.<\/p>\n<p data-sourcepos=\"25:1-25:48\"><strong>Renueve sus muebles con un simple gesto<\/strong><\/p>\n<p data-sourcepos=\"27:1-27:146\">Elija los tiradores que m\u00e1s le gusten y d\u00e9 un nuevo aspecto a sus muebles. Explore nuestro cat\u00e1logo e insp\u00edrese con nuestras propuestas.<\/p>\n<p>&nbsp;<\/p>","protected":false},"excerpt":{"rendered":"<p>Juego de 8 tiradores de armario con env\u00edo gratuito para el mercado italiano.<\/p>","protected":false},"featured_media":13824,"comment_status":"closed","ping_status":"closed","template":"","meta":{"_acf_changed":false},"product_brand":[],"product_cat":[3547,3548],"product_tag":[3553,3552,3179,3555,3556,3554,3312],"class_list":{"0":"post-15832","1":"product","2":"type-product","3":"status-publish","4":"has-post-thumbnail","6":"product_cat-set-kit-prodotti","7":"product_cat-set-maniglie-mobili","8":"product_tag-8-maniglie","9":"product_tag-confezione-maniglie","10":"product_tag-maniglia-soggiorno","11":"product_tag-maniglie-interasse-128mm","12":"product_tag-maniglie-interasse-160-mm","13":"product_tag-maniglie-per-mobile","14":"product_tag-maniglie-per-mobili","15":"product_shipping_class-free","17":"first","18":"instock","19":"taxable","20":"shipping-taxable","21":"purchasable","22":"product-type-variable","23":"has-default-attributes"},"acf":[],"_links":{"self":[{"href":"http:\/\/www.polideas.it\/es\/wp-json\/wp\/v2\/product\/15832","targetHints":{"allow":["GET"]}}],"collection":[{"href":"http:\/\/www.polideas.it\/es\/wp-json\/wp\/v2\/product"}],"about":[{"href":"http:\/\/www.polideas.it\/es\/wp-json\/wp\/v2\/types\/product"}],"replies":[{"embeddable":true,"href":"http:\/\/www.polideas.it\/es\/wp-json\/wp\/v2\/comments?post=15832"}],"wp:featuredmedia":[{"embeddable":true,"href":"http:\/\/www.polideas.it\/es\/wp-json\/wp\/v2\/media\/13824"}],"wp:attachment":[{"href":"http:\/\/www.polideas.it\/es\/wp-json\/wp\/v2\/media?parent=15832"}],"wp:term":[{"taxonomy":"product_brand","embeddable":true,"href":"http:\/\/www.polideas.it\/es\/wp-json\/wp\/v2\/product_brand?post=15832"},{"taxonomy":"product_cat","embeddable":true,"href":"http:\/\/www.polideas.it\/es\/wp-json\/wp\/v2\/product_cat?post=15832"},{"taxonomy":"product_tag","embeddable":true,"href":"http:\/\/www.polideas.it\/es\/wp-json\/wp\/v2\/product_tag?post=15832"}],"curies":[{"name":"wp","href":"https:\/\/api.w.org\/{rel}","templated":true}]}}