{"id":6,"date":"2018-01-24T11:02:14","date_gmt":"2018-01-24T10:02:14","guid":{"rendered":"http:\/\/polideas.larindev.com\/privacy"},"modified":"2019-10-24T16:21:35","modified_gmt":"2019-10-24T14:21:35","slug":"vie-privee","status":"publish","type":"page","link":"http:\/\/www.polideas.it\/fr\/vie-privee\/","title":{"rendered":"Vie priv\u00e9e"},"content":{"rendered":"<h3>Contr\u00f4leur des donn\u00e9es<\/h3>\n<p>Poliplast snc - via Roma, 118 - 31024 Ormelle (TV) - Italie - Tel. +39.0422.815408 - info@poliplast.net | P.Iva 01221360264<\/p>\n<h3>Types de donn\u00e9es collect\u00e9es<\/h3>\n<p>Parmi les donn\u00e9es personnelles collect\u00e9es par cette application, que ce soit de mani\u00e8re ind\u00e9pendante ou par l'interm\u00e9diaire de tiers, figurent : Courriel, Cookies et Donn\u00e9es d'utilisation. Les autres donn\u00e9es personnelles collect\u00e9es peuvent \u00eatre indiqu\u00e9es dans d'autres sections de la pr\u00e9sente politique de confidentialit\u00e9 ou dans des textes d'information affich\u00e9s en m\u00eame temps que la collecte des donn\u00e9es. Les donn\u00e9es personnelles peuvent \u00eatre saisies volontairement par l'utilisateur ou collect\u00e9es automatiquement lors de l'utilisation de cette application.<\/p>\n<p>L'utilisation \u00e9ventuelle de cookies - ou d'autres outils de suivi - par cette application ou par les propri\u00e9taires de services tiers utilis\u00e9s par cette application, sauf indication contraire, a pour but d'identifier l'utilisateur et d'enregistrer ses pr\u00e9f\u00e9rences \u00e0 des fins strictement li\u00e9es \u00e0 la fourniture du service demand\u00e9 par l'utilisateur. Le fait que l'Utilisateur ne fournisse pas certaines Donn\u00e9es Personnelles peut emp\u00eacher cette Application de fournir ses services. L'Utilisateur assume la responsabilit\u00e9 des Donn\u00e9es Personnelles de tiers publi\u00e9es ou partag\u00e9es par le biais de cette Application et garantit qu'il a le droit de les communiquer ou de les diffuser, d\u00e9gageant le Propri\u00e9taire de toute responsabilit\u00e9 envers les tiers.<\/p>\n<h3>M\u00e9thode et lieu de traitement des donn\u00e9es collect\u00e9es<\/h3>\n<p><strong>Modes de traitement<\/strong><br \/>\nLe responsable du traitement traite les donn\u00e9es personnelles des utilisateurs en prenant des mesures de s\u00e9curit\u00e9 appropri\u00e9es pour emp\u00eacher l'acc\u00e8s non autoris\u00e9, la divulgation, la modification ou la destruction des donn\u00e9es personnelles. L'acc\u00e8s aux donn\u00e9es peut \u00eatre disponible pour les responsables du traitement des donn\u00e9es, tels que les employ\u00e9s impliqu\u00e9s dans le traitement, ou pour les parties externes qui fournissent des services au responsable du traitement des donn\u00e9es, les fournisseurs de services techniques tiers, les courriers postaux, les fournisseurs d'h\u00e9bergement, les soci\u00e9t\u00e9s informatiques, les agences de communication. La liste actualis\u00e9e des personnes concern\u00e9es peut toujours \u00eatre demand\u00e9e au responsable du traitement.<\/p>\n<p><strong>Lieu<\/strong><br \/>\nLes donn\u00e9es sont trait\u00e9es dans les locaux du responsable du traitement, sauf indication contraire dans le reste du document.<\/p>\n<p><strong>Temps<\/strong><br \/>\nLes donn\u00e9es sont trait\u00e9es pendant la dur\u00e9e n\u00e9cessaire \u00e0 l'ex\u00e9cution du service demand\u00e9 par l'utilisateur ou aux fins d\u00e9crites dans le pr\u00e9sent document, et l'utilisateur peut toujours demander l'interruption du traitement ou la suppression des donn\u00e9es.<\/p>\n<h3>Finalit\u00e9s du traitement des donn\u00e9es<\/h3>\n<p>Les donn\u00e9es de l'utilisateur sont collect\u00e9es pour permettre \u00e0 l'application de fournir ses services, ainsi qu'aux fins suivantes : gestion des adresses et envoi de messages \u00e9lectroniques, interaction avec les r\u00e9seaux sociaux et les plateformes externes, commentaires sur le contenu et statistiques. Les types de donn\u00e9es personnelles utilis\u00e9es pour chaque finalit\u00e9 sont indiqu\u00e9s dans les sections sp\u00e9cifiques du pr\u00e9sent document.<\/p>\n<h3>D\u00e9tails du traitement des donn\u00e9es personnelles<\/h3>\n<p>Les donn\u00e9es personnelles sont collect\u00e9es aux fins suivantes et en utilisant les services suivants :<\/p>\n<p><strong>Interaction avec les r\u00e9seaux sociaux et les plateformes externes<\/strong><br \/>\nCes services permettent des interactions avec des r\u00e9seaux sociaux ou d'autres plateformes externes, directement \u00e0 partir des pages de cette application. Les interactions et les informations acquises par cette application sont en tout \u00e9tat de cause soumises aux param\u00e8tres de confidentialit\u00e9 de l'utilisateur relatifs \u00e0 chaque r\u00e9seau social. Si un service d'interaction avec les r\u00e9seaux sociaux est install\u00e9, il est possible que, m\u00eame si les Utilisateurs n'utilisent pas le service, celui-ci collecte des donn\u00e9es de trafic relatives aux pages o\u00f9 il est install\u00e9.<\/p>\n<p><strong>Statistiques<\/strong><br \/>\nLes services contenus dans cette section permettent au contr\u00f4leur des donn\u00e9es de surveiller et d'analyser les donn\u00e9es relatives au trafic et de suivre le comportement des utilisateurs.<\/p>\n<p>Google Analytics (Google)<\/p>\n<p>Google Analytics est un service d'analyse web fourni par Google Inc. Google utilise les Donn\u00e9es Personnelles collect\u00e9es afin de suivre et d'examiner l'utilisation de cette Application, de compiler des rapports et de les partager avec d'autres services d\u00e9velopp\u00e9s par Google. Google peut utiliser les Donn\u00e9es Personnelles pour contextualiser et personnaliser les annonces de son r\u00e9seau publicitaire. Pour vous d\u00e9sinscrire : tools.google.com\/dlpage\/gaoptout?hl=fr. Donn\u00e9es personnelles collect\u00e9es : Cookies et donn\u00e9es d'utilisation. Lieu de traitement : USA - Politique de confidentialit\u00e9<\/p>\n<h3>Plus d'informations sur le traitement<\/h3>\n<p><strong>La d\u00e9fense au tribunal<\/strong><br \/>\nLes donn\u00e9es personnelles de l'utilisateur peuvent \u00eatre utilis\u00e9es pour la d\u00e9fense du contr\u00f4leur des donn\u00e9es dans le cadre d'une proc\u00e9dure judiciaire ou dans les phases pr\u00e9paratoires d'une telle proc\u00e9dure contre les abus dans l'utilisation des m\u00eames services ou de services connexes par l'utilisateur.<\/p>\n<p><strong>Informations sp\u00e9cifiques<\/strong><br \/>\nOutre les informations contenues dans la pr\u00e9sente politique de confidentialit\u00e9, cette application peut fournir \u00e0 l'utilisateur des informations contextuelles concernant des services sp\u00e9cifiques ou la collecte et le traitement de donn\u00e9es \u00e0 caract\u00e8re personnel.<\/p>\n<p><strong>Journaux et maintenance du syst\u00e8me<\/strong><br \/>\n\u00c0 des fins d'exploitation et de maintenance, cette application et tous les services tiers qu'elle utilise peuvent collecter des journaux de syst\u00e8me, c'est-\u00e0-dire des fichiers qui enregistrent les interactions et qui peuvent \u00e9galement contenir des donn\u00e9es \u00e0 caract\u00e8re personnel, telles que l'adresse IP. Utilisateur<\/p>\n<p><strong>Informations non contenues dans la pr\u00e9sente politique<\/strong><br \/>\nDe plus amples informations concernant le traitement des donn\u00e9es personnelles peuvent \u00eatre demand\u00e9es \u00e0 tout moment au contr\u00f4leur des donn\u00e9es en utilisant les informations de contact.<\/p>\n<p><strong>Exercice des droits par les utilisateurs<\/strong><br \/>\nLes sujets auxquels se r\u00e9f\u00e8rent les donn\u00e9es personnelles ont le droit, \u00e0 tout moment, d'obtenir la confirmation de l'existence ou de la non-existence de ces donn\u00e9es aupr\u00e8s du responsable du traitement, d'en conna\u00eetre le contenu et l'origine, d'en v\u00e9rifier l'exactitude ou d'en demander l'int\u00e9gration, l'effacement, la mise \u00e0 jour, la rectification, la transformation sous forme anonyme ou le blocage des donn\u00e9es personnelles trait\u00e9es en violation de la loi, ainsi que de s'opposer en tout \u00e9tat de cause, pour des raisons l\u00e9gitimes, \u00e0 leur traitement. Les demandes doivent \u00eatre adress\u00e9es au contr\u00f4leur des donn\u00e9es.<\/p>\n<h3>Modifications de la pr\u00e9sente politique de confidentialit\u00e9<\/h3>\n<p>Le responsable du traitement des donn\u00e9es se r\u00e9serve le droit d'apporter \u00e0 tout moment des modifications \u00e0 la pr\u00e9sente politique de confidentialit\u00e9 en les publiant sur cette page \u00e0 l'intention des utilisateurs. Par cons\u00e9quent, veuillez consulter fr\u00e9quemment cette page, en prenant pour r\u00e9f\u00e9rence la date de la derni\u00e8re modification indiqu\u00e9e en bas de page. En cas de non-acceptation des modifications apport\u00e9es \u00e0 la pr\u00e9sente politique de confidentialit\u00e9, l'utilisateur doit cesser d'utiliser cette application et peut demander au responsable du traitement de supprimer ses donn\u00e9es personnelles. Sauf indication contraire, la politique de confidentialit\u00e9 pr\u00e9c\u00e9dente continuera \u00e0 s'appliquer aux donn\u00e9es personnelles collect\u00e9es jusqu'\u00e0 ce moment.<\/p>\n<h3>A propos de cette politique de confidentialit\u00e9<\/h3>\n<p>Le contr\u00f4leur des donn\u00e9es est responsable de la pr\u00e9sente politique de confidentialit\u00e9, qui a \u00e9t\u00e9 r\u00e9dig\u00e9e sur la base des formulaires pr\u00e9par\u00e9s par Iubenda et stock\u00e9s sur ses serveurs.<\/p>\n<h3>D\u00e9finitions et r\u00e9f\u00e9rences juridiques<\/h3>\n<p><strong>Donn\u00e9es personnelles (ou donn\u00e9es)<\/strong><br \/>\nUne donn\u00e9e \u00e0 caract\u00e8re personnel est toute information concernant une personne physique, identifi\u00e9e ou identifiable, m\u00eame indirectement, par r\u00e9f\u00e9rence \u00e0 toute autre information, y compris un num\u00e9ro d'identification personnel.<\/p>\n<p><strong>Donn\u00e9es d'utilisation<\/strong><br \/>\nIl s'agit de donn\u00e9es personnelles collect\u00e9es automatiquement par l'Application (ou par les applications tierces qu'elle utilise), notamment : les adresses IP ou les noms de domaine des ordinateurs utilis\u00e9s par l'utilisateur qui se connecte \u00e0 l'Application, les adresses de notation URI (Uniform Resource Identifier), l'heure de la demande, la m\u00e9thode utilis\u00e9e pour soumettre la demande au serveur, la taille du fichier obtenu en r\u00e9ponse, le code num\u00e9rique indiquant l'\u00e9tat de la r\u00e9ponse du serveur (succ\u00e8s, erreur, etc.), le pays d'origine, les caract\u00e9ristiques du navigateur et du syst\u00e8me d'exploitation utilis\u00e9s par le visiteur, les diff\u00e9rentes connotations temporelles de la visite (par exemple, le temps pass\u00e9 sur chaque page) et les d\u00e9tails de l'itin\u00e9raire suivi par le visiteur.), le pays d'origine, les caract\u00e9ristiques du navigateur et du syst\u00e8me d'exploitation utilis\u00e9s par le visiteur, les diff\u00e9rentes connotations temporelles de la visite (par exemple le temps pass\u00e9 sur chaque page) et les d\u00e9tails de l'itin\u00e9raire suivi au sein de l'application, en particulier la s\u00e9quence des pages consult\u00e9es, les param\u00e8tres relatifs au syst\u00e8me d'exploitation et \u00e0 l'environnement informatique de l'utilisateur.<\/p>\n<p><strong>Utilisateur<\/strong><br \/>\nLa personne qui utilise cette application, qui doit \u00eatre la m\u00eame que la personne concern\u00e9e ou \u00eatre autoris\u00e9e par elle et dont les donn\u00e9es personnelles sont trait\u00e9es.<\/p>\n<p><strong>Int\u00e9ress\u00e9<\/strong><br \/>\nLa personne physique ou morale \u00e0 laquelle les donn\u00e9es \u00e0 caract\u00e8re personnel se r\u00e9f\u00e8rent.<\/p>\n<p><strong>Processeur (ou gestionnaire)<\/strong><br \/>\nLa personne physique, l'entit\u00e9 juridique, l'administration publique et tout autre organisme, association ou organisation charg\u00e9 par le contr\u00f4leur du traitement des donn\u00e9es \u00e0 caract\u00e8re personnel, conform\u00e9ment aux dispositions de la pr\u00e9sente politique de confidentialit\u00e9.<\/p>\n<p><strong>Contr\u00f4leur des donn\u00e9es (ou propri\u00e9taire)<\/strong><br \/>\nLa personne physique, la personne morale, l'administration publique et tout autre organe, association ou organisme qui est responsable, \u00e9galement conjointement avec un autre propri\u00e9taire, de d\u00e9cider des objectifs, des m\u00e9thodes de traitement des donn\u00e9es personnelles et des outils utilis\u00e9s, y compris le profil de s\u00e9curit\u00e9, en relation avec le fonctionnement et l'utilisation de cette application. Le contr\u00f4leur des donn\u00e9es, sauf indication contraire, est le propri\u00e9taire de cette application.<\/p>\n<p><strong>Cette application<\/strong><br \/>\nL'outil mat\u00e9riel ou logiciel par lequel les donn\u00e9es personnelles des utilisateurs sont collect\u00e9es.<\/p>\n<p><strong>Cookies<\/strong><br \/>\nPetite partie des donn\u00e9es stock\u00e9es dans l'appareil de l'utilisateur.<\/p>\n<h3>R\u00e9f\u00e9rences juridiques<\/h3>\n<p>Avis aux utilisateurs europ\u00e9ens : cette politique de confidentialit\u00e9 a \u00e9t\u00e9 r\u00e9dig\u00e9e conform\u00e9ment aux obligations pr\u00e9vues par l'article 10 de la directive n\u00b0 95\/46\/CE, ainsi qu'aux dispositions de la directive 2002\/58\/CE, telle que mise \u00e0 jour par la directive 2009\/136\/CE, concernant les cookies. Cette politique de confidentialit\u00e9 concerne exclusivement cette application.<br \/>\nEn r\u00e9f\u00e9rence \u00e0 ce traitement de donn\u00e9es, les informations suivantes sont fournies, \u00e9galement conform\u00e9ment \u00e0 l'article 13 du R\u00e8glement g\u00e9n\u00e9ral europ\u00e9en sur la protection des donn\u00e9es (R\u00e8glement UE 2016\/679), dont la validit\u00e9 n'est pas \u00e9tendue \u00e0 d'autres sites web externes consult\u00e9s par l'utilisateur via des liens sur ce site web.<br \/>\nEn continuant \u00e0 naviguer et en adh\u00e9rant aux propositions de services contenues dans les diff\u00e9rentes parties du site (inscription \u00e0 notre newsletter, remplissage de formulaires de demande d'informations, ...), cette information g\u00e9n\u00e9rale sur le traitement, ainsi que toute information sp\u00e9cifique relative au traitement pour des finalit\u00e9s diff\u00e9rentes et sp\u00e9cifiques, est consid\u00e9r\u00e9e comme acquise, et l'utilisateur donne explicitement son consentement au traitement. Il convient de souligner que le consentement n'est valable que s'il \u00e9mane d'une personne \u00e2g\u00e9e de plus de 18 ans ou d'un mineur de plus de 14 ans (article 8, paragraphes 1 et 2, du RGPD).<\/p>\n<p><strong>Derni\u00e8re modification : 24 octobre 2019<br \/>\n<\/strong><\/p>","protected":false},"excerpt":{"rendered":"<div class=\"banner has-hover has-parallax\" id=\"banner-256145019\">\n          <div class=\"banner-inner fill\">\n        <div class=\"banner-bg fill\" data-parallax=\"-3\" data-parallax-container=\".banner\" data-parallax-background>\n            <img width=\"1020\" height=\"337\" src=\"https:\/\/www.polideas.it\/wp-content\/uploads\/2018\/01\/header-polideas-1400x462.jpg\" class=\"bg attachment-large size-large\" alt=\"\" decoding=\"async\" loading=\"lazy\" \/>                                    \n                    <\/div>\n\t\t\n        <div class=\"banner-layers container\">\n            <div class=\"fill banner-link\"><\/div>            \n<h1 style=\"color: #fff; line-height: 150px; font-size:38px;\">VIE PRIV\u00c9E<\/h1>\n        <\/div>\n      <\/div>\n\n            \n<style>\n#banner-256145019 {\n  padding-top: 150px;\n}\n<\/style>\n  <\/div>","protected":false},"author":1,"featured_media":0,"parent":0,"menu_order":0,"comment_status":"closed","ping_status":"closed","template":"","meta":{"_acf_changed":false,"footnotes":""},"class_list":["post-6","page","type-page","status-publish","hentry"],"acf":[],"_links":{"self":[{"href":"http:\/\/www.polideas.it\/fr\/wp-json\/wp\/v2\/pages\/6","targetHints":{"allow":["GET"]}}],"collection":[{"href":"http:\/\/www.polideas.it\/fr\/wp-json\/wp\/v2\/pages"}],"about":[{"href":"http:\/\/www.polideas.it\/fr\/wp-json\/wp\/v2\/types\/page"}],"author":[{"embeddable":true,"href":"http:\/\/www.polideas.it\/fr\/wp-json\/wp\/v2\/users\/1"}],"replies":[{"embeddable":true,"href":"http:\/\/www.polideas.it\/fr\/wp-json\/wp\/v2\/comments?post=6"}],"version-history":[{"count":0,"href":"http:\/\/www.polideas.it\/fr\/wp-json\/wp\/v2\/pages\/6\/revisions"}],"wp:attachment":[{"href":"http:\/\/www.polideas.it\/fr\/wp-json\/wp\/v2\/media?parent=6"}],"curies":[{"name":"wp","href":"https:\/\/api.w.org\/{rel}","templated":true}]}}