{"id":10437,"date":"2022-02-28T21:57:02","date_gmt":"2022-02-28T20:57:02","guid":{"rendered":"https:\/\/www.polideas.it\/?post_type=product&#038;p=10437"},"modified":"2025-01-30T11:08:04","modified_gmt":"2025-01-30T10:08:04","slug":"armoire-laquee-blanche-petit-bouton","status":"publish","type":"product","link":"http:\/\/www.polideas.it\/fr\/fr-2\/poignees-de-salon\/armoire-laquee-blanche-petit-bouton\/","title":{"rendered":"Little Knob - Bouton mobile - Laqu\u00e9 blanc"},"content":{"rendered":"<p>Le <strong>Petit bouton de Polideas<\/strong> est petit, comme son nom l'indique, mais confortable \u00e0 tenir, robuste et fiable.<\/p>\n<p>Con\u00e7u pour personnaliser les petits meubles de la chambre ou du salon, il est peu encombrant et donne imm\u00e9diatement un aspect essentiel et raffin\u00e9 \u00e0 la pi\u00e8ce.<\/p>\n<p>Disponible en <strong>effet aluminium, finition laqu\u00e9e blanche et laqu\u00e9e noire<\/strong>D'un diam\u00e8tre de seulement 32 mm, il est id\u00e9al pour compl\u00e9ter avec go\u00fbt des meubles plus modernes aux couleurs basiques ou d'inspiration nordique.<\/p>\n<p>Le <strong>Petit bouton <\/strong>est le r\u00e9sultat d'une recherche continue combin\u00e9e \u00e0 l'attention typique des productions Made in Italy et est fabriqu\u00e9 avec des mat\u00e9riaux de premi\u00e8re qualit\u00e9 pour garantir une s\u00e9curit\u00e9 maximale \u00e0 tout moment.<\/p>","protected":false},"excerpt":{"rendered":"<p>Il pomello Little di Polideas \u00e8 piccolo piccolo, come suggerisce il nome, ma comodo da impugnare, robusto e affidabile. Pensato per personalizzare i piccoli mobili della camera da letto o della zona living, occupa pochissimo spazio ma regala subito un aspetto essenziale e ricercato ad ogni ambiente. Disponibile nelle finiture effetto alluminio, laccato bianco e [&#8230;]\n","protected":false},"featured_media":4370,"comment_status":"closed","ping_status":"closed","template":"","meta":{"_acf_changed":false},"product_brand":[],"product_cat":[47],"product_tag":[3101,3102,3103,3104,3105,3106,3107,3108,3109,3110,3111,3112,3113,3114,3115,3116,3117,3118],"class_list":{"0":"post-10437","1":"product","2":"type-product","3":"status-publish","4":"has-post-thumbnail","6":"product_cat-maniglie-pomelli-camera-soggiorno","7":"product_tag-pomello","8":"product_tag-pomello-anta-mobile-soggiorno","9":"product_tag-pomello-anta-soggiorno","10":"product_tag-pomello-cassetto-soggiorno","11":"product_tag-pomello-design","12":"product_tag-pomello-little","13":"product_tag-pomello-mobile","14":"product_tag-pomello-mobile-soggiorno","15":"product_tag-pomello-per-mobile-soggiorno","16":"product_tag-pomello-piccolo","17":"product_tag-pomello-soggiorno","18":"product_tag-pomolo","19":"product_tag-pomolo-al-miglior-prezzo","20":"product_tag-pomolo-anta-mobile","21":"product_tag-pomolo-cassettiera","22":"product_tag-pomolo-cassetto","23":"product_tag-pomolo-mobile","24":"product_tag-pomolo-mobile-arredamento","26":"first","27":"instock","28":"taxable","29":"shipping-taxable","30":"purchasable","31":"product-type-simple"},"acf":[],"_links":{"self":[{"href":"http:\/\/www.polideas.it\/fr\/wp-json\/wp\/v2\/product\/10437","targetHints":{"allow":["GET"]}}],"collection":[{"href":"http:\/\/www.polideas.it\/fr\/wp-json\/wp\/v2\/product"}],"about":[{"href":"http:\/\/www.polideas.it\/fr\/wp-json\/wp\/v2\/types\/product"}],"replies":[{"embeddable":true,"href":"http:\/\/www.polideas.it\/fr\/wp-json\/wp\/v2\/comments?post=10437"}],"wp:featuredmedia":[{"embeddable":true,"href":"http:\/\/www.polideas.it\/fr\/wp-json\/wp\/v2\/media\/4370"}],"wp:attachment":[{"href":"http:\/\/www.polideas.it\/fr\/wp-json\/wp\/v2\/media?parent=10437"}],"wp:term":[{"taxonomy":"product_brand","embeddable":true,"href":"http:\/\/www.polideas.it\/fr\/wp-json\/wp\/v2\/product_brand?post=10437"},{"taxonomy":"product_cat","embeddable":true,"href":"http:\/\/www.polideas.it\/fr\/wp-json\/wp\/v2\/product_cat?post=10437"},{"taxonomy":"product_tag","embeddable":true,"href":"http:\/\/www.polideas.it\/fr\/wp-json\/wp\/v2\/product_tag?post=10437"}],"curies":[{"name":"wp","href":"https:\/\/api.w.org\/{rel}","templated":true}]}}