{"id":10452,"date":"2022-02-28T21:57:04","date_gmt":"2022-02-28T20:57:04","guid":{"rendered":"https:\/\/www.polideas.it\/?post_type=product&#038;p=10452"},"modified":"2025-01-28T15:23:35","modified_gmt":"2025-01-28T14:23:35","slug":"petit-bouton-de-meuble-de-salle-de-bain-laque-blanc","status":"publish","type":"product","link":"http:\/\/www.polideas.it\/fr\/fr-2\/poignees-boutons-de-salle-de-bain\/petit-bouton-de-meuble-de-salle-de-bain-laque-blanc\/","title":{"rendered":"Petit bouton de salle de bain - Bouton de meuble de salle de bain - Laqu\u00e9 blanc"},"content":{"rendered":"<p>Ronde, raffin\u00e9e et d'un style intemporel : c'est la <strong>Polideas Petit bouton de salle de bains<\/strong>.<\/p>\n<p>Le <strong>bouton Petit<\/strong> est le choix id\u00e9al pour tous ceux qui recherchent un accessoire de salle de bains pour personnaliser leur mobilier en toute s\u00e9curit\u00e9, avec style et simplicit\u00e9.<\/p>\n<p>Disponible en <strong>finitions chrome poli, effet aluminium et laqu\u00e9 blanc<\/strong>Il a un diam\u00e8tre de 32 mm et, gr\u00e2ce \u00e0 ses caract\u00e9ristiques, il est non seulement parfait pour personnaliser les meubles de salle de bains les plus modernes, mais aussi pour \u00eatre fix\u00e9 au mur afin d'y suspendre des serviettes, des accessoires et des peignoirs.<\/p>\n<p>Le <strong>bouton Petit<\/strong> est le r\u00e9sultat d'une recherche continue combin\u00e9e \u00e0 l'attention typique des productions Made in Italy et est r\u00e9alis\u00e9e avec des mat\u00e9riaux de la plus haute qualit\u00e9 pour garantir une s\u00e9curit\u00e9 maximale \u00e0 tout moment, m\u00eame avec les mains mouill\u00e9es, sans laisser d'aur\u00e9oles.<\/p>","protected":false},"excerpt":{"rendered":"<p>Rotondo, raffinato e con uno stile senza tempo: ecco il pomello bagno Small di Polideas. Il pomello Small \u00e8 la scelta perfetta di chi cerca un complemento da bagno per personalizzare in tutta sicurezza i mobili con stile e semplicit\u00e0. Disponibile nelle finiture cromato lucido, effetto alluminio e laccato bianco, ha un diametro di 32 [&#8230;]\n","protected":false},"featured_media":4376,"comment_status":"closed","ping_status":"closed","template":"","meta":{"_acf_changed":false},"product_brand":[],"product_cat":[62],"product_tag":[3129,3130,3131,3132,3105,3107,3133,3112,3113,3114,3115,3116,3117,3118],"class_list":{"0":"post-10452","1":"product","2":"type-product","3":"status-publish","4":"has-post-thumbnail","6":"product_cat-maniglie-pomelli-bagno","7":"product_tag-pomello-anta-bagno","8":"product_tag-pomello-bagno","9":"product_tag-pomello-cassetto","10":"product_tag-pomello-cassetto-bagno","11":"product_tag-pomello-design","12":"product_tag-pomello-mobile","13":"product_tag-pomello-per-mobile-bagno","14":"product_tag-pomolo","15":"product_tag-pomolo-al-miglior-prezzo","16":"product_tag-pomolo-anta-mobile","17":"product_tag-pomolo-cassettiera","18":"product_tag-pomolo-cassetto","19":"product_tag-pomolo-mobile","20":"product_tag-pomolo-mobile-arredamento","22":"first","23":"instock","24":"taxable","25":"shipping-taxable","26":"purchasable","27":"product-type-simple"},"acf":[],"_links":{"self":[{"href":"http:\/\/www.polideas.it\/fr\/wp-json\/wp\/v2\/product\/10452","targetHints":{"allow":["GET"]}}],"collection":[{"href":"http:\/\/www.polideas.it\/fr\/wp-json\/wp\/v2\/product"}],"about":[{"href":"http:\/\/www.polideas.it\/fr\/wp-json\/wp\/v2\/types\/product"}],"replies":[{"embeddable":true,"href":"http:\/\/www.polideas.it\/fr\/wp-json\/wp\/v2\/comments?post=10452"}],"wp:featuredmedia":[{"embeddable":true,"href":"http:\/\/www.polideas.it\/fr\/wp-json\/wp\/v2\/media\/4376"}],"wp:attachment":[{"href":"http:\/\/www.polideas.it\/fr\/wp-json\/wp\/v2\/media?parent=10452"}],"wp:term":[{"taxonomy":"product_brand","embeddable":true,"href":"http:\/\/www.polideas.it\/fr\/wp-json\/wp\/v2\/product_brand?post=10452"},{"taxonomy":"product_cat","embeddable":true,"href":"http:\/\/www.polideas.it\/fr\/wp-json\/wp\/v2\/product_cat?post=10452"},{"taxonomy":"product_tag","embeddable":true,"href":"http:\/\/www.polideas.it\/fr\/wp-json\/wp\/v2\/product_tag?post=10452"}],"curies":[{"name":"wp","href":"https:\/\/api.w.org\/{rel}","templated":true}]}}