{"id":10456,"date":"2022-02-28T21:57:05","date_gmt":"2022-02-28T20:57:05","guid":{"rendered":"https:\/\/www.polideas.it\/?post_type=product&#038;p=10456"},"modified":"2025-02-18T10:39:23","modified_gmt":"2025-02-18T09:39:23","slug":"bouton-carre-antique-bouton-de-meuble-antique-a-effet-cuivre","status":"publish","type":"product","link":"http:\/\/www.polideas.it\/fr\/fr-2\/poignees-antiques-boutons\/bouton-carre-antique-bouton-de-meuble-antique-a-effet-cuivre\/","title":{"rendered":"Bouton carr\u00e9 ancien - Bouton de meuble ancien - Effet cuivre"},"content":{"rendered":"<p>Le <strong>Bouton carr\u00e9 antique<\/strong> by Polideas se caract\u00e9rise par un style minimal, mais extr\u00eamement raffin\u00e9.<\/p>\n<p>Con\u00e7ue pour personnaliser les meubles de la cuisine, de la chambre et du salon en leur donnant une touche r\u00e9tro, la collection <strong>Bouton carr\u00e9 antique <\/strong>est id\u00e9al pour unifier les pi\u00e8ces meubl\u00e9es dans un style classique, industriel ou campagnard.<\/p>\n<p>Disponible en version \u00e9l\u00e9gante <strong>effet bronze, effet cuivre et effet fer<\/strong>Le bouton Square assure une prise solide et s\u00fbre et, gr\u00e2ce \u00e0 une fabrication complexe et innovante qui combine les avantages esth\u00e9tiques du m\u00e9tal vieilli avec la praticit\u00e9 et l'ergonomie des mat\u00e9riaux plastiques de qualit\u00e9, il obtient un effet d'antiquit\u00e9 unique.<\/p>\n<p>Avec une largeur de 35 mm et une hauteur de 30, il est id\u00e9al pour les meubles de petite et moyenne taille qui ont besoin d'une touche de classe.<\/p>\n<p><strong>\u00a0<\/strong><\/p>","protected":false},"excerpt":{"rendered":"<p>Il pomello anticato Square di Polideas si caratterizza per uno stile minimal, ma estremamente raffinato. Pensato per personalizzare i mobili di cucina, camere da letto e living dal sapore retr\u00f2, il pomello anticato Square \u00e8 l\u2019ideale per uniformare gli ambienti arredati in stile classico, industrial o country. Disponibile nelle eleganti versioni ad effetto bronzo, effetto [&#8230;]\n","protected":false},"featured_media":15796,"comment_status":"closed","ping_status":"closed","template":"","meta":{"_acf_changed":false},"product_brand":[],"product_cat":[72],"product_tag":[3136,3137,3131,3105,3138,3139,3107,3140,3141,3142,3143,3112,3113,3114,3121,3115,3116,3117,3118],"class_list":{"0":"post-10456","1":"product","2":"type-product","3":"status-publish","4":"has-post-thumbnail","6":"product_cat-maniglie-pomoli-anticati","7":"product_tag-pomello-anticato","8":"product_tag-pomello-antico","9":"product_tag-pomello-cassetto","10":"product_tag-pomello-design","11":"product_tag-pomello-effetto-anticato","12":"product_tag-pomello-effetto-antico","13":"product_tag-pomello-mobile","14":"product_tag-pomello-per-mobile-antico","15":"product_tag-pomello-per-restaurazione-mobili","16":"product_tag-pomello-restauro-mobili","17":"product_tag-pomello-rustico","18":"product_tag-pomolo","19":"product_tag-pomolo-al-miglior-prezzo","20":"product_tag-pomolo-anta-mobile","21":"product_tag-pomolo-armadio","22":"product_tag-pomolo-cassettiera","23":"product_tag-pomolo-cassetto","24":"product_tag-pomolo-mobile","25":"product_tag-pomolo-mobile-arredamento","27":"first","28":"instock","29":"taxable","30":"shipping-taxable","31":"purchasable","32":"product-type-simple"},"acf":[],"_links":{"self":[{"href":"http:\/\/www.polideas.it\/fr\/wp-json\/wp\/v2\/product\/10456","targetHints":{"allow":["GET"]}}],"collection":[{"href":"http:\/\/www.polideas.it\/fr\/wp-json\/wp\/v2\/product"}],"about":[{"href":"http:\/\/www.polideas.it\/fr\/wp-json\/wp\/v2\/types\/product"}],"replies":[{"embeddable":true,"href":"http:\/\/www.polideas.it\/fr\/wp-json\/wp\/v2\/comments?post=10456"}],"wp:featuredmedia":[{"embeddable":true,"href":"http:\/\/www.polideas.it\/fr\/wp-json\/wp\/v2\/media\/15796"}],"wp:attachment":[{"href":"http:\/\/www.polideas.it\/fr\/wp-json\/wp\/v2\/media?parent=10456"}],"wp:term":[{"taxonomy":"product_brand","embeddable":true,"href":"http:\/\/www.polideas.it\/fr\/wp-json\/wp\/v2\/product_brand?post=10456"},{"taxonomy":"product_cat","embeddable":true,"href":"http:\/\/www.polideas.it\/fr\/wp-json\/wp\/v2\/product_cat?post=10456"},{"taxonomy":"product_tag","embeddable":true,"href":"http:\/\/www.polideas.it\/fr\/wp-json\/wp\/v2\/product_tag?post=10456"}],"curies":[{"name":"wp","href":"https:\/\/api.w.org\/{rel}","templated":true}]}}