{"id":10464,"date":"2022-02-28T21:57:06","date_gmt":"2022-02-28T20:57:06","guid":{"rendered":"https:\/\/www.polideas.it\/?post_type=product&#038;p=10464"},"modified":"2025-01-30T14:30:04","modified_gmt":"2025-01-30T13:30:04","slug":"anneau-pour-bouton-de-meuble-de-salle-de-bain","status":"publish","type":"product","link":"http:\/\/www.polideas.it\/fr\/fr-2\/poignees-boutons-de-salle-de-bain\/anneau-pour-bouton-de-meuble-de-salle-de-bain\/","title":{"rendered":"Bouton de salle de bain \u00e0 anneau - Bouton de meuble de salle de bain"},"content":{"rendered":"<p>Ronde, raffin\u00e9e et essentielle : c'est la <strong>Bouton de salle de bains en anneau par Polideas<\/strong>.<\/p>\n<p>Le <strong>anneau \u00e0 bouton<\/strong> est le choix id\u00e9al pour tous ceux qui recherchent un accessoire de salle de bains pour personnaliser leur mobilier en toute s\u00e9curit\u00e9, avec style et simplicit\u00e9.<\/p>\n<p>Disponible en <strong>finition laqu\u00e9e blanche et anneau chrom\u00e9 poli<\/strong>Il a un diam\u00e8tre de 35 mm et, gr\u00e2ce \u00e0 ses caract\u00e9ristiques, il convient parfaitement non seulement pour personnaliser les meubles de salle de bains les plus modernes, mais aussi pour suspendre des serviettes, des accessoires et des peignoirs.<\/p>\n<p>Le <strong>anneau \u00e0 bouton<\/strong> est le r\u00e9sultat d'une recherche continue combin\u00e9e \u00e0 l'attention typique des productions Made in Italy et est r\u00e9alis\u00e9e avec des mat\u00e9riaux de la plus haute qualit\u00e9 pour garantir une s\u00e9curit\u00e9 maximale \u00e0 tout moment, m\u00eame avec les mains mouill\u00e9es, sans laisser d'aur\u00e9oles.<\/p>","protected":false},"excerpt":{"rendered":"<p>Rotondo, raffinato ed essenziale: ecco il pomello bagno Ring di Polideas. Il pomello Ring \u00e8 la scelta perfetta di chi cerca un complemento da bagno per personalizzare in tutta sicurezza i mobili con stile e semplicit\u00e0. Disponibile nelle finiture laccato bianco e con l\u2019anello cromato lucido, ha un diametro di 35 mm e, per le [&#8230;]\n","protected":false},"featured_media":3265,"comment_status":"closed","ping_status":"closed","template":"","meta":{"_acf_changed":false},"product_brand":[],"product_cat":[62],"product_tag":[3129,3130,3131,3132,3105,3107,3133,3112,3113,3114,3121,3115,3116,3117,3118],"class_list":{"0":"post-10464","1":"product","2":"type-product","3":"status-publish","4":"has-post-thumbnail","6":"product_cat-maniglie-pomelli-bagno","7":"product_tag-pomello-anta-bagno","8":"product_tag-pomello-bagno","9":"product_tag-pomello-cassetto","10":"product_tag-pomello-cassetto-bagno","11":"product_tag-pomello-design","12":"product_tag-pomello-mobile","13":"product_tag-pomello-per-mobile-bagno","14":"product_tag-pomolo","15":"product_tag-pomolo-al-miglior-prezzo","16":"product_tag-pomolo-anta-mobile","17":"product_tag-pomolo-armadio","18":"product_tag-pomolo-cassettiera","19":"product_tag-pomolo-cassetto","20":"product_tag-pomolo-mobile","21":"product_tag-pomolo-mobile-arredamento","23":"first","24":"instock","25":"taxable","26":"shipping-taxable","27":"purchasable","28":"product-type-simple"},"acf":[],"_links":{"self":[{"href":"http:\/\/www.polideas.it\/fr\/wp-json\/wp\/v2\/product\/10464","targetHints":{"allow":["GET"]}}],"collection":[{"href":"http:\/\/www.polideas.it\/fr\/wp-json\/wp\/v2\/product"}],"about":[{"href":"http:\/\/www.polideas.it\/fr\/wp-json\/wp\/v2\/types\/product"}],"replies":[{"embeddable":true,"href":"http:\/\/www.polideas.it\/fr\/wp-json\/wp\/v2\/comments?post=10464"}],"wp:featuredmedia":[{"embeddable":true,"href":"http:\/\/www.polideas.it\/fr\/wp-json\/wp\/v2\/media\/3265"}],"wp:attachment":[{"href":"http:\/\/www.polideas.it\/fr\/wp-json\/wp\/v2\/media?parent=10464"}],"wp:term":[{"taxonomy":"product_brand","embeddable":true,"href":"http:\/\/www.polideas.it\/fr\/wp-json\/wp\/v2\/product_brand?post=10464"},{"taxonomy":"product_cat","embeddable":true,"href":"http:\/\/www.polideas.it\/fr\/wp-json\/wp\/v2\/product_cat?post=10464"},{"taxonomy":"product_tag","embeddable":true,"href":"http:\/\/www.polideas.it\/fr\/wp-json\/wp\/v2\/product_tag?post=10464"}],"curies":[{"name":"wp","href":"https:\/\/api.w.org\/{rel}","templated":true}]}}