{"id":10480,"date":"2022-02-28T21:57:30","date_gmt":"2022-02-28T20:57:30","guid":{"rendered":"https:\/\/www.polideas.it\/?post_type=product&#038;p=10480"},"modified":"2025-02-03T15:30:13","modified_gmt":"2025-02-03T14:30:13","slug":"poignee-de-grand-pont-antiquite-poignee-de-meuble-effet-cuivre","status":"publish","type":"product","link":"http:\/\/www.polideas.it\/fr\/fr-2\/poignees-antiques-boutons\/poignee-de-grand-pont-antiquite-poignee-de-meuble-effet-cuivre\/","title":{"rendered":"Big Bridge Antique Handle - Antique Mobile Handle - Copper Effect"},"content":{"rendered":"<p>La poign\u00e9e ressemble \u00e0 un bijou d'une autre \u00e9poque<strong> Big Bridge antiquit\u00e9 <\/strong>de Polideas.<\/p>\n<p>Con\u00e7ue pour personnaliser les meubles de cuisine, de chambre et de salon en leur donnant une touche r\u00e9tro, la poign\u00e9e<strong> Big Bridge antiquit\u00e9 <\/strong>est id\u00e9al pour unifier les pi\u00e8ces meubl\u00e9es dans un style classique, industriel ou campagnard.<\/p>\n<p>Disponible en version \u00e9l\u00e9gante <strong>effet bronze, effet cuivre et effet fer<\/strong>La poign\u00e9e Big Bridge assure une prise en main solide et s\u00fbre et, gr\u00e2ce \u00e0 une technique de traitement innovante et complexe qui associe les qualit\u00e9s esth\u00e9tiques du m\u00e9tal vieilli \u00e0 la praticit\u00e9 et \u00e0 l'ergonomie des mat\u00e9riaux plastiques de qualit\u00e9, elle permet d'obtenir un effet d'antiquit\u00e9 unique.<\/p>\n<p>Avec une largeur de pas moins de 160 mm et une hauteur de 21 mm, il est id\u00e9al pour embellir les meubles de taille moyenne \u00e0 grande et leur donner une touche de classicisme intemporel.<\/p>","protected":false},"excerpt":{"rendered":"<p>Sembra un gioiello d\u2019altri tempi la maniglia anticata Big Bridge di Polideas. Pensata per personalizzare i mobili di cucina, camere da letto e living dal sapore retr\u00f2, la maniglia anticata Big Bridge \u00e8 l\u2019ideale per uniformare gli ambienti arredati in stile classico, industrial o country. Disponibile nelle eleganti versioni ad effetto bronzo, effetto rame ed [&#8230;]\n","protected":false},"featured_media":10886,"comment_status":"closed","ping_status":"closed","template":"","meta":{"_acf_changed":false},"product_brand":[],"product_cat":[72],"product_tag":[3149,3151,3180,3181,3152,3153,3156,3182,3183,3193,3100,3159,3196,3160,3184,3185,3186,3187],"class_list":{"0":"post-10480","1":"product","2":"type-product","3":"status-publish","4":"has-post-thumbnail","6":"product_cat-maniglie-pomoli-anticati","7":"product_tag-maniglia","8":"product_tag-maniglia-anta-mobile","9":"product_tag-maniglia-antica","10":"product_tag-maniglia-anticata","11":"product_tag-maniglia-cassettiera","12":"product_tag-maniglia-cassetto","13":"product_tag-maniglia-design","14":"product_tag-maniglia-effetto-anticato","15":"product_tag-maniglia-effetto-antico","16":"product_tag-maniglia-interasse-96mm","17":"product_tag-maniglia-mobile","18":"product_tag-maniglia-mobile-al-miglior-prezzo","19":"product_tag-maniglia-mobile-anticata-effetto-rame","20":"product_tag-maniglia-mobile-arredamento","21":"product_tag-maniglia-per-mobile-antico","22":"product_tag-maniglia-restauro-mobili","23":"product_tag-maniglia-rustico","24":"product_tag-maniglie-per-restaurazione-mobili","26":"first","27":"instock","28":"taxable","29":"shipping-taxable","30":"purchasable","31":"product-type-simple"},"acf":[],"_links":{"self":[{"href":"http:\/\/www.polideas.it\/fr\/wp-json\/wp\/v2\/product\/10480","targetHints":{"allow":["GET"]}}],"collection":[{"href":"http:\/\/www.polideas.it\/fr\/wp-json\/wp\/v2\/product"}],"about":[{"href":"http:\/\/www.polideas.it\/fr\/wp-json\/wp\/v2\/types\/product"}],"replies":[{"embeddable":true,"href":"http:\/\/www.polideas.it\/fr\/wp-json\/wp\/v2\/comments?post=10480"}],"wp:featuredmedia":[{"embeddable":true,"href":"http:\/\/www.polideas.it\/fr\/wp-json\/wp\/v2\/media\/10886"}],"wp:attachment":[{"href":"http:\/\/www.polideas.it\/fr\/wp-json\/wp\/v2\/media?parent=10480"}],"wp:term":[{"taxonomy":"product_brand","embeddable":true,"href":"http:\/\/www.polideas.it\/fr\/wp-json\/wp\/v2\/product_brand?post=10480"},{"taxonomy":"product_cat","embeddable":true,"href":"http:\/\/www.polideas.it\/fr\/wp-json\/wp\/v2\/product_cat?post=10480"},{"taxonomy":"product_tag","embeddable":true,"href":"http:\/\/www.polideas.it\/fr\/wp-json\/wp\/v2\/product_tag?post=10480"}],"curies":[{"name":"wp","href":"https:\/\/api.w.org\/{rel}","templated":true}]}}