{"id":10489,"date":"2022-02-28T21:57:31","date_gmt":"2022-02-28T20:57:31","guid":{"rendered":"https:\/\/www.polideas.it\/?post_type=product&#038;p=10489"},"modified":"2025-07-14T11:21:48","modified_gmt":"2025-07-14T09:21:48","slug":"poignee-de-prehension-conception-mobile","status":"publish","type":"product","link":"http:\/\/www.polideas.it\/fr\/fr-2\/poignees-de-salon\/poignee-de-prehension-conception-mobile\/","title":{"rendered":"Poign\u00e9e - Poign\u00e9e mobile"},"content":{"rendered":"<p>La <strong>poign\u00e9e<\/strong> <strong>Poign\u00e9e<\/strong> <strong>de Polideas<\/strong> se caract\u00e9rise par un design sinueux et essentiel.<\/p>\n<p>Avec sa ligne courbe et arrondie, Grip est la poign\u00e9e id\u00e9ale pour r\u00e9nover le mobilier du salon et de la chambre \u00e0 coucher, unifier la pi\u00e8ce et donner une touche de style suppl\u00e9mentaire \u00e0 n'importe quel d\u00e9cor.<\/p>\n<p>Disponible dans l'\u00e9l\u00e9gante <strong>finition effet aluminium<\/strong>D'une largeur de 105 mm et d'une hauteur de 37 mm, il est le compl\u00e9ment id\u00e9al pour ceux qui souhaitent allier style et praticit\u00e9.<\/p>\n<p>La <strong>Poign\u00e9e de pr\u00e9hension <\/strong>est le r\u00e9sultat d'une recherche continue combin\u00e9e \u00e0 l'attention typique des productions Made in Italy et est fabriqu\u00e9 avec des mat\u00e9riaux de premi\u00e8re qualit\u00e9 pour garantir une s\u00e9curit\u00e9 maximale \u00e0 tout moment.<\/p>","protected":false},"excerpt":{"rendered":"<p>La maniglia Grip di Polideas si caratterizza per il design sinuoso ed essenziale. Dalla linea curva e tondeggiante, Grip \u00e8 la maniglia perfetta per rinnovare i mobili del living e della camera da letto uniformando gli ambienti e regalando quel tocco di stile in pi\u00f9 ad ogni arredo. Disponibile nell\u2019elegante finitura ad effetto alluminio, ha [&#8230;]\n","protected":false},"featured_media":13692,"comment_status":"closed","ping_status":"closed","template":"","meta":{"_acf_changed":false},"product_brand":[],"product_cat":[47],"product_tag":[3149,3200,3151,3173,3174,3209,3205,3152,3153,3175,3156,3210,3193,3100,3159,3160,3211,3177,3178,3179],"class_list":{"0":"post-10489","1":"product","2":"type-product","3":"status-publish","4":"has-post-thumbnail","6":"product_cat-maniglie-pomelli-camera-soggiorno","7":"product_tag-maniglia","8":"product_tag-maniglia-anta","9":"product_tag-maniglia-anta-mobile","10":"product_tag-maniglia-anta-mobile-soggiorno","11":"product_tag-maniglia-anta-soggiorno","12":"product_tag-maniglia-arredo","13":"product_tag-maniglia-camera","14":"product_tag-maniglia-cassettiera","15":"product_tag-maniglia-cassetto","16":"product_tag-maniglia-cassetto-soggiorno","17":"product_tag-maniglia-design","18":"product_tag-maniglia-effetto-alluminio","19":"product_tag-maniglia-interasse-96mm","20":"product_tag-maniglia-mobile","21":"product_tag-maniglia-mobile-al-miglior-prezzo","22":"product_tag-maniglia-mobile-arredamento","23":"product_tag-maniglia-mobile-camera","24":"product_tag-maniglia-mobile-soggiorno","25":"product_tag-maniglia-per-mobile-soggiorno","26":"product_tag-maniglia-soggiorno","28":"first","29":"instock","30":"taxable","31":"shipping-taxable","32":"purchasable","33":"product-type-simple"},"acf":[],"_links":{"self":[{"href":"http:\/\/www.polideas.it\/fr\/wp-json\/wp\/v2\/product\/10489","targetHints":{"allow":["GET"]}}],"collection":[{"href":"http:\/\/www.polideas.it\/fr\/wp-json\/wp\/v2\/product"}],"about":[{"href":"http:\/\/www.polideas.it\/fr\/wp-json\/wp\/v2\/types\/product"}],"replies":[{"embeddable":true,"href":"http:\/\/www.polideas.it\/fr\/wp-json\/wp\/v2\/comments?post=10489"}],"wp:featuredmedia":[{"embeddable":true,"href":"http:\/\/www.polideas.it\/fr\/wp-json\/wp\/v2\/media\/13692"}],"wp:attachment":[{"href":"http:\/\/www.polideas.it\/fr\/wp-json\/wp\/v2\/media?parent=10489"}],"wp:term":[{"taxonomy":"product_brand","embeddable":true,"href":"http:\/\/www.polideas.it\/fr\/wp-json\/wp\/v2\/product_brand?post=10489"},{"taxonomy":"product_cat","embeddable":true,"href":"http:\/\/www.polideas.it\/fr\/wp-json\/wp\/v2\/product_cat?post=10489"},{"taxonomy":"product_tag","embeddable":true,"href":"http:\/\/www.polideas.it\/fr\/wp-json\/wp\/v2\/product_tag?post=10489"}],"curies":[{"name":"wp","href":"https:\/\/api.w.org\/{rel}","templated":true}]}}