{"id":10490,"date":"2022-02-28T21:57:31","date_gmt":"2022-02-28T20:57:31","guid":{"rendered":"https:\/\/www.polideas.it\/?post_type=product&#038;p=10490"},"modified":"2025-02-03T15:24:31","modified_gmt":"2025-02-03T14:24:31","slug":"poignee-antique-poignee-mobile-a-effet-de-fer-antique","status":"publish","type":"product","link":"http:\/\/www.polideas.it\/fr\/fr-2\/poignees-antiques-boutons\/poignee-antique-poignee-mobile-a-effet-de-fer-antique\/","title":{"rendered":"Poign\u00e9e Antique Grip - Poign\u00e9e Mobile Antique - Effet Fer"},"content":{"rendered":"<p>Sinueuse et essentielle : c'est l'identit\u00e9 de la poign\u00e9e.<strong> Poign\u00e9e antiqu\u00e9e <\/strong>de Polideas.<\/p>\n<p>Con\u00e7ue pour personnaliser les meubles de cuisine, de chambre et de salon en leur donnant une touche r\u00e9tro, la poign\u00e9e<strong> Poign\u00e9e antiqu\u00e9e <\/strong>est id\u00e9al pour unifier les pi\u00e8ces meubl\u00e9es dans un style classique, industriel ou campagnard.<\/p>\n<p>Disponible en version \u00e9l\u00e9gante <strong>effet bronze, effet cuivre et effet fer<\/strong>la poign\u00e9e Grip assure une prise en main solide et s\u00fbre et, gr\u00e2ce \u00e0 une fabrication complexe et innovante qui allie les qualit\u00e9s esth\u00e9tiques du m\u00e9tal vieilli \u00e0 la praticit\u00e9 et \u00e0 l'ergonomie de mat\u00e9riaux plastiques de qualit\u00e9, elle permet d'obtenir un effet antique unique.<\/p>\n<p>D'une largeur de 105 mm et d'une hauteur de 37 mm, il est id\u00e9al pour relooker les meubles habituels et leur donner imm\u00e9diatement un nouvel \u00e9clairage.<\/p>","protected":false},"excerpt":{"rendered":"<p>Sinuosa ed essenziale: ecco l\u2019identikit della maniglia anticata Grip di Polideas. Pensata per personalizzare i mobili di cucina, camere da letto e living dal sapore retr\u00f2, la maniglia anticata Grip \u00e8 l\u2019ideale per uniformare gli ambienti arredati in stile classico, industrial o country. Disponibile nelle eleganti versioni ad effetto bronzo, effetto rame ed effetto ferro, [&#8230;]\n","protected":false},"featured_media":11213,"comment_status":"closed","ping_status":"closed","template":"","meta":{"_acf_changed":false},"product_brand":[],"product_cat":[72],"product_tag":[3149,3151,3180,3181,3152,3153,3156,3182,3183,3193,3100,3159,3160,3184,3185,3186,3187],"class_list":{"0":"post-10490","1":"product","2":"type-product","3":"status-publish","4":"has-post-thumbnail","6":"product_cat-maniglie-pomoli-anticati","7":"product_tag-maniglia","8":"product_tag-maniglia-anta-mobile","9":"product_tag-maniglia-antica","10":"product_tag-maniglia-anticata","11":"product_tag-maniglia-cassettiera","12":"product_tag-maniglia-cassetto","13":"product_tag-maniglia-design","14":"product_tag-maniglia-effetto-anticato","15":"product_tag-maniglia-effetto-antico","16":"product_tag-maniglia-interasse-96mm","17":"product_tag-maniglia-mobile","18":"product_tag-maniglia-mobile-al-miglior-prezzo","19":"product_tag-maniglia-mobile-arredamento","20":"product_tag-maniglia-per-mobile-antico","21":"product_tag-maniglia-restauro-mobili","22":"product_tag-maniglia-rustico","23":"product_tag-maniglie-per-restaurazione-mobili","25":"first","26":"instock","27":"taxable","28":"shipping-taxable","29":"purchasable","30":"product-type-simple"},"acf":[],"_links":{"self":[{"href":"http:\/\/www.polideas.it\/fr\/wp-json\/wp\/v2\/product\/10490","targetHints":{"allow":["GET"]}}],"collection":[{"href":"http:\/\/www.polideas.it\/fr\/wp-json\/wp\/v2\/product"}],"about":[{"href":"http:\/\/www.polideas.it\/fr\/wp-json\/wp\/v2\/types\/product"}],"replies":[{"embeddable":true,"href":"http:\/\/www.polideas.it\/fr\/wp-json\/wp\/v2\/comments?post=10490"}],"wp:featuredmedia":[{"embeddable":true,"href":"http:\/\/www.polideas.it\/fr\/wp-json\/wp\/v2\/media\/11213"}],"wp:attachment":[{"href":"http:\/\/www.polideas.it\/fr\/wp-json\/wp\/v2\/media?parent=10490"}],"wp:term":[{"taxonomy":"product_brand","embeddable":true,"href":"http:\/\/www.polideas.it\/fr\/wp-json\/wp\/v2\/product_brand?post=10490"},{"taxonomy":"product_cat","embeddable":true,"href":"http:\/\/www.polideas.it\/fr\/wp-json\/wp\/v2\/product_cat?post=10490"},{"taxonomy":"product_tag","embeddable":true,"href":"http:\/\/www.polideas.it\/fr\/wp-json\/wp\/v2\/product_tag?post=10490"}],"curies":[{"name":"wp","href":"https:\/\/api.w.org\/{rel}","templated":true}]}}