{"id":10499,"date":"2022-02-28T21:57:54","date_gmt":"2022-02-28T20:57:54","guid":{"rendered":"https:\/\/www.polideas.it\/?post_type=product&#038;p=10499"},"modified":"2026-03-03T16:16:06","modified_gmt":"2026-03-03T15:16:06","slug":"poignee-geo-poignee-mobile-design-effet-mat-satine-avec-inserts-effet-aluminium","status":"publish","type":"product","link":"http:\/\/www.polideas.it\/fr\/fr-2\/poignees-de-salon\/poignee-geo-poignee-mobile-design-effet-mat-satine-avec-inserts-effet-aluminium\/","title":{"rendered":"Geo Handle - Mobile Design Handle - Satin opal effect with aluminium effect inserts"},"content":{"rendered":"<p>La <strong>Poign\u00e9e g\u00e9o de Polideas<\/strong> se distingue par son design essentiel et extr\u00eamement chic.<\/p>\n<p>Gr\u00e2ce \u00e0 sa composition sp\u00e9ciale, Geo est un compl\u00e9ment l\u00e9ger et a\u00e9rien, parfait pour compl\u00e9ter le mobilier du salon, de la chambre ou de la salle de s\u00e9jour en \u00e9gayant la pi\u00e8ce.<\/p>\n<p>Disponible dans le <strong>version transparente avec inserts en chrome poli et en effet satin\u00e9 opale avec inserts en effet aluminium<\/strong>D'une largeur de 183 mm et d'une hauteur de 25 mm, il est id\u00e9al pour ceux qui recherchent des solutions de design sophistiqu\u00e9es et essentielles pour unifier les pi\u00e8ces.<\/p>\n<p>La <strong>poign\u00e9e Geo <\/strong>est le r\u00e9sultat d'une recherche continue combin\u00e9e \u00e0 l'attention typique des productions Made in Italy et est fabriqu\u00e9 avec des mat\u00e9riaux de premi\u00e8re qualit\u00e9 pour garantir une s\u00e9curit\u00e9 maximale \u00e0 tout moment.<\/p>","protected":false},"excerpt":{"rendered":"<p>La maniglia Geo di Polideas spicca per il suo design essenziale ed estremamente chic. Grazie alla particolare composizione, Geo \u00e8 un complemento leggero e arioso, perfetto per completare i mobili del living, della camera da letto o del salotto donando luminosit\u00e0 agli ambienti. Disponibile nella versione trasparente con inserti cromati lucidi e nell\u2019effetto satinato opalino [&#8230;]\n","protected":false},"featured_media":15816,"comment_status":"closed","ping_status":"closed","template":"","meta":{"_acf_changed":false},"product_brand":[],"product_cat":[47],"product_tag":[3149,3151,3173,3174,3209,3205,3152,3153,3175,3156,3158,3100,3159,3160,3211,3177,3178,3179,3164],"class_list":{"0":"post-10499","1":"product","2":"type-product","3":"status-publish","4":"has-post-thumbnail","6":"product_cat-maniglie-pomelli-camera-soggiorno","7":"product_tag-maniglia","8":"product_tag-maniglia-anta-mobile","9":"product_tag-maniglia-anta-mobile-soggiorno","10":"product_tag-maniglia-anta-soggiorno","11":"product_tag-maniglia-arredo","12":"product_tag-maniglia-camera","13":"product_tag-maniglia-cassettiera","14":"product_tag-maniglia-cassetto","15":"product_tag-maniglia-cassetto-soggiorno","16":"product_tag-maniglia-design","17":"product_tag-maniglia-interasse-160mm","18":"product_tag-maniglia-mobile","19":"product_tag-maniglia-mobile-al-miglior-prezzo","20":"product_tag-maniglia-mobile-arredamento","21":"product_tag-maniglia-mobile-camera","22":"product_tag-maniglia-mobile-soggiorno","23":"product_tag-maniglia-per-mobile-soggiorno","24":"product_tag-maniglia-soggiorno","25":"product_tag-maniglie-trasparenti-per-mobili","27":"first","28":"instock","29":"taxable","30":"shipping-taxable","31":"purchasable","32":"product-type-simple"},"acf":[],"_links":{"self":[{"href":"http:\/\/www.polideas.it\/fr\/wp-json\/wp\/v2\/product\/10499","targetHints":{"allow":["GET"]}}],"collection":[{"href":"http:\/\/www.polideas.it\/fr\/wp-json\/wp\/v2\/product"}],"about":[{"href":"http:\/\/www.polideas.it\/fr\/wp-json\/wp\/v2\/types\/product"}],"replies":[{"embeddable":true,"href":"http:\/\/www.polideas.it\/fr\/wp-json\/wp\/v2\/comments?post=10499"}],"wp:featuredmedia":[{"embeddable":true,"href":"http:\/\/www.polideas.it\/fr\/wp-json\/wp\/v2\/media\/15816"}],"wp:attachment":[{"href":"http:\/\/www.polideas.it\/fr\/wp-json\/wp\/v2\/media?parent=10499"}],"wp:term":[{"taxonomy":"product_brand","embeddable":true,"href":"http:\/\/www.polideas.it\/fr\/wp-json\/wp\/v2\/product_brand?post=10499"},{"taxonomy":"product_cat","embeddable":true,"href":"http:\/\/www.polideas.it\/fr\/wp-json\/wp\/v2\/product_cat?post=10499"},{"taxonomy":"product_tag","embeddable":true,"href":"http:\/\/www.polideas.it\/fr\/wp-json\/wp\/v2\/product_tag?post=10499"}],"curies":[{"name":"wp","href":"https:\/\/api.w.org\/{rel}","templated":true}]}}