{"id":10506,"date":"2022-02-28T21:57:54","date_gmt":"2022-02-28T20:57:54","guid":{"rendered":"https:\/\/www.polideas.it\/?post_type=product&#038;p=10506"},"modified":"2025-02-04T18:05:28","modified_gmt":"2025-02-04T17:05:28","slug":"chambre-denfant-sticker-decoration-ours","status":"publish","type":"product","link":"http:\/\/www.polideas.it\/fr\/fr-2\/boutons-et-poignees-pour-enfants-2\/chambre-denfant-sticker-decoration-ours\/","title":{"rendered":"D\u00e9coration autocollante b\u00e9b\u00e9 ours - D\u00e9coration de chambre d'enfant"},"content":{"rendered":"<p>Les murs de la chambre de vos enfants vous semblent un peu d\u00e9pouill\u00e9s et vous aimeriez peut-\u00eatre les rendre plus gais et plus color\u00e9s ? Ou peut-\u00eatre souhaitez-vous donner \u00e0 vos enfants une touche de gaiet\u00e9 et de couleur ? <strong>une touche de nouveaut\u00e9<\/strong> m\u00eame \u00e0 des meubles classiques ?<\/p>\n<p>Le <strong>autocollant enfant d\u00e9coration Ours<\/strong> est exactement ce qu'il vous faut : il s'agit d'une d\u00e9coration adh\u00e9sive en forme d'ourson qui se fixe sur les murs, mais aussi sur les meubles, pour apporter une touche suppl\u00e9mentaire de gaiet\u00e9 et de tendresse.<\/p>\n<p><strong>Ours adh\u00e9sif Polideas<\/strong>de couleur brune traditionnelle avec des bordures bleues, a un visage doux et amical que vos enfants adoreront.<\/p>\n<p>Fabriqu\u00e9 en totale conformit\u00e9 avec le r\u00e8glement europ\u00e9en REACH, <strong>autocollant enfant d\u00e9coration Ours<\/strong> est d\u00e9pourvu d'ar\u00eates vives et garantit une s\u00e9curit\u00e9 maximale dans toutes les situations.<\/p>","protected":false},"excerpt":{"rendered":"<p>Le pareti della cameretta dei vostri bambini vi sembrano un po\u2019 spoglie e magari desiderate renderle pi\u00f9 allegre e colorate? O magari volete dare un tocco di novit\u00e0 anche ai classici mobili? Il decoro adesivo bimbi Bear \u00e8 proprio quello che fa per voi: si tratta di un decoro adesivo a forma di tenero orsetto [&#8230;]\n","protected":false},"featured_media":11427,"comment_status":"closed","ping_status":"closed","template":"","meta":{"_acf_changed":false},"product_brand":[],"product_cat":[24],"product_tag":[3213,3214,3215,3216,3217,3218,3219,3119],"class_list":{"0":"post-10506","1":"product","2":"type-product","3":"status-publish","4":"has-post-thumbnail","6":"product_cat-maniglie-pomelli-bambini","7":"product_tag-adesivi-orsetti-cameretta-bimbi","8":"product_tag-adesivo-orsetto","9":"product_tag-decorazioni-camerette-neonati","10":"product_tag-decorazioni-mobili-bambini","11":"product_tag-decoro-cameretta","12":"product_tag-decoro-cassetto-bimbo","13":"product_tag-decoro-orso-stanza-bambini","14":"product_tag-pomelli-cameretta-bimba","16":"first","17":"instock","18":"taxable","19":"shipping-taxable","20":"purchasable","21":"product-type-simple"},"acf":[],"_links":{"self":[{"href":"http:\/\/www.polideas.it\/fr\/wp-json\/wp\/v2\/product\/10506","targetHints":{"allow":["GET"]}}],"collection":[{"href":"http:\/\/www.polideas.it\/fr\/wp-json\/wp\/v2\/product"}],"about":[{"href":"http:\/\/www.polideas.it\/fr\/wp-json\/wp\/v2\/types\/product"}],"replies":[{"embeddable":true,"href":"http:\/\/www.polideas.it\/fr\/wp-json\/wp\/v2\/comments?post=10506"}],"wp:featuredmedia":[{"embeddable":true,"href":"http:\/\/www.polideas.it\/fr\/wp-json\/wp\/v2\/media\/11427"}],"wp:attachment":[{"href":"http:\/\/www.polideas.it\/fr\/wp-json\/wp\/v2\/media?parent=10506"}],"wp:term":[{"taxonomy":"product_brand","embeddable":true,"href":"http:\/\/www.polideas.it\/fr\/wp-json\/wp\/v2\/product_brand?post=10506"},{"taxonomy":"product_cat","embeddable":true,"href":"http:\/\/www.polideas.it\/fr\/wp-json\/wp\/v2\/product_cat?post=10506"},{"taxonomy":"product_tag","embeddable":true,"href":"http:\/\/www.polideas.it\/fr\/wp-json\/wp\/v2\/product_tag?post=10506"}],"curies":[{"name":"wp","href":"https:\/\/api.w.org\/{rel}","templated":true}]}}