{"id":10508,"date":"2022-02-28T21:57:55","date_gmt":"2022-02-28T20:57:55","guid":{"rendered":"https:\/\/www.polideas.it\/?post_type=product&#038;p=10508"},"modified":"2025-01-28T15:28:14","modified_gmt":"2025-01-28T14:28:14","slug":"bouton-pour-armoire-design-23q-finition-argentee","status":"publish","type":"product","link":"http:\/\/www.polideas.it\/fr\/fr-2\/poignees-de-salon\/bouton-pour-armoire-design-23q-finition-argentee\/","title":{"rendered":"Bouton d'armoire Design 23q - Finition argent\u00e9e"},"content":{"rendered":"<p><strong>23Q Bouton d'effet argent\u00e9 de Polideas<\/strong>Le compl\u00e9ment parfait pour ceux qui recherchent un d\u00e9tail sophistiqu\u00e9 pour leur commode.<\/p>\n<p>D\u00e9di\u00e9 \u00e0 ceux qui souhaitent rendre leur salon ou leur chambre \u00e0 coucher unique et sp\u00e9cial, en leur donnant un aspect r\u00e9solument moderne,<strong>\u00a0<\/strong>est le bouton id\u00e9al pour ajouter une touche de modernit\u00e9 aux meubles.<\/p>\n<p>Il se marie parfaitement avec des meubles en bois fonc\u00e9, mais aussi avec des meubles modernes laqu\u00e9s auxquels on souhaite donner une touche de modernit\u00e9 tout \u00e0 fait inattendue.<\/p>","protected":false},"excerpt":{"rendered":"<p>Pomolo 23Q Effetto argento di Polideas, complemento perfetto di chi cerca il dettaglio ricercato per la tua cassettiera. Dedicato a chi desidera rendere unici e speciali i mobili del salotto o della camera da letto, conferendogli un aspetto decisamente moderno,\u00a0\u00e8 il pomolo ideale per dare un tocco di modernit\u00e0 ai mobili. Si sposa alla perfezione [&#8230;]\n","protected":false},"featured_media":8590,"comment_status":"closed","ping_status":"closed","template":"","meta":{"_acf_changed":false},"product_brand":[],"product_cat":[62,47],"product_tag":[3101,3221,3102,3103,3222,3223,3104,3105,3107,3108,3109,3111,3112,3224,3113,3225,3114,3121,3115,3116,3226,3227,3228,3117,3118],"class_list":{"0":"post-10508","1":"product","2":"type-product","3":"status-publish","4":"has-post-thumbnail","6":"product_cat-maniglie-pomelli-bagno","7":"product_cat-maniglie-pomelli-camera-soggiorno","8":"product_tag-pomello","9":"product_tag-pomello-23q","10":"product_tag-pomello-anta-mobile-soggiorno","11":"product_tag-pomello-anta-soggiorno","12":"product_tag-pomello-arredo","13":"product_tag-pomello-cassettiera","14":"product_tag-pomello-cassetto-soggiorno","15":"product_tag-pomello-design","16":"product_tag-pomello-mobile","17":"product_tag-pomello-mobile-soggiorno","18":"product_tag-pomello-per-mobile-soggiorno","19":"product_tag-pomello-soggiorno","20":"product_tag-pomolo","21":"product_tag-pomolo-23q-argento","22":"product_tag-pomolo-al-miglior-prezzo","23":"product_tag-pomolo-anta","24":"product_tag-pomolo-anta-mobile","25":"product_tag-pomolo-armadio","26":"product_tag-pomolo-cassettiera","27":"product_tag-pomolo-cassetto","28":"product_tag-pomolo-effetto-alluminio","29":"product_tag-pomolo-effetto-argento","30":"product_tag-pomolo-estetico","31":"product_tag-pomolo-mobile","32":"product_tag-pomolo-mobile-arredamento","34":"first","35":"instock","36":"taxable","37":"shipping-taxable","38":"purchasable","39":"product-type-simple"},"acf":[],"_links":{"self":[{"href":"http:\/\/www.polideas.it\/fr\/wp-json\/wp\/v2\/product\/10508","targetHints":{"allow":["GET"]}}],"collection":[{"href":"http:\/\/www.polideas.it\/fr\/wp-json\/wp\/v2\/product"}],"about":[{"href":"http:\/\/www.polideas.it\/fr\/wp-json\/wp\/v2\/types\/product"}],"replies":[{"embeddable":true,"href":"http:\/\/www.polideas.it\/fr\/wp-json\/wp\/v2\/comments?post=10508"}],"wp:featuredmedia":[{"embeddable":true,"href":"http:\/\/www.polideas.it\/fr\/wp-json\/wp\/v2\/media\/8590"}],"wp:attachment":[{"href":"http:\/\/www.polideas.it\/fr\/wp-json\/wp\/v2\/media?parent=10508"}],"wp:term":[{"taxonomy":"product_brand","embeddable":true,"href":"http:\/\/www.polideas.it\/fr\/wp-json\/wp\/v2\/product_brand?post=10508"},{"taxonomy":"product_cat","embeddable":true,"href":"http:\/\/www.polideas.it\/fr\/wp-json\/wp\/v2\/product_cat?post=10508"},{"taxonomy":"product_tag","embeddable":true,"href":"http:\/\/www.polideas.it\/fr\/wp-json\/wp\/v2\/product_tag?post=10508"}],"curies":[{"name":"wp","href":"https:\/\/api.w.org\/{rel}","templated":true}]}}