{"id":10523,"date":"2022-02-28T21:58:18","date_gmt":"2022-02-28T20:58:18","guid":{"rendered":"https:\/\/www.polideas.it\/?post_type=product&#038;p=10523"},"modified":"2025-07-01T16:50:06","modified_gmt":"2025-07-01T14:50:06","slug":"cook-big-poignee-de-meuble-de-cuisine-laque-blanc","status":"publish","type":"product","link":"http:\/\/www.polideas.it\/fr\/fr-2\/boutons-de-cuisine-poignees\/cook-big-poignee-de-meuble-de-cuisine-laque-blanc\/","title":{"rendered":"Poign\u00e9e de cuisine Cook Big - Poign\u00e9e d'armoire de cuisine - Blanc laqu\u00e9"},"content":{"rendered":"<p>Minimal, carr\u00e9, mais \u00e9tonnamment pratique \u00e0 tenir, <strong>la poign\u00e9e de cuisine Cook Big de Polideas<\/strong> est la solution id\u00e9ale pour compl\u00e9ter les meubles de cuisine de mani\u00e8re simple et \u00e9l\u00e9gante.<\/p>\n<p>Robuste et s\u00fbr, le <strong>poign\u00e9e Cook Big<\/strong> est le compl\u00e9ment parfait des cuisines modernes, mais trouve \u00e9galement une nouvelle application dans les cuisines plus traditionnelles gr\u00e2ce \u00e0 son style intemporel.<\/p>\n<p><strong>Disponible en chrome poli, effet aluminium, laqu\u00e9 blanc et laqu\u00e9 noir, <\/strong>se marie parfaitement avec des meubles lin\u00e9aires aux surfaces modernes et impeccables, comme elle.<\/p>\n<p>197 mm de long et 26 mm de haut, <strong>la poign\u00e9e Cook Big<\/strong> est extr\u00eamement confortable \u00e0 utiliser gr\u00e2ce \u00e0 sa longueur suppl\u00e9mentaire et se nettoie facilement tout en restant brillant.<\/p>","protected":false},"excerpt":{"rendered":"<p>Minimal, squadrata ma sorprendentemente pratica da impugnare, la maniglia cucina Cook Big di Polideas \u00e8 la soluzione ideale per completare in modo semplice ed elegante i mobili della cucina. Robusta e sicura, la maniglia Cook Big \u00e8 il complemento perfetto delle cucine moderne, ma trova un\u2019inedita applicazione anche nelle cucine pi\u00f9 tradizionali grazie al suo [&#8230;]\n","protected":false},"featured_media":15817,"comment_status":"closed","ping_status":"closed","template":"","meta":{"_acf_changed":false},"product_brand":[],"product_cat":[37],"product_tag":[3149,3150,3151,3152,3153,3154,3155,3156,3158,3100,3159,3160,3161],"class_list":{"0":"post-10523","1":"product","2":"type-product","3":"status-publish","4":"has-post-thumbnail","6":"product_cat-maniglie-pomelli-cucina","7":"product_tag-maniglia","8":"product_tag-maniglia-anta-cucina","9":"product_tag-maniglia-anta-mobile","10":"product_tag-maniglia-cassettiera","11":"product_tag-maniglia-cassetto","12":"product_tag-maniglia-cassetto-cucina","13":"product_tag-maniglia-cucina","14":"product_tag-maniglia-design","15":"product_tag-maniglia-interasse-160mm","16":"product_tag-maniglia-mobile","17":"product_tag-maniglia-mobile-al-miglior-prezzo","18":"product_tag-maniglia-mobile-arredamento","19":"product_tag-maniglia-per-mobile-cucina","21":"first","22":"instock","23":"taxable","24":"shipping-taxable","25":"purchasable","26":"product-type-simple"},"acf":[],"_links":{"self":[{"href":"http:\/\/www.polideas.it\/fr\/wp-json\/wp\/v2\/product\/10523","targetHints":{"allow":["GET"]}}],"collection":[{"href":"http:\/\/www.polideas.it\/fr\/wp-json\/wp\/v2\/product"}],"about":[{"href":"http:\/\/www.polideas.it\/fr\/wp-json\/wp\/v2\/types\/product"}],"replies":[{"embeddable":true,"href":"http:\/\/www.polideas.it\/fr\/wp-json\/wp\/v2\/comments?post=10523"}],"wp:featuredmedia":[{"embeddable":true,"href":"http:\/\/www.polideas.it\/fr\/wp-json\/wp\/v2\/media\/15817"}],"wp:attachment":[{"href":"http:\/\/www.polideas.it\/fr\/wp-json\/wp\/v2\/media?parent=10523"}],"wp:term":[{"taxonomy":"product_brand","embeddable":true,"href":"http:\/\/www.polideas.it\/fr\/wp-json\/wp\/v2\/product_brand?post=10523"},{"taxonomy":"product_cat","embeddable":true,"href":"http:\/\/www.polideas.it\/fr\/wp-json\/wp\/v2\/product_cat?post=10523"},{"taxonomy":"product_tag","embeddable":true,"href":"http:\/\/www.polideas.it\/fr\/wp-json\/wp\/v2\/product_tag?post=10523"}],"curies":[{"name":"wp","href":"https:\/\/api.w.org\/{rel}","templated":true}]}}