{"id":10532,"date":"2022-02-28T21:58:19","date_gmt":"2022-02-28T20:58:19","guid":{"rendered":"https:\/\/www.polideas.it\/?post_type=product&#038;p=10532"},"modified":"2025-01-28T15:07:22","modified_gmt":"2025-01-28T14:07:22","slug":"poignee-de-salle-de-bain-fleche-effet-aluminium-poignee-de-meuble-design","status":"publish","type":"product","link":"http:\/\/www.polideas.it\/fr\/fr-2\/poignees-boutons-de-salle-de-bain\/poignee-de-salle-de-bain-fleche-effet-aluminium-poignee-de-meuble-design\/","title":{"rendered":"Poign\u00e9e de salle de bains Arrow - Poign\u00e9e design mobile - Effet aluminium"},"content":{"rendered":"<p>Avec sa forme a\u00e9rodynamique et son style essentiel, le <strong>Poign\u00e9e de salle de bains Arrow de Polideas<\/strong> est n\u00e9 pour \u00e9tonner.<\/p>\n<p>La poign\u00e9e Arrow est en effet id\u00e9ale pour personnaliser les meubles de salle de bains de mani\u00e8re unique et sophistiqu\u00e9e, en particulier ceux qui sont meubl\u00e9s en <strong>style moderne<\/strong>en leur donnant du style et du caract\u00e8re.<\/p>\n<p>Disponible en <strong>finitions laqu\u00e9es blanc, chrome poli et effet aluminium<\/strong>a une largeur de 168 mm et une hauteur de 18 mm, ce qui est parfait pour les meubles de salle de bain de petite et moyenne taille.<\/p>\n<p>La <strong>Poign\u00e9e de fl\u00e8che<\/strong> est le r\u00e9sultat d'une recherche continue combin\u00e9e \u00e0 l'attention typique des productions Made in Italy et est r\u00e9alis\u00e9e avec des mat\u00e9riaux de la plus haute qualit\u00e9 pour garantir une s\u00e9curit\u00e9 maximale \u00e0 tout moment, m\u00eame avec les mains mouill\u00e9es, sans laisser d'aur\u00e9oles.<\/p>","protected":false},"excerpt":{"rendered":"<p>Dalla forma aerodinamica e dallo stile essenziale, la maniglia bagno Arrow di Polideas \u00e8 nata per stupire. La maniglia Arrow \u00e8 infatti l\u2019ideale per personalizzare in modo unico e ricercato i mobili del bagno, soprattutto quelli arredati in stile moderno, conferendo loro stile e carattere. Disponibile nelle finiture laccato bianco, cromato lucido ed effetto alluminio, [&#8230;]\n","protected":false},"featured_media":14472,"comment_status":"closed","ping_status":"closed","template":"","meta":{"_acf_changed":false},"product_brand":[],"product_cat":[62],"product_tag":[3149,3233,3151,3234,3152,3153,3235,3156,3176,3100,3159,3160,3236],"class_list":{"0":"post-10532","1":"product","2":"type-product","3":"status-publish","4":"has-post-thumbnail","6":"product_cat-maniglie-pomelli-bagno","7":"product_tag-maniglia","8":"product_tag-maniglia-anta-bagno","9":"product_tag-maniglia-anta-mobile","10":"product_tag-maniglia-bagno","11":"product_tag-maniglia-cassettiera","12":"product_tag-maniglia-cassetto","13":"product_tag-maniglia-cassetto-bagno","14":"product_tag-maniglia-design","15":"product_tag-maniglia-interasse-128mm","16":"product_tag-maniglia-mobile","17":"product_tag-maniglia-mobile-al-miglior-prezzo","18":"product_tag-maniglia-mobile-arredamento","19":"product_tag-maniglia-per-mobile-bagno","21":"first","22":"instock","23":"taxable","24":"shipping-taxable","25":"purchasable","26":"product-type-simple"},"acf":[],"_links":{"self":[{"href":"http:\/\/www.polideas.it\/fr\/wp-json\/wp\/v2\/product\/10532","targetHints":{"allow":["GET"]}}],"collection":[{"href":"http:\/\/www.polideas.it\/fr\/wp-json\/wp\/v2\/product"}],"about":[{"href":"http:\/\/www.polideas.it\/fr\/wp-json\/wp\/v2\/types\/product"}],"replies":[{"embeddable":true,"href":"http:\/\/www.polideas.it\/fr\/wp-json\/wp\/v2\/comments?post=10532"}],"wp:featuredmedia":[{"embeddable":true,"href":"http:\/\/www.polideas.it\/fr\/wp-json\/wp\/v2\/media\/14472"}],"wp:attachment":[{"href":"http:\/\/www.polideas.it\/fr\/wp-json\/wp\/v2\/media?parent=10532"}],"wp:term":[{"taxonomy":"product_brand","embeddable":true,"href":"http:\/\/www.polideas.it\/fr\/wp-json\/wp\/v2\/product_brand?post=10532"},{"taxonomy":"product_cat","embeddable":true,"href":"http:\/\/www.polideas.it\/fr\/wp-json\/wp\/v2\/product_cat?post=10532"},{"taxonomy":"product_tag","embeddable":true,"href":"http:\/\/www.polideas.it\/fr\/wp-json\/wp\/v2\/product_tag?post=10532"}],"curies":[{"name":"wp","href":"https:\/\/api.w.org\/{rel}","templated":true}]}}