{"id":10533,"date":"2022-02-28T21:58:19","date_gmt":"2022-02-28T20:58:19","guid":{"rendered":"https:\/\/www.polideas.it\/?post_type=product&#038;p=10533"},"modified":"2025-06-02T10:46:40","modified_gmt":"2025-06-02T08:46:40","slug":"poignee-de-meuble-pour-enfant-giotto-gaufre-blanc-fin","status":"publish","type":"product","link":"http:\/\/www.polideas.it\/fr\/fr-2\/boutons-et-poignees-pour-enfants-2\/poignee-de-meuble-pour-enfant-giotto-gaufre-blanc-fin\/","title":{"rendered":"Giotto Children's Handle - Poign\u00e9e de mobile pour enfant - Fine Embossed White"},"content":{"rendered":"<p>Avec une belle forme arrondie, le <strong>Poign\u00e9e Giotto<\/strong> est parfait pour une r\u00e9novation simple et pratique de la chambre des enfants.<\/p>\n<p>Tr\u00e8s facile \u00e0 assembler, il est id\u00e9al pour offrir une <strong>une touche d'originalit\u00e9<\/strong> aux meubles et aux tiroirs, ce qui les rend plus gais et plus attrayants.<\/p>\n<p>Avec la <strong>Poign\u00e9e pour enfants Giotto de Polideas<\/strong> vous pouvez r\u00e9nover votre chambre d'enfant en quelques minutes en choisissant parmi 4 teintes diff\u00e9rentes : bleu clair finement gaufr\u00e9, rose et blanc ou l'effet aluminium sophistiqu\u00e9, qui est \u00e9galement parfait pour les chambres d'enfants plus \u00e2g\u00e9s qui veulent une touche de style suppl\u00e9mentaire.<\/p>\n<p>Fabriqu\u00e9 dans le respect total de la r\u00e9glementation europ\u00e9enne REACH, le manche Giotto ne pr\u00e9sente pas d'ar\u00eates vives et garantit une s\u00e9curit\u00e9 maximale dans toutes les situations.<\/p>","protected":false},"excerpt":{"rendered":"<p>Dalla simpatica forma tondeggiante, la maniglia Giotto \u00e8 perfetta per rinnovare in modo semplice e pratico la camera dei pi\u00f9 piccoli. Semplicissima da montare, \u00e8 l\u2019ideale per regalare un tocco di originalit\u00e0 a mobili e cassetti, rendendoli pi\u00f9 allegri e accattivanti. Con la maniglia bimbi Giotto di Polideas potete rinnovare in pochi minuti la camera [&#8230;]\n","protected":false},"featured_media":11826,"comment_status":"closed","ping_status":"closed","template":"","meta":{"_acf_changed":false},"product_brand":[],"product_cat":[24],"product_tag":[3149,3151,3203,3207,3152,3153,3237,3210,3238,3239,3240,3198,3100,3159,3160,3241,3242,3243,3244,3245,3246,3162],"class_list":{"0":"post-10533","1":"product","2":"type-product","3":"status-publish","4":"has-post-thumbnail","6":"product_cat-maniglie-pomelli-bambini","7":"product_tag-maniglia","8":"product_tag-maniglia-anta-mobile","9":"product_tag-maniglia-bambini","10":"product_tag-maniglia-cameretta-bambini","11":"product_tag-maniglia-cassettiera","12":"product_tag-maniglia-cassetto","13":"product_tag-maniglia-cassetto-bambini","14":"product_tag-maniglia-effetto-alluminio","15":"product_tag-maniglia-goffrata-azzurra","16":"product_tag-maniglia-goffrata-rosa","17":"product_tag-maniglia-groffrata-bianca","18":"product_tag-maniglia-interasse-64mm","19":"product_tag-maniglia-mobile","20":"product_tag-maniglia-mobile-al-miglior-prezzo","21":"product_tag-maniglia-mobile-arredamento","22":"product_tag-maniglia-mobile-ragazza","23":"product_tag-maniglia-mobile-ragazzi","24":"product_tag-maniglia-mobili-bambina","25":"product_tag-maniglia-mobili-bambino","26":"product_tag-maniglia-per-bambini","27":"product_tag-maniglia-stanza-bambini","28":"product_tag-maniglie-colorate","30":"first","31":"instock","32":"taxable","33":"shipping-taxable","34":"purchasable","35":"product-type-simple"},"acf":[],"_links":{"self":[{"href":"http:\/\/www.polideas.it\/fr\/wp-json\/wp\/v2\/product\/10533","targetHints":{"allow":["GET"]}}],"collection":[{"href":"http:\/\/www.polideas.it\/fr\/wp-json\/wp\/v2\/product"}],"about":[{"href":"http:\/\/www.polideas.it\/fr\/wp-json\/wp\/v2\/types\/product"}],"replies":[{"embeddable":true,"href":"http:\/\/www.polideas.it\/fr\/wp-json\/wp\/v2\/comments?post=10533"}],"wp:featuredmedia":[{"embeddable":true,"href":"http:\/\/www.polideas.it\/fr\/wp-json\/wp\/v2\/media\/11826"}],"wp:attachment":[{"href":"http:\/\/www.polideas.it\/fr\/wp-json\/wp\/v2\/media?parent=10533"}],"wp:term":[{"taxonomy":"product_brand","embeddable":true,"href":"http:\/\/www.polideas.it\/fr\/wp-json\/wp\/v2\/product_brand?post=10533"},{"taxonomy":"product_cat","embeddable":true,"href":"http:\/\/www.polideas.it\/fr\/wp-json\/wp\/v2\/product_cat?post=10533"},{"taxonomy":"product_tag","embeddable":true,"href":"http:\/\/www.polideas.it\/fr\/wp-json\/wp\/v2\/product_tag?post=10533"}],"curies":[{"name":"wp","href":"https:\/\/api.w.org\/{rel}","templated":true}]}}