{"id":10551,"date":"2022-02-28T21:58:43","date_gmt":"2022-02-28T20:58:43","guid":{"rendered":"https:\/\/www.polideas.it\/?post_type=product&#038;p=10551"},"modified":"2025-01-29T15:34:53","modified_gmt":"2025-01-29T14:34:53","slug":"concept-poignee-mobile-poignee-design-effet-aluminium","status":"publish","type":"product","link":"http:\/\/www.polideas.it\/fr\/fr-2\/poignees-de-salon\/concept-poignee-mobile-poignee-design-effet-aluminium\/","title":{"rendered":"Poign\u00e9e conceptuelle - Poign\u00e9e design mobile - Effet aluminium"},"content":{"rendered":"<p>Un design sophistiqu\u00e9 et des lignes carr\u00e9es pour la<strong> Poign\u00e9e Polideas Concept.<\/strong><\/p>\n<p>Essentiel et g\u00e9om\u00e9trique, Concept est la poign\u00e9e id\u00e9ale pour renouveler le mobilier de la chambre, de l'entr\u00e9e et du salon en misant sur un design unique. <strong>compl\u00e9ment souhait\u00e9 <\/strong>qui se distingue par son style intemporel.<\/p>\n<p>Disponible en <strong>Finitions effet aluminium, chrome poli et laqu\u00e9 blanc<\/strong>D'une largeur de 80 mm et d'une hauteur de 80 mm, elle est parfaitement carr\u00e9e, id\u00e9ale pour diverses combinaisons de meubles et, en particulier, pour compl\u00e9ter avec style les armoires, les placards et les tables de chevet.<\/p>\n<p>La <strong>concept de poign\u00e9e <\/strong>est le r\u00e9sultat d'une recherche continue combin\u00e9e \u00e0 l'attention typique des productions Made in Italy et est fabriqu\u00e9 avec des mat\u00e9riaux de premi\u00e8re qualit\u00e9 pour garantir une s\u00e9curit\u00e9 maximale \u00e0 tout moment.<\/p>","protected":false},"excerpt":{"rendered":"<p>Design raffin\u00e9 et lignes carr\u00e9es pour la poign\u00e9e Concept de Polideas. \u00c9pur\u00e9e et g\u00e9om\u00e9trique, Concept est la poign\u00e9e id\u00e9ale pour r\u00e9nover les meubles de la chambre \u00e0 coucher, de l'entr\u00e9e et du salon, en misant sur un accessoire raffin\u00e9 qui se distingue par son style intemporel. Disponible dans les finitions effet aluminium, chrome brillant [\u2026]","protected":false},"featured_media":13649,"comment_status":"closed","ping_status":"closed","template":"","meta":{"_acf_changed":false},"product_brand":[],"product_cat":[47],"product_tag":[3149,3151,3173,3174,3209,3283,3152,3153,3175,3212,3155,3156,3284,3198,3100,3159,3160,3211,3285,3177,3178,3179],"class_list":{"0":"post-10551","1":"product","2":"type-product","3":"status-publish","4":"has-post-thumbnail","6":"product_cat-maniglie-pomelli-camera-soggiorno","7":"product_tag-maniglia","8":"product_tag-maniglia-anta-mobile","9":"product_tag-maniglia-anta-mobile-soggiorno","10":"product_tag-maniglia-anta-soggiorno","11":"product_tag-maniglia-arredo","12":"product_tag-maniglia-bianca-mobile","13":"product_tag-maniglia-cassettiera","14":"product_tag-maniglia-cassetto","15":"product_tag-maniglia-cassetto-soggiorno","16":"product_tag-maniglia-cromata","17":"product_tag-maniglia-cucina","18":"product_tag-maniglia-design","19":"product_tag-maniglia-effetto-argento","20":"product_tag-maniglia-interasse-64mm","21":"product_tag-maniglia-mobile","22":"product_tag-maniglia-mobile-al-miglior-prezzo","23":"product_tag-maniglia-mobile-arredamento","24":"product_tag-maniglia-mobile-camera","25":"product_tag-maniglia-mobile-design","26":"product_tag-maniglia-mobile-soggiorno","27":"product_tag-maniglia-per-mobile-soggiorno","28":"product_tag-maniglia-soggiorno","30":"first","31":"instock","32":"taxable","33":"shipping-taxable","34":"purchasable","35":"product-type-simple"},"acf":[],"_links":{"self":[{"href":"http:\/\/www.polideas.it\/fr\/wp-json\/wp\/v2\/product\/10551","targetHints":{"allow":["GET"]}}],"collection":[{"href":"http:\/\/www.polideas.it\/fr\/wp-json\/wp\/v2\/product"}],"about":[{"href":"http:\/\/www.polideas.it\/fr\/wp-json\/wp\/v2\/types\/product"}],"replies":[{"embeddable":true,"href":"http:\/\/www.polideas.it\/fr\/wp-json\/wp\/v2\/comments?post=10551"}],"wp:featuredmedia":[{"embeddable":true,"href":"http:\/\/www.polideas.it\/fr\/wp-json\/wp\/v2\/media\/13649"}],"wp:attachment":[{"href":"http:\/\/www.polideas.it\/fr\/wp-json\/wp\/v2\/media?parent=10551"}],"wp:term":[{"taxonomy":"product_brand","embeddable":true,"href":"http:\/\/www.polideas.it\/fr\/wp-json\/wp\/v2\/product_brand?post=10551"},{"taxonomy":"product_cat","embeddable":true,"href":"http:\/\/www.polideas.it\/fr\/wp-json\/wp\/v2\/product_cat?post=10551"},{"taxonomy":"product_tag","embeddable":true,"href":"http:\/\/www.polideas.it\/fr\/wp-json\/wp\/v2\/product_tag?post=10551"}],"curies":[{"name":"wp","href":"https:\/\/api.w.org\/{rel}","templated":true}]}}