{"id":10557,"date":"2022-02-28T21:58:44","date_gmt":"2022-02-28T20:58:44","guid":{"rendered":"https:\/\/www.polideas.it\/?post_type=product&#038;p=10557"},"modified":"2025-01-30T10:34:55","modified_gmt":"2025-01-30T09:34:55","slug":"poignee-elegante-poignee-de-meuble-chromee","status":"publish","type":"product","link":"http:\/\/www.polideas.it\/fr\/fr-2\/poignees-de-salon\/poignee-elegante-poignee-de-meuble-chromee\/","title":{"rendered":"Poign\u00e9e Elegant - Mobile Design Handle - Polished Chrome"},"content":{"rendered":"<p>La<strong> Poign\u00e9e \u00e9l\u00e9gante de Polideas <\/strong>se caract\u00e9rise par l'\u00e9l\u00e9gance de ses formes et l'essentialit\u00e9 de son design.<\/p>\n<p>Minimaliste mais sophistiqu\u00e9, Elegant est le manche id\u00e9al pour r\u00e9nover le mobilier des chambres \u00e0 coucher, des entr\u00e9es et des espaces de vie avec une touche d'\u00e9l\u00e9gance. <strong>compl\u00e9ment raffin\u00e9 <\/strong>et un style intemporel.<\/p>\n<p>Disponible en <strong>finitions chrome poli et laqu\u00e9 blanc<\/strong>a une largeur de 167 mm et une hauteur de seulement 10 mm, ce qui le rend id\u00e9al pour unifier les meubles modernes et leur donner un style unique.<\/p>\n<p>La <strong>Poign\u00e9e \u00e9l\u00e9gante <\/strong>est le r\u00e9sultat d'une recherche continue combin\u00e9e \u00e0 l'attention typique des productions Made in Italy et est fabriqu\u00e9 avec des mat\u00e9riaux de premi\u00e8re qualit\u00e9 pour garantir une s\u00e9curit\u00e9 maximale \u00e0 tout moment.<\/p>","protected":false},"excerpt":{"rendered":"<p>La maniglia Elegant di Polideas si contraddistingue per l\u2019eleganza della forma e l\u2019essenzialit\u00e0 del design. Minimal, ma ricercata, Elegant \u00e8 la maniglia ideale per rinnovare i mobili della camera da letto, dell\u2019ingresso e della zona living puntando su un complemento raffinato e dallo stile senza tempo. Disponibile nelle finiture cromato lucido e laccato bianco, ha [&#8230;]\n","protected":false},"featured_media":7512,"comment_status":"closed","ping_status":"closed","template":"","meta":{"_acf_changed":false},"product_brand":[],"product_cat":[47],"product_tag":[3149,3200,3151,3173,3174,3209,3152,3153,3175,3212,3156,3286,3291,3176,3100,3159,3160,3211,3177,3178,3179],"class_list":{"0":"post-10557","1":"product","2":"type-product","3":"status-publish","4":"has-post-thumbnail","6":"product_cat-maniglie-pomelli-camera-soggiorno","7":"product_tag-maniglia","8":"product_tag-maniglia-anta","9":"product_tag-maniglia-anta-mobile","10":"product_tag-maniglia-anta-mobile-soggiorno","11":"product_tag-maniglia-anta-soggiorno","12":"product_tag-maniglia-arredo","13":"product_tag-maniglia-cassettiera","14":"product_tag-maniglia-cassetto","15":"product_tag-maniglia-cassetto-soggiorno","16":"product_tag-maniglia-cromata","17":"product_tag-maniglia-design","18":"product_tag-maniglia-elegante","19":"product_tag-maniglia-finitura-argento","20":"product_tag-maniglia-interasse-128mm","21":"product_tag-maniglia-mobile","22":"product_tag-maniglia-mobile-al-miglior-prezzo","23":"product_tag-maniglia-mobile-arredamento","24":"product_tag-maniglia-mobile-camera","25":"product_tag-maniglia-mobile-soggiorno","26":"product_tag-maniglia-per-mobile-soggiorno","27":"product_tag-maniglia-soggiorno","29":"first","30":"instock","31":"taxable","32":"shipping-taxable","33":"purchasable","34":"product-type-simple"},"acf":[],"_links":{"self":[{"href":"http:\/\/www.polideas.it\/fr\/wp-json\/wp\/v2\/product\/10557","targetHints":{"allow":["GET"]}}],"collection":[{"href":"http:\/\/www.polideas.it\/fr\/wp-json\/wp\/v2\/product"}],"about":[{"href":"http:\/\/www.polideas.it\/fr\/wp-json\/wp\/v2\/types\/product"}],"replies":[{"embeddable":true,"href":"http:\/\/www.polideas.it\/fr\/wp-json\/wp\/v2\/comments?post=10557"}],"wp:featuredmedia":[{"embeddable":true,"href":"http:\/\/www.polideas.it\/fr\/wp-json\/wp\/v2\/media\/7512"}],"wp:attachment":[{"href":"http:\/\/www.polideas.it\/fr\/wp-json\/wp\/v2\/media?parent=10557"}],"wp:term":[{"taxonomy":"product_brand","embeddable":true,"href":"http:\/\/www.polideas.it\/fr\/wp-json\/wp\/v2\/product_brand?post=10557"},{"taxonomy":"product_cat","embeddable":true,"href":"http:\/\/www.polideas.it\/fr\/wp-json\/wp\/v2\/product_cat?post=10557"},{"taxonomy":"product_tag","embeddable":true,"href":"http:\/\/www.polideas.it\/fr\/wp-json\/wp\/v2\/product_tag?post=10557"}],"curies":[{"name":"wp","href":"https:\/\/api.w.org\/{rel}","templated":true}]}}