{"id":10559,"date":"2022-02-28T21:58:44","date_gmt":"2022-02-28T20:58:44","guid":{"rendered":"https:\/\/www.polideas.it\/?post_type=product&#038;p=10559"},"modified":"2026-01-11T10:26:09","modified_gmt":"2026-01-11T09:26:09","slug":"poignee-de-cuisine-arc-poignee-darmoire-de-cuisine-chromee-polie","status":"publish","type":"product","link":"http:\/\/www.polideas.it\/fr\/fr-2\/boutons-de-cuisine-poignees\/poignee-de-cuisine-arc-poignee-darmoire-de-cuisine-chromee-polie\/","title":{"rendered":"Poign\u00e9e de cuisine Bow - Chrome poli"},"content":{"rendered":"<p>Ligne minimale et sinueuse, <strong>la poign\u00e9e de cuisine Bow de Polideas<\/strong> revisite le concept de la poign\u00e9e en mettant l'accent sur l'optimisation de l'espace.<\/p>\n<p>Afin de minimiser l'encombrement, le <strong>Poign\u00e9e d'arc <\/strong>est id\u00e9al pour ceux qui ont une petite cuisine et qui ont besoin d'utiliser au mieux l'espace sans que les boutons et les poign\u00e9es ne deviennent une g\u00eane lors des d\u00e9placements.<\/p>\n<p><strong>Disponible en chrome poli et en effet aluminium<\/strong>Il est excellent pour les tiroirs et les portes cach\u00e9s, mais aussi encastr\u00e9s.<\/p>\n<p>200 mm de large et 22 mm de haut, <strong>la poign\u00e9e de l'arc <\/strong>il se monte facilement et offre une prise solide et s\u00fbre tout en occupant tr\u00e8s peu d'espace.<\/p>","protected":false},"excerpt":{"rendered":"<p>Avec ses lignes minimalistes et sinueuses, la poign\u00e9e de cuisine Bow de Polideas revisite le concept de poign\u00e9e en mettant l'accent sur l'optimisation de l'espace. Occupant un encombrement minimal, la poign\u00e9e Bow est id\u00e9ale pour ceux qui disposent d'une petite cuisine et ont besoin d'exploiter au mieux l'espace disponible, en \u00e9vitant que les boutons et les poign\u00e9es ne deviennent un obstacle lors des [\u2026]","protected":false},"featured_media":4439,"comment_status":"closed","ping_status":"closed","template":"","meta":{"_acf_changed":false},"product_brand":[],"product_cat":[37],"product_tag":[3200,3150,3155,3292,3156,3293,3176,3100,3159,3189],"class_list":{"0":"post-10559","1":"product","2":"type-product","3":"status-publish","4":"has-post-thumbnail","6":"product_cat-maniglie-pomelli-cucina","7":"product_tag-maniglia-anta","8":"product_tag-maniglia-anta-cucina","9":"product_tag-maniglia-cucina","10":"product_tag-maniglia-cucina-bow","11":"product_tag-maniglia-design","12":"product_tag-maniglia-design-mobile","13":"product_tag-maniglia-interasse-128mm","14":"product_tag-maniglia-mobile","15":"product_tag-maniglia-mobile-al-miglior-prezzo","16":"product_tag-maniglia-mobile-cucina","18":"first","19":"instock","20":"taxable","21":"shipping-taxable","22":"purchasable","23":"product-type-simple"},"acf":[],"_links":{"self":[{"href":"http:\/\/www.polideas.it\/fr\/wp-json\/wp\/v2\/product\/10559","targetHints":{"allow":["GET"]}}],"collection":[{"href":"http:\/\/www.polideas.it\/fr\/wp-json\/wp\/v2\/product"}],"about":[{"href":"http:\/\/www.polideas.it\/fr\/wp-json\/wp\/v2\/types\/product"}],"replies":[{"embeddable":true,"href":"http:\/\/www.polideas.it\/fr\/wp-json\/wp\/v2\/comments?post=10559"}],"wp:featuredmedia":[{"embeddable":true,"href":"http:\/\/www.polideas.it\/fr\/wp-json\/wp\/v2\/media\/4439"}],"wp:attachment":[{"href":"http:\/\/www.polideas.it\/fr\/wp-json\/wp\/v2\/media?parent=10559"}],"wp:term":[{"taxonomy":"product_brand","embeddable":true,"href":"http:\/\/www.polideas.it\/fr\/wp-json\/wp\/v2\/product_brand?post=10559"},{"taxonomy":"product_cat","embeddable":true,"href":"http:\/\/www.polideas.it\/fr\/wp-json\/wp\/v2\/product_cat?post=10559"},{"taxonomy":"product_tag","embeddable":true,"href":"http:\/\/www.polideas.it\/fr\/wp-json\/wp\/v2\/product_tag?post=10559"}],"curies":[{"name":"wp","href":"https:\/\/api.w.org\/{rel}","templated":true}]}}