{"id":10564,"date":"2022-02-28T21:58:45","date_gmt":"2022-02-28T20:58:45","guid":{"rendered":"https:\/\/www.polideas.it\/?post_type=product&#038;p=10564"},"modified":"2025-08-02T21:21:09","modified_gmt":"2025-08-02T19:21:09","slug":"bouton-de-meuble-pour-enfant-yoghi-bear-embosse-vert-fin","status":"publish","type":"product","link":"http:\/\/www.polideas.it\/fr\/fr-2\/boutons-et-poignees-pour-enfants-2\/bouton-de-meuble-pour-enfant-yoghi-bear-embosse-vert-fin\/","title":{"rendered":"Poign\u00e9e pour enfant Yoghi Bear - Poign\u00e9e pour mobile d'enfant - Vert fin gaufr\u00e9"},"content":{"rendered":"<p>Con\u00e7ue pour tous les enfants qui aiment les ours en peluche, la nouvelle <strong>Poign\u00e9e Yoghi<\/strong> enrichit la gamme de boutons Polideas en s'inspirant des animaux les plus tendres et les plus sympathiques pour cr\u00e9er des accessoires d'ameublement pratiques et uniques.<\/p>\n<p>Polideas reprend la <strong>forme classique d'ours en peluche<\/strong>et le transforme en un bouton parfait pour ajouter une touche de douceur dans les chambres d'enfants.<\/p>\n<p>Disponible en <strong>de nombreuses nuances<\/strong>Du bleu, jaune et rose finement gaufr\u00e9s au vert et \u00e0 l'effet de verre opalin, la poign\u00e9e Yoghi est \u00e9galement id\u00e9ale pour les chambres de b\u00e9b\u00e9 ainsi que pour \u00e9gayer les chambres d'enfants plus \u00e2g\u00e9s.<\/p>\n<p>Fabriqu\u00e9e dans le respect total de la r\u00e9glementation europ\u00e9enne REACH, la poign\u00e9e Yoghi ne pr\u00e9sente pas d'ar\u00eates vives et garantit une s\u00e9curit\u00e9 maximale dans toutes les situations.<\/p>","protected":false},"excerpt":{"rendered":"<p>Con\u00e7ue pour tous les enfants qui appr\u00e9cient les oursons, la nouvelle poign\u00e9e Yoghi enrichit la gamme de boutons sign\u00e9e Polideas, qui s'inspire des animaux les plus mignons et les plus sympathiques pour cr\u00e9er des accessoires d'ameublement pratiques et uniques. Polideas reprend la forme classique de l'ourson, avec son museau adorable, et la transforme en un bouton [\u2026]","protected":false},"featured_media":7342,"comment_status":"closed","ping_status":"closed","template":"","meta":{"_acf_changed":false},"product_brand":[],"product_cat":[24],"product_tag":[3199,3294,3295,3296,3112,3113,3114,3121,3297,3122,3298,3123,3299,3115,3116,3124,3282,3117,3118,3125,3126,3127,3128,3300,3301],"class_list":{"0":"post-10564","1":"product","2":"type-product","3":"status-publish","4":"has-post-thumbnail","6":"product_cat-maniglie-pomelli-bambini","7":"product_tag-maniglia-interasse-32-mm","8":"product_tag-maniglia-orsetto","9":"product_tag-maniglia-orso","10":"product_tag-pomello-orso-bianco","11":"product_tag-pomolo","12":"product_tag-pomolo-al-miglior-prezzo","13":"product_tag-pomolo-anta-mobile","14":"product_tag-pomolo-armadio","15":"product_tag-pomolo-arredo","16":"product_tag-pomolo-bambini","17":"product_tag-pomolo-bambino-bianco","18":"product_tag-pomolo-cameretta-bambini","19":"product_tag-pomolo-cameretta-orso","20":"product_tag-pomolo-cassettiera","21":"product_tag-pomolo-cassetto","22":"product_tag-pomolo-cassetto-bambini","23":"product_tag-pomolo-interasse-32-mm","24":"product_tag-pomolo-mobile","25":"product_tag-pomolo-mobile-arredamento","26":"product_tag-pomolo-mobile-ragazza","27":"product_tag-pomolo-mobile-ragazzi","28":"product_tag-pomolo-mobili-bambina","29":"product_tag-pomolo-mobili-bambino","30":"product_tag-pomolo-per-bambini","31":"product_tag-pomolo-stanza-bambini","33":"first","34":"instock","35":"taxable","36":"shipping-taxable","37":"purchasable","38":"product-type-simple"},"acf":[],"_links":{"self":[{"href":"http:\/\/www.polideas.it\/fr\/wp-json\/wp\/v2\/product\/10564","targetHints":{"allow":["GET"]}}],"collection":[{"href":"http:\/\/www.polideas.it\/fr\/wp-json\/wp\/v2\/product"}],"about":[{"href":"http:\/\/www.polideas.it\/fr\/wp-json\/wp\/v2\/types\/product"}],"replies":[{"embeddable":true,"href":"http:\/\/www.polideas.it\/fr\/wp-json\/wp\/v2\/comments?post=10564"}],"wp:featuredmedia":[{"embeddable":true,"href":"http:\/\/www.polideas.it\/fr\/wp-json\/wp\/v2\/media\/7342"}],"wp:attachment":[{"href":"http:\/\/www.polideas.it\/fr\/wp-json\/wp\/v2\/media?parent=10564"}],"wp:term":[{"taxonomy":"product_brand","embeddable":true,"href":"http:\/\/www.polideas.it\/fr\/wp-json\/wp\/v2\/product_brand?post=10564"},{"taxonomy":"product_cat","embeddable":true,"href":"http:\/\/www.polideas.it\/fr\/wp-json\/wp\/v2\/product_cat?post=10564"},{"taxonomy":"product_tag","embeddable":true,"href":"http:\/\/www.polideas.it\/fr\/wp-json\/wp\/v2\/product_tag?post=10564"}],"curies":[{"name":"wp","href":"https:\/\/api.w.org\/{rel}","templated":true}]}}