{"id":10576,"date":"2022-02-28T21:59:08","date_gmt":"2022-02-28T20:59:08","guid":{"rendered":"https:\/\/www.polideas.it\/?post_type=product&#038;p=10576"},"modified":"2025-06-12T20:21:11","modified_gmt":"2025-06-12T18:21:11","slug":"poignee-ronde-poignee-design-mobile","status":"publish","type":"product","link":"http:\/\/www.polideas.it\/fr\/fr-2\/poignees-de-salon\/poignee-ronde-poignee-design-mobile\/","title":{"rendered":"Poign\u00e9e ronde - Poign\u00e9e mobile"},"content":{"rendered":"<p>La<strong> Polideas Poign\u00e9e ronde <\/strong>est la poign\u00e9e classique qui vous s\u00e9duit par sa simplicit\u00e9.<\/p>\n<p>Minimale et carr\u00e9e, Round est le compl\u00e9ment id\u00e9al pour renouveler le mobilier de la chambre \u00e0 coucher, de l'entr\u00e9e et du s\u00e9jour en misant sur un style de vie unique. <strong>compl\u00e9ment simple, moderne et attrayant<\/strong>.<\/p>\n<p>Disponible dans le <strong>finition effet aluminium<\/strong>a une largeur de 108 mm et une hauteur de 17 mm et assure une prise ferme et s\u00fbre avec tous les types de meubles.<\/p>\n<p>La <strong>poign\u00e9e ronde <\/strong>est le r\u00e9sultat d'une recherche continue combin\u00e9e \u00e0 l'attention typique des productions Made in Italy et est fabriqu\u00e9 avec des mat\u00e9riaux de premi\u00e8re qualit\u00e9 pour garantir une s\u00e9curit\u00e9 maximale \u00e0 tout moment.<\/p>","protected":false},"excerpt":{"rendered":"<p>La maniglia Round di Polideas \u00e8 la classica maniglia che conquista con la sua semplicit\u00e0. Minimal e squadrata, Round \u00e8 il complemento ideale per rinnovare i mobili della camera da letto, dell\u2019ingresso e della zona living puntando su un complemento semplice, moderno e accattivante. Disponibile nella finitura ad effetto alluminio, ha una larghezza di 108 [&#8230;]\n","protected":false},"featured_media":13824,"comment_status":"closed","ping_status":"closed","template":"","meta":{"_acf_changed":false},"product_brand":[],"product_cat":[47],"product_tag":[3149,3151,3173,3174,3209,3205,3152,3153,3175,3156,3193,3100,3159,3160,3211,3177,3178,3179],"class_list":{"0":"post-10576","1":"product","2":"type-product","3":"status-publish","4":"has-post-thumbnail","6":"product_cat-maniglie-pomelli-camera-soggiorno","7":"product_tag-maniglia","8":"product_tag-maniglia-anta-mobile","9":"product_tag-maniglia-anta-mobile-soggiorno","10":"product_tag-maniglia-anta-soggiorno","11":"product_tag-maniglia-arredo","12":"product_tag-maniglia-camera","13":"product_tag-maniglia-cassettiera","14":"product_tag-maniglia-cassetto","15":"product_tag-maniglia-cassetto-soggiorno","16":"product_tag-maniglia-design","17":"product_tag-maniglia-interasse-96mm","18":"product_tag-maniglia-mobile","19":"product_tag-maniglia-mobile-al-miglior-prezzo","20":"product_tag-maniglia-mobile-arredamento","21":"product_tag-maniglia-mobile-camera","22":"product_tag-maniglia-mobile-soggiorno","23":"product_tag-maniglia-per-mobile-soggiorno","24":"product_tag-maniglia-soggiorno","26":"first","27":"instock","28":"taxable","29":"shipping-taxable","30":"purchasable","31":"product-type-simple"},"acf":[],"_links":{"self":[{"href":"http:\/\/www.polideas.it\/fr\/wp-json\/wp\/v2\/product\/10576","targetHints":{"allow":["GET"]}}],"collection":[{"href":"http:\/\/www.polideas.it\/fr\/wp-json\/wp\/v2\/product"}],"about":[{"href":"http:\/\/www.polideas.it\/fr\/wp-json\/wp\/v2\/types\/product"}],"replies":[{"embeddable":true,"href":"http:\/\/www.polideas.it\/fr\/wp-json\/wp\/v2\/comments?post=10576"}],"wp:featuredmedia":[{"embeddable":true,"href":"http:\/\/www.polideas.it\/fr\/wp-json\/wp\/v2\/media\/13824"}],"wp:attachment":[{"href":"http:\/\/www.polideas.it\/fr\/wp-json\/wp\/v2\/media?parent=10576"}],"wp:term":[{"taxonomy":"product_brand","embeddable":true,"href":"http:\/\/www.polideas.it\/fr\/wp-json\/wp\/v2\/product_brand?post=10576"},{"taxonomy":"product_cat","embeddable":true,"href":"http:\/\/www.polideas.it\/fr\/wp-json\/wp\/v2\/product_cat?post=10576"},{"taxonomy":"product_tag","embeddable":true,"href":"http:\/\/www.polideas.it\/fr\/wp-json\/wp\/v2\/product_tag?post=10576"}],"curies":[{"name":"wp","href":"https:\/\/api.w.org\/{rel}","templated":true}]}}