{"id":10582,"date":"2022-02-28T21:59:09","date_gmt":"2022-02-28T20:59:09","guid":{"rendered":"https:\/\/www.polideas.it\/?post_type=product&#038;p=10582"},"modified":"2025-01-28T10:41:29","modified_gmt":"2025-01-28T09:41:29","slug":"poignee-ronde-moyenne-antique-poignee-de-meuble-effet-bronze-antique","status":"publish","type":"product","link":"http:\/\/www.polideas.it\/fr\/fr-2\/poignees-antiques-boutons\/poignee-ronde-moyenne-antique-poignee-de-meuble-effet-bronze-antique\/","title":{"rendered":"Poign\u00e9e ronde moyenne antique - Poign\u00e9e mobile antique - Effet bronze"},"content":{"rendered":"<p>Simple, carr\u00e9e et d'un style intemporel : la poign\u00e9e <strong>antiqued Mid Round <\/strong>de Polideas.<\/p>\n<p>Con\u00e7ue pour personnaliser les meubles de cuisine, de chambre et de salon en leur donnant une touche r\u00e9tro, la poign\u00e9e<strong> antiqued Mid Round <\/strong>est id\u00e9al pour unifier les pi\u00e8ces meubl\u00e9es dans un style classique, industriel ou campagnard.<\/p>\n<p>Disponible en version \u00e9l\u00e9gante <strong>effet bronze, effet cuivre et effet fer<\/strong>La poign\u00e9e Mid Round assure une prise en main solide et s\u00fbre et, gr\u00e2ce \u00e0 une fabrication complexe et innovante qui allie les qualit\u00e9s esth\u00e9tiques du m\u00e9tal vieilli \u00e0 la praticit\u00e9 et \u00e0 l'ergonomie de mat\u00e9riaux plastiques de qualit\u00e9, elle obtient un effet antique unique.<\/p>\n<p>Avec une largeur de 140 mm et une hauteur de 20 mm, il est parfait pour les meubles classiques et anciens de taille moyenne.<\/p>","protected":false},"excerpt":{"rendered":"<p>Semplice, squadrata e dallo stile senza tempo: \u00e8 la maniglia anticata Mid Round di Polideas. Pensata per personalizzare i mobili di cucina, camere da letto e living dal sapore retr\u00f2, la maniglia anticata Mid Round \u00e8 l\u2019ideale per uniformare gli ambienti arredati in stile classico, industrial o country. Disponibile nelle eleganti versioni ad effetto bronzo, [&#8230;]\n","protected":false},"featured_media":11329,"comment_status":"closed","ping_status":"closed","template":"","meta":{"_acf_changed":false},"product_brand":[],"product_cat":[72],"product_tag":[3149,3151,3180,3181,3152,3153,3156,3182,3183,3176,3100,3159,3160,3184,3185,3186,3187],"class_list":{"0":"post-10582","1":"product","2":"type-product","3":"status-publish","4":"has-post-thumbnail","6":"product_cat-maniglie-pomoli-anticati","7":"product_tag-maniglia","8":"product_tag-maniglia-anta-mobile","9":"product_tag-maniglia-antica","10":"product_tag-maniglia-anticata","11":"product_tag-maniglia-cassettiera","12":"product_tag-maniglia-cassetto","13":"product_tag-maniglia-design","14":"product_tag-maniglia-effetto-anticato","15":"product_tag-maniglia-effetto-antico","16":"product_tag-maniglia-interasse-128mm","17":"product_tag-maniglia-mobile","18":"product_tag-maniglia-mobile-al-miglior-prezzo","19":"product_tag-maniglia-mobile-arredamento","20":"product_tag-maniglia-per-mobile-antico","21":"product_tag-maniglia-restauro-mobili","22":"product_tag-maniglia-rustico","23":"product_tag-maniglie-per-restaurazione-mobili","25":"first","26":"instock","27":"taxable","28":"shipping-taxable","29":"purchasable","30":"product-type-simple"},"acf":[],"_links":{"self":[{"href":"http:\/\/www.polideas.it\/fr\/wp-json\/wp\/v2\/product\/10582","targetHints":{"allow":["GET"]}}],"collection":[{"href":"http:\/\/www.polideas.it\/fr\/wp-json\/wp\/v2\/product"}],"about":[{"href":"http:\/\/www.polideas.it\/fr\/wp-json\/wp\/v2\/types\/product"}],"replies":[{"embeddable":true,"href":"http:\/\/www.polideas.it\/fr\/wp-json\/wp\/v2\/comments?post=10582"}],"wp:featuredmedia":[{"embeddable":true,"href":"http:\/\/www.polideas.it\/fr\/wp-json\/wp\/v2\/media\/11329"}],"wp:attachment":[{"href":"http:\/\/www.polideas.it\/fr\/wp-json\/wp\/v2\/media?parent=10582"}],"wp:term":[{"taxonomy":"product_brand","embeddable":true,"href":"http:\/\/www.polideas.it\/fr\/wp-json\/wp\/v2\/product_brand?post=10582"},{"taxonomy":"product_cat","embeddable":true,"href":"http:\/\/www.polideas.it\/fr\/wp-json\/wp\/v2\/product_cat?post=10582"},{"taxonomy":"product_tag","embeddable":true,"href":"http:\/\/www.polideas.it\/fr\/wp-json\/wp\/v2\/product_tag?post=10582"}],"curies":[{"name":"wp","href":"https:\/\/api.w.org\/{rel}","templated":true}]}}