{"id":10590,"date":"2022-02-28T21:59:10","date_gmt":"2022-02-28T20:59:10","guid":{"rendered":"https:\/\/www.polideas.it\/?post_type=product&#038;p=10590"},"modified":"2025-01-31T09:06:12","modified_gmt":"2025-01-31T08:06:12","slug":"mobile-enfant-poignee-yeux-gaufres-rose-fin","status":"publish","type":"product","link":"http:\/\/www.polideas.it\/fr\/fr-2\/boutons-et-poignees-pour-enfants-2\/mobile-enfant-poignee-yeux-gaufres-rose-fin\/","title":{"rendered":"Poign\u00e9e Eyes - Poign\u00e9e de mobile pour enfants - rose fin gaufr\u00e9"},"content":{"rendered":"<p>De forme simple et intuitive, id\u00e9ale pour apporter une touche d'originalit\u00e9 au mobilier de la chambre d'enfant, la <strong>Les yeux de la poign\u00e9e de Polideas<\/strong> rappelle deux petits yeux mignons qui observent le monde avec curiosit\u00e9 et \u00e9merveillement.<\/p>\n<p>Parfait pour les meubles \u00e0 tiroirs avec boutons centraux<strong>, les yeux de la poign\u00e9e<\/strong> devient imm\u00e9diatement la star de la pi\u00e8ce, apportant une touche de gaiet\u00e9 et de couleur.<\/p>\n<p>Disponible en <strong>trois nuances diff\u00e9rentes<\/strong>L'embo\u00eetement des deux vis, en bleu fin, rose et vert clair, maintient dans toutes les versions le blanc contrast\u00e9 des deux vis.<\/p>\n<p>Fabriqu\u00e9 en totale conformit\u00e9 avec la r\u00e9glementation europ\u00e9enne REACH, le manche Eyes ne pr\u00e9sente pas d'ar\u00eates vives et garantit une s\u00e9curit\u00e9 maximale dans toutes les situations.<\/p>","protected":false},"excerpt":{"rendered":"<p>Dalla forma semplice e intuitiva, ideale per regalare un tocco di originalit\u00e0 ai mobili della cameretta dei pi\u00f9 piccoli, la maniglia eyes di Polideas ricorda due simpatici occhietti che osservano il mondo con curiosit\u00e0 e stupore. Perfetta per le cassettiere dotate di pomelli centrali, la maniglia eyes diventa subito protagonista della stanza regalando una ventata [&#8230;]\n","protected":false},"featured_media":11874,"comment_status":"closed","ping_status":"closed","template":"","meta":{"_acf_changed":false},"product_brand":[],"product_cat":[24],"product_tag":[3149,3151,3203,3207,3152,3153,3237,3210,3238,3239,3240,3193,3100,3159,3160,3241,3242,3243,3244,3245,3246,3162],"class_list":{"0":"post-10590","1":"product","2":"type-product","3":"status-publish","4":"has-post-thumbnail","6":"product_cat-maniglie-pomelli-bambini","7":"product_tag-maniglia","8":"product_tag-maniglia-anta-mobile","9":"product_tag-maniglia-bambini","10":"product_tag-maniglia-cameretta-bambini","11":"product_tag-maniglia-cassettiera","12":"product_tag-maniglia-cassetto","13":"product_tag-maniglia-cassetto-bambini","14":"product_tag-maniglia-effetto-alluminio","15":"product_tag-maniglia-goffrata-azzurra","16":"product_tag-maniglia-goffrata-rosa","17":"product_tag-maniglia-groffrata-bianca","18":"product_tag-maniglia-interasse-96mm","19":"product_tag-maniglia-mobile","20":"product_tag-maniglia-mobile-al-miglior-prezzo","21":"product_tag-maniglia-mobile-arredamento","22":"product_tag-maniglia-mobile-ragazza","23":"product_tag-maniglia-mobile-ragazzi","24":"product_tag-maniglia-mobili-bambina","25":"product_tag-maniglia-mobili-bambino","26":"product_tag-maniglia-per-bambini","27":"product_tag-maniglia-stanza-bambini","28":"product_tag-maniglie-colorate","30":"first","31":"instock","32":"taxable","33":"shipping-taxable","34":"purchasable","35":"product-type-simple"},"acf":[],"_links":{"self":[{"href":"http:\/\/www.polideas.it\/fr\/wp-json\/wp\/v2\/product\/10590","targetHints":{"allow":["GET"]}}],"collection":[{"href":"http:\/\/www.polideas.it\/fr\/wp-json\/wp\/v2\/product"}],"about":[{"href":"http:\/\/www.polideas.it\/fr\/wp-json\/wp\/v2\/types\/product"}],"replies":[{"embeddable":true,"href":"http:\/\/www.polideas.it\/fr\/wp-json\/wp\/v2\/comments?post=10590"}],"wp:featuredmedia":[{"embeddable":true,"href":"http:\/\/www.polideas.it\/fr\/wp-json\/wp\/v2\/media\/11874"}],"wp:attachment":[{"href":"http:\/\/www.polideas.it\/fr\/wp-json\/wp\/v2\/media?parent=10590"}],"wp:term":[{"taxonomy":"product_brand","embeddable":true,"href":"http:\/\/www.polideas.it\/fr\/wp-json\/wp\/v2\/product_brand?post=10590"},{"taxonomy":"product_cat","embeddable":true,"href":"http:\/\/www.polideas.it\/fr\/wp-json\/wp\/v2\/product_cat?post=10590"},{"taxonomy":"product_tag","embeddable":true,"href":"http:\/\/www.polideas.it\/fr\/wp-json\/wp\/v2\/product_tag?post=10590"}],"curies":[{"name":"wp","href":"https:\/\/api.w.org\/{rel}","templated":true}]}}