{"id":10595,"date":"2022-02-28T21:59:10","date_gmt":"2022-02-28T20:59:10","guid":{"rendered":"https:\/\/www.polideas.it\/?post_type=product&#038;p=10595"},"modified":"2025-01-29T11:46:31","modified_gmt":"2025-01-29T10:46:31","slug":"bouton-de-meuble-de-cuisine-carre-boitier-chrome-poli-et-plaque-laquee-noire","status":"publish","type":"product","link":"http:\/\/www.polideas.it\/fr\/fr-2\/boutons-de-cuisine-poignees\/bouton-de-meuble-de-cuisine-carre-boitier-chrome-poli-et-plaque-laquee-noire\/","title":{"rendered":"Quadra - Bouton de meuble de cuisine - Bo\u00eetier en chrome poli et plaque laqu\u00e9e noire"},"content":{"rendered":"<p>D\u00e9cisif, \u00e9l\u00e9gant et dot\u00e9 d'une grande personnalit\u00e9, <strong>le bouton de cuisine Quadra de Polideas<\/strong> revisite le concept du bouton en visant un m\u00e9lange unique de style et de praticit\u00e9.<\/p>\n<p>Compl\u00e9ment id\u00e9al des cuisines modernes, le <strong>Bouton Quadra<\/strong> donne un design unique aux portes et aux tiroirs, mais ce n'est pas tout : gr\u00e2ce \u00e0 sa solidit\u00e9 et \u00e0 son style inimitable, il se pr\u00eate aussi parfaitement \u00e0 une utilisation murale pour suspendre des meubles ou d'autres accessoires.<\/p>\n<p><strong>Disponible en versions <\/strong>avec un bo\u00eetier chrom\u00e9 poli et une plaque laqu\u00e9e noire, et avec un bo\u00eetier effet verre satin\u00e9 et une plaque laqu\u00e9e blanche, est une solution raffin\u00e9e qui s'int\u00e8gre parfaitement dans les cuisines les plus classiques et les plus \u00e9l\u00e9gantes.<\/p>\n<p>Parfaitement carr\u00e9e, avec une largeur et une longueur de 65 mm, <strong>le bouton Quadra <\/strong>modifie instantan\u00e9ment l'aspect des meubles de cuisine, en unifiant les surfaces et en leur conf\u00e9rant une \u00e9l\u00e9gance raffin\u00e9e.<\/p>","protected":false},"excerpt":{"rendered":"<p>Deciso, elegante e dalla grande personalit\u00e0, il pomello cucina Quadra di Polideas rivisita il concetto di pomello puntando ad un esclusivo mix di stile e praticit\u00e0. Complemento perfetto delle cucine moderne, il pomello Quadra regala un design unico ad ante e cassetti, ma non solo: grazie alla sua solidit\u00e0 e al suo stile inconfondibile, si [&#8230;]\n","protected":false},"featured_media":5035,"comment_status":"closed","ping_status":"closed","template":"","meta":{"_acf_changed":false},"product_brand":[],"product_cat":[37],"product_tag":[3144,3145,3146,3105,3314,3107,3147,3112,3113,3114,3115,3116,3117,3118],"class_list":{"0":"post-10595","1":"product","2":"type-product","3":"status-publish","4":"has-post-thumbnail","6":"product_cat-maniglie-pomelli-cucina","7":"product_tag-pomello-anta-cucina","8":"product_tag-pomello-cassetto-cucina","9":"product_tag-pomello-cucina","10":"product_tag-pomello-design","11":"product_tag-pomello-interasse-32mm","12":"product_tag-pomello-mobile","13":"product_tag-pomello-per-mobile-cucina","14":"product_tag-pomolo","15":"product_tag-pomolo-al-miglior-prezzo","16":"product_tag-pomolo-anta-mobile","17":"product_tag-pomolo-cassettiera","18":"product_tag-pomolo-cassetto","19":"product_tag-pomolo-mobile","20":"product_tag-pomolo-mobile-arredamento","22":"first","23":"instock","24":"taxable","25":"shipping-taxable","26":"purchasable","27":"product-type-simple"},"acf":[],"_links":{"self":[{"href":"http:\/\/www.polideas.it\/fr\/wp-json\/wp\/v2\/product\/10595","targetHints":{"allow":["GET"]}}],"collection":[{"href":"http:\/\/www.polideas.it\/fr\/wp-json\/wp\/v2\/product"}],"about":[{"href":"http:\/\/www.polideas.it\/fr\/wp-json\/wp\/v2\/types\/product"}],"replies":[{"embeddable":true,"href":"http:\/\/www.polideas.it\/fr\/wp-json\/wp\/v2\/comments?post=10595"}],"wp:featuredmedia":[{"embeddable":true,"href":"http:\/\/www.polideas.it\/fr\/wp-json\/wp\/v2\/media\/5035"}],"wp:attachment":[{"href":"http:\/\/www.polideas.it\/fr\/wp-json\/wp\/v2\/media?parent=10595"}],"wp:term":[{"taxonomy":"product_brand","embeddable":true,"href":"http:\/\/www.polideas.it\/fr\/wp-json\/wp\/v2\/product_brand?post=10595"},{"taxonomy":"product_cat","embeddable":true,"href":"http:\/\/www.polideas.it\/fr\/wp-json\/wp\/v2\/product_cat?post=10595"},{"taxonomy":"product_tag","embeddable":true,"href":"http:\/\/www.polideas.it\/fr\/wp-json\/wp\/v2\/product_tag?post=10595"}],"curies":[{"name":"wp","href":"https:\/\/api.w.org\/{rel}","templated":true}]}}