{"id":10598,"date":"2022-02-28T21:59:31","date_gmt":"2022-02-28T20:59:31","guid":{"rendered":"https:\/\/www.polideas.it\/?post_type=product&#038;p=10598"},"modified":"2025-07-29T17:25:31","modified_gmt":"2025-07-29T15:25:31","slug":"meuble-pour-enfant-molette-gaufree-bleu-fin","status":"publish","type":"product","link":"http:\/\/www.polideas.it\/fr\/fr-2\/boutons-et-poignees-pour-enfants-2\/meuble-pour-enfant-molette-gaufree-bleu-fin\/","title":{"rendered":"Bimbi Wheel - Bouton de meuble pour enfant - Bleu gaufr\u00e9 fin"},"content":{"rendered":"<p>Rappelant les boutons magiques des dessins anim\u00e9s, les <strong>Roue Bimbi par Polideas<\/strong>parfait pour ajouter de la couleur aux meubles et aux commodes des chambres d'enfants.<\/p>\n<p>Capable de transformer l'aspect de n'importe quelle chambre \u00e0 coucher avec une extr\u00eame simplicit\u00e9, le <strong>roue \u00e0 pommeau<\/strong> plaira aux enfants qui aiment les ambiances de dessins anim\u00e9s et de bandes dessin\u00e9es.<\/p>\n<p>Disponible en <strong>trois nuances diff\u00e9rentes<\/strong>Les couleurs, bleu fin, rose et vert, peuvent \u00eatre utilis\u00e9es dans diff\u00e9rentes combinaisons de couleurs pour cr\u00e9er des jeux de couleurs amusants qui apportent imm\u00e9diatement une bouff\u00e9e d'air frais dans la pi\u00e8ce.<\/p>\n<p>Fabriqu\u00e9 en totale conformit\u00e9 avec la r\u00e9glementation europ\u00e9enne REACH, le pommeau de roue ne pr\u00e9sente pas d'ar\u00eates vives et garantit une s\u00e9curit\u00e9 maximale dans toutes les situations.<\/p>","protected":false},"excerpt":{"rendered":"<p>Ricorda i bottoni magici dei cartoni animati il Pomolo Bimbi Wheel di Polideas, perfetto per regalare colore a mobili e cassettiere delle camerette dei pi\u00f9 piccoli. Capace di trasformare l\u2019aspetto di ogni cameretta con estrema semplicit\u00e0, il pomolo Wheel piacer\u00e0 ai bimbi amanti delle atmosfere cartoon e dei fumetti. Disponibile in tre diverse nuance, goffrato [&#8230;]\n","protected":false},"featured_media":11484,"comment_status":"closed","ping_status":"closed","template":"","meta":{"_acf_changed":false},"product_brand":[],"product_cat":[24],"product_tag":[3119,3120,3112,3113,3114,3121,3122,3123,3115,3116,3124,3117,3118,3125,3126,3127,3128],"class_list":{"0":"post-10598","1":"product","2":"type-product","3":"status-publish","4":"has-post-thumbnail","6":"product_cat-maniglie-pomelli-bambini","7":"product_tag-pomelli-cameretta-bimba","8":"product_tag-pomelli-cameretta-bimbo","9":"product_tag-pomolo","10":"product_tag-pomolo-al-miglior-prezzo","11":"product_tag-pomolo-anta-mobile","12":"product_tag-pomolo-armadio","13":"product_tag-pomolo-bambini","14":"product_tag-pomolo-cameretta-bambini","15":"product_tag-pomolo-cassettiera","16":"product_tag-pomolo-cassetto","17":"product_tag-pomolo-cassetto-bambini","18":"product_tag-pomolo-mobile","19":"product_tag-pomolo-mobile-arredamento","20":"product_tag-pomolo-mobile-ragazza","21":"product_tag-pomolo-mobile-ragazzi","22":"product_tag-pomolo-mobili-bambina","23":"product_tag-pomolo-mobili-bambino","25":"first","26":"instock","27":"taxable","28":"shipping-taxable","29":"purchasable","30":"product-type-simple"},"acf":[],"_links":{"self":[{"href":"http:\/\/www.polideas.it\/fr\/wp-json\/wp\/v2\/product\/10598","targetHints":{"allow":["GET"]}}],"collection":[{"href":"http:\/\/www.polideas.it\/fr\/wp-json\/wp\/v2\/product"}],"about":[{"href":"http:\/\/www.polideas.it\/fr\/wp-json\/wp\/v2\/types\/product"}],"replies":[{"embeddable":true,"href":"http:\/\/www.polideas.it\/fr\/wp-json\/wp\/v2\/comments?post=10598"}],"wp:featuredmedia":[{"embeddable":true,"href":"http:\/\/www.polideas.it\/fr\/wp-json\/wp\/v2\/media\/11484"}],"wp:attachment":[{"href":"http:\/\/www.polideas.it\/fr\/wp-json\/wp\/v2\/media?parent=10598"}],"wp:term":[{"taxonomy":"product_brand","embeddable":true,"href":"http:\/\/www.polideas.it\/fr\/wp-json\/wp\/v2\/product_brand?post=10598"},{"taxonomy":"product_cat","embeddable":true,"href":"http:\/\/www.polideas.it\/fr\/wp-json\/wp\/v2\/product_cat?post=10598"},{"taxonomy":"product_tag","embeddable":true,"href":"http:\/\/www.polideas.it\/fr\/wp-json\/wp\/v2\/product_tag?post=10598"}],"curies":[{"name":"wp","href":"https:\/\/api.w.org\/{rel}","templated":true}]}}