{"id":10608,"date":"2022-02-28T21:59:33","date_gmt":"2022-02-28T20:59:33","guid":{"rendered":"https:\/\/www.polideas.it\/?post_type=product&#038;p=10608"},"modified":"2025-01-31T09:29:13","modified_gmt":"2025-01-31T08:29:13","slug":"le-mobile-pour-enfants-knob-smile","status":"publish","type":"product","link":"http:\/\/www.polideas.it\/fr\/fr-2\/boutons-et-poignees-pour-enfants-2\/le-mobile-pour-enfants-knob-smile\/","title":{"rendered":"Smile - Bouton de mobile pour enfants"},"content":{"rendered":"<p>Pour commencer la journ\u00e9e de bonne humeur, quoi de mieux qu'un joli sourire ? C'est dans cette optique que Polideas a con\u00e7u l'adorable <strong>Bouton du sourire.<\/strong><\/p>\n<p>Inspir\u00e9 par les \u00e9motic\u00f4nes tendres qui sont de plus en plus \u00e0 la mode, l'\u00e9motic\u00f4ne de la <strong>Bouton d'enfant Smile de Polideas<\/strong> transforme la chambre des enfants en un lieu gai et joyeux tout en renouvelant le mobilier habituel.<\/p>\n<p>Disponible dans le <strong>couleur classique blanc laqu\u00e9<\/strong>C'est le compl\u00e9ment id\u00e9al pour \u00e9gayer les meubles en bois sombre ou color\u00e9, mais aussi pour cr\u00e9er un bel effet de ton sur ton avec des meubles blancs.<\/p>\n<p>Fabriqu\u00e9 en totale conformit\u00e9 avec le r\u00e8glement europ\u00e9en REACH, le <strong>Bouton de sourire Bimbi<\/strong> est d\u00e9pourvu d'ar\u00eates vives et garantit une s\u00e9curit\u00e9 maximale dans toutes les situations.<\/p>","protected":false},"excerpt":{"rendered":"<p>Per iniziare la giornata in allegria, cosa c\u2019\u00e8 di meglio di un bel sorriso? E\u2019 pensando a questo che Polideas ha ideato, per la camera dei pi\u00f9 piccoli, il simpatico pomolo Smile. Ispirato alle tenere emoticon che ormai vanno sempre pi\u00f9 di moda, il pomolo bimbi Smile di Polideas trasforma la camera dei bambini in [&#8230;]\n","protected":false},"featured_media":11494,"comment_status":"closed","ping_status":"closed","template":"","meta":{"_acf_changed":false},"product_brand":[],"product_cat":[24],"product_tag":[3119,3112,3113,3114,3121,3122,3123,3115,3116,3124,3117,3118,3125,3126,3127,3128],"class_list":{"0":"post-10608","1":"product","2":"type-product","3":"status-publish","4":"has-post-thumbnail","6":"product_cat-maniglie-pomelli-bambini","7":"product_tag-pomelli-cameretta-bimba","8":"product_tag-pomolo","9":"product_tag-pomolo-al-miglior-prezzo","10":"product_tag-pomolo-anta-mobile","11":"product_tag-pomolo-armadio","12":"product_tag-pomolo-bambini","13":"product_tag-pomolo-cameretta-bambini","14":"product_tag-pomolo-cassettiera","15":"product_tag-pomolo-cassetto","16":"product_tag-pomolo-cassetto-bambini","17":"product_tag-pomolo-mobile","18":"product_tag-pomolo-mobile-arredamento","19":"product_tag-pomolo-mobile-ragazza","20":"product_tag-pomolo-mobile-ragazzi","21":"product_tag-pomolo-mobili-bambina","22":"product_tag-pomolo-mobili-bambino","24":"first","25":"instock","26":"taxable","27":"shipping-taxable","28":"purchasable","29":"product-type-simple"},"acf":[],"_links":{"self":[{"href":"http:\/\/www.polideas.it\/fr\/wp-json\/wp\/v2\/product\/10608","targetHints":{"allow":["GET"]}}],"collection":[{"href":"http:\/\/www.polideas.it\/fr\/wp-json\/wp\/v2\/product"}],"about":[{"href":"http:\/\/www.polideas.it\/fr\/wp-json\/wp\/v2\/types\/product"}],"replies":[{"embeddable":true,"href":"http:\/\/www.polideas.it\/fr\/wp-json\/wp\/v2\/comments?post=10608"}],"wp:featuredmedia":[{"embeddable":true,"href":"http:\/\/www.polideas.it\/fr\/wp-json\/wp\/v2\/media\/11494"}],"wp:attachment":[{"href":"http:\/\/www.polideas.it\/fr\/wp-json\/wp\/v2\/media?parent=10608"}],"wp:term":[{"taxonomy":"product_brand","embeddable":true,"href":"http:\/\/www.polideas.it\/fr\/wp-json\/wp\/v2\/product_brand?post=10608"},{"taxonomy":"product_cat","embeddable":true,"href":"http:\/\/www.polideas.it\/fr\/wp-json\/wp\/v2\/product_cat?post=10608"},{"taxonomy":"product_tag","embeddable":true,"href":"http:\/\/www.polideas.it\/fr\/wp-json\/wp\/v2\/product_tag?post=10608"}],"curies":[{"name":"wp","href":"https:\/\/api.w.org\/{rel}","templated":true}]}}