{"id":10618,"date":"2022-02-28T21:59:34","date_gmt":"2022-02-28T20:59:34","guid":{"rendered":"https:\/\/www.polideas.it\/?post_type=product&#038;p=10618"},"modified":"2025-02-04T17:49:35","modified_gmt":"2025-02-04T16:49:35","slug":"bouton-papillon-bouton-mobile-enfant-gaufre-rose-fin","status":"publish","type":"product","link":"http:\/\/www.polideas.it\/fr\/fr-2\/boutons-et-poignees-pour-enfants-2\/bouton-papillon-bouton-mobile-enfant-gaufre-rose-fin\/","title":{"rendered":"Papillon - Bouton de meuble enfant - rose fin gaufr\u00e9"},"content":{"rendered":"<p>Tous les enfants aiment les papillons, c'est pourquoi Polideas dans sa s\u00e9lection de <strong>Boutons d\u00e9di\u00e9s aux animaux<\/strong> le plus populaire, comprenait \u00e9galement l'insecte color\u00e9.<\/p>\n<p>Id\u00e9al pour les chambres \u00e0 coucher les plus classiques et les plus romantiques. <strong>Bouton papillon<\/strong> r\u00e9nove instantan\u00e9ment les meubles, les commodes et les coffres, en leur donnant un aspect totalement nouveau.<\/p>\n<p>Disponible en <strong>de nombreuses nuances<\/strong>du bleu, du jaune et du rose finement gaufr\u00e9s au vert et \u00e0 l'effet de verre opalin, le bouton papillon peut \u00e9galement \u00eatre m\u00e9lang\u00e9 \u00e0 d'autres produits de la gamme. <strong>Boutons \u00e0 motif animalier de Polideas<\/strong> pour un effet super gai.<\/p>\n<p>Fabriqu\u00e9 dans le respect total de la r\u00e9glementation europ\u00e9enne REACH, le pommeau Farfalla n'a pas d'ar\u00eates vives et garantit une s\u00e9curit\u00e9 maximale dans toutes les situations.<\/p>","protected":false},"excerpt":{"rendered":"<p>Tutti i bimbi amano le farfalle, per questo Polideas nella sua selezione di Pomoli dedicati agli animali pi\u00f9 amati, ha inserito anche il colorato insetto. Ideale per le camerette pi\u00f9 classiche e romantiche, il Pomolo Bimbi Farfalla rinnova in modo immediato mobili, com\u00f2 e cassettiere regalandogli subito un aspetto totalmente nuovo. Disponibile in tante tonalit\u00e0, [&#8230;]\n","protected":false},"featured_media":4472,"comment_status":"closed","ping_status":"closed","template":"","meta":{"_acf_changed":false},"product_brand":[],"product_cat":[24],"product_tag":[3119,3120,3112,3113,3114,3121,3122,3123,3115,3116,3124,3117,3118,3125,3126,3127,3128],"class_list":{"0":"post-10618","1":"product","2":"type-product","3":"status-publish","4":"has-post-thumbnail","6":"product_cat-maniglie-pomelli-bambini","7":"product_tag-pomelli-cameretta-bimba","8":"product_tag-pomelli-cameretta-bimbo","9":"product_tag-pomolo","10":"product_tag-pomolo-al-miglior-prezzo","11":"product_tag-pomolo-anta-mobile","12":"product_tag-pomolo-armadio","13":"product_tag-pomolo-bambini","14":"product_tag-pomolo-cameretta-bambini","15":"product_tag-pomolo-cassettiera","16":"product_tag-pomolo-cassetto","17":"product_tag-pomolo-cassetto-bambini","18":"product_tag-pomolo-mobile","19":"product_tag-pomolo-mobile-arredamento","20":"product_tag-pomolo-mobile-ragazza","21":"product_tag-pomolo-mobile-ragazzi","22":"product_tag-pomolo-mobili-bambina","23":"product_tag-pomolo-mobili-bambino","25":"first","26":"instock","27":"taxable","28":"shipping-taxable","29":"purchasable","30":"product-type-simple"},"acf":[],"_links":{"self":[{"href":"http:\/\/www.polideas.it\/fr\/wp-json\/wp\/v2\/product\/10618","targetHints":{"allow":["GET"]}}],"collection":[{"href":"http:\/\/www.polideas.it\/fr\/wp-json\/wp\/v2\/product"}],"about":[{"href":"http:\/\/www.polideas.it\/fr\/wp-json\/wp\/v2\/types\/product"}],"replies":[{"embeddable":true,"href":"http:\/\/www.polideas.it\/fr\/wp-json\/wp\/v2\/comments?post=10618"}],"wp:featuredmedia":[{"embeddable":true,"href":"http:\/\/www.polideas.it\/fr\/wp-json\/wp\/v2\/media\/4472"}],"wp:attachment":[{"href":"http:\/\/www.polideas.it\/fr\/wp-json\/wp\/v2\/media?parent=10618"}],"wp:term":[{"taxonomy":"product_brand","embeddable":true,"href":"http:\/\/www.polideas.it\/fr\/wp-json\/wp\/v2\/product_brand?post=10618"},{"taxonomy":"product_cat","embeddable":true,"href":"http:\/\/www.polideas.it\/fr\/wp-json\/wp\/v2\/product_cat?post=10618"},{"taxonomy":"product_tag","embeddable":true,"href":"http:\/\/www.polideas.it\/fr\/wp-json\/wp\/v2\/product_tag?post=10618"}],"curies":[{"name":"wp","href":"https:\/\/api.w.org\/{rel}","templated":true}]}}