{"id":10631,"date":"2022-02-28T21:59:58","date_gmt":"2022-02-28T20:59:58","guid":{"rendered":"https:\/\/www.polideas.it\/?post_type=product&#038;p=10631"},"modified":"2025-02-04T15:16:30","modified_gmt":"2025-02-04T14:16:30","slug":"bouton-de-meuble-pour-enfants-nemo-effet-verre-depoli-couleur-opaline","status":"publish","type":"product","link":"http:\/\/www.polideas.it\/fr\/fr-2\/boutons-et-poignees-pour-enfants-2\/bouton-de-meuble-pour-enfants-nemo-effet-verre-depoli-couleur-opaline\/","title":{"rendered":"Nemo - Bouton de meuble pour enfant - Effet verre satin\u00e9 couleur opaline"},"content":{"rendered":"<p>Tout droit venu des profondeurs de l'ab\u00eeme, l'amicale <strong>Bouton b\u00e9b\u00e9 Nemo<\/strong>Inspir\u00e9 du c\u00e9l\u00e8bre petit poisson du conte de Disney, le bouton Nemo est id\u00e9al pour ajouter une touche de po\u00e9sie \u00e0 la chambre des enfants amoureux de la mer.<\/p>\n<p>Tendre et color\u00e9, le bouton <strong>Nemo de Polideas<\/strong> Il \u00e9gaie les tiroirs, les meubles et les armoires en leur apportant une touche d'originalit\u00e9 et de tendresse.<\/p>\n<p>Disponible dans de magnifiques coloris opalins et verts \u00e0 effet de verre satin\u00e9, ainsi que dans des tons classiques finement gaufr\u00e9s de bleu, rose et jaune, il est \u00e9galement parfait pour la chambre de b\u00e9b\u00e9.<\/p>\n<p>Fabriqu\u00e9 dans le respect total de la r\u00e9glementation europ\u00e9enne REACH, le bouton Nemo ne pr\u00e9sente pas d'ar\u00eates vives et garantit une s\u00e9curit\u00e9 maximale dans toutes les situations.<\/p>","protected":false},"excerpt":{"rendered":"<p>Direttamente dal fondo degli abissi arriva il simpatico pomolo bimbi Nemo: ispirato al celebre pesciolino della favola Disney, il pomolo Nemo \u00e8 l\u2019ideale per regalare un tocco di poesia alla camera dei bimbi amanti del mare. Tenero e colorato, il pomolo Nemo di Polideas ravviva con allegria cassettiere, mobili e armadi dandogli un tocco di [&#8230;]\n","protected":false},"featured_media":4483,"comment_status":"closed","ping_status":"closed","template":"","meta":{"_acf_changed":false},"product_brand":[],"product_cat":[24],"product_tag":[3119,3120,3112,3113,3114,3121,3122,3123,3115,3116,3124,3117,3118,3125,3126,3127,3128],"class_list":{"0":"post-10631","1":"product","2":"type-product","3":"status-publish","4":"has-post-thumbnail","6":"product_cat-maniglie-pomelli-bambini","7":"product_tag-pomelli-cameretta-bimba","8":"product_tag-pomelli-cameretta-bimbo","9":"product_tag-pomolo","10":"product_tag-pomolo-al-miglior-prezzo","11":"product_tag-pomolo-anta-mobile","12":"product_tag-pomolo-armadio","13":"product_tag-pomolo-bambini","14":"product_tag-pomolo-cameretta-bambini","15":"product_tag-pomolo-cassettiera","16":"product_tag-pomolo-cassetto","17":"product_tag-pomolo-cassetto-bambini","18":"product_tag-pomolo-mobile","19":"product_tag-pomolo-mobile-arredamento","20":"product_tag-pomolo-mobile-ragazza","21":"product_tag-pomolo-mobile-ragazzi","22":"product_tag-pomolo-mobili-bambina","23":"product_tag-pomolo-mobili-bambino","25":"first","26":"instock","27":"taxable","28":"shipping-taxable","29":"purchasable","30":"product-type-simple"},"acf":[],"_links":{"self":[{"href":"http:\/\/www.polideas.it\/fr\/wp-json\/wp\/v2\/product\/10631","targetHints":{"allow":["GET"]}}],"collection":[{"href":"http:\/\/www.polideas.it\/fr\/wp-json\/wp\/v2\/product"}],"about":[{"href":"http:\/\/www.polideas.it\/fr\/wp-json\/wp\/v2\/types\/product"}],"replies":[{"embeddable":true,"href":"http:\/\/www.polideas.it\/fr\/wp-json\/wp\/v2\/comments?post=10631"}],"wp:featuredmedia":[{"embeddable":true,"href":"http:\/\/www.polideas.it\/fr\/wp-json\/wp\/v2\/media\/4483"}],"wp:attachment":[{"href":"http:\/\/www.polideas.it\/fr\/wp-json\/wp\/v2\/media?parent=10631"}],"wp:term":[{"taxonomy":"product_brand","embeddable":true,"href":"http:\/\/www.polideas.it\/fr\/wp-json\/wp\/v2\/product_brand?post=10631"},{"taxonomy":"product_cat","embeddable":true,"href":"http:\/\/www.polideas.it\/fr\/wp-json\/wp\/v2\/product_cat?post=10631"},{"taxonomy":"product_tag","embeddable":true,"href":"http:\/\/www.polideas.it\/fr\/wp-json\/wp\/v2\/product_tag?post=10631"}],"curies":[{"name":"wp","href":"https:\/\/api.w.org\/{rel}","templated":true}]}}