{"id":10641,"date":"2022-02-28T21:59:59","date_gmt":"2022-02-28T20:59:59","guid":{"rendered":"https:\/\/www.polideas.it\/?post_type=product&#038;p=10641"},"modified":"2025-02-14T12:16:51","modified_gmt":"2025-02-14T11:16:51","slug":"bouton-darmoire-de-cuisine-bijou","status":"publish","type":"product","link":"http:\/\/www.polideas.it\/fr\/fr-2\/boutons-de-cuisine-poignees\/bouton-darmoire-de-cuisine-bijou\/","title":{"rendered":"Bouton de cuisine Jewel - Bouton de meuble de cuisine"},"content":{"rendered":"<p>Exactement comme le ferait un bijou recherch\u00e9,<strong> le bouton de cuisine Jewel de Polideas<\/strong> renouvelle le concept d'\u00e9l\u00e9gance et l'enferme dans un concentr\u00e9 de lumi\u00e8re et de sophistication.<\/p>\n<p>Compl\u00e9ment id\u00e9al des cuisines modernes, mais aussi des cuisines classiques qui ont besoin d'une touche de nouveaut\u00e9 et d'\u00e9l\u00e9gance, le <strong>Bouton de bijou<\/strong> Il apporte de la lumi\u00e8re aux meubles et met en valeur les lignes et les couleurs, ce qui rend la cuisine instantan\u00e9ment plus chic.<\/p>\n<p><strong>Disponible en version transparente<\/strong>est d\u00e9di\u00e9 \u00e0 ceux qui sont toujours \u00e0 la recherche du compl\u00e9ment sp\u00e9cial qui fait la diff\u00e9rence.<\/p>\n<p>D'un diam\u00e8tre de 42 mm et d'une profondeur de 25 mm, <strong>le bouton Jewel <\/strong>s'int\u00e8gre parfaitement dans les meubles encastr\u00e9s ou non, et reste confortable \u00e0 utiliser \u00e0 tout moment.<\/p>","protected":false},"excerpt":{"rendered":"<p>Esattamente come farebbe un ricercato bijoux, il pomello cucina Gioiello di Polideas rinnova il concetto di eleganza e lo racchiude in un concentrato di luce e raffinatezza. Complemento perfetto delle cucine moderne, ma anche di quelle classiche che hanno bisogno di un tocco di novit\u00e0 ed eleganza, il pomello Gioiello regala luce ai mobili e [&#8230;]\n","protected":false},"featured_media":11695,"comment_status":"closed","ping_status":"closed","template":"","meta":{"_acf_changed":false},"product_brand":[],"product_cat":[37],"product_tag":[3144,3145,3146,3105,3107,3147,3112,3113,3114,3121,3115,3116,3117,3118],"class_list":{"0":"post-10641","1":"product","2":"type-product","3":"status-publish","4":"has-post-thumbnail","6":"product_cat-maniglie-pomelli-cucina","7":"product_tag-pomello-anta-cucina","8":"product_tag-pomello-cassetto-cucina","9":"product_tag-pomello-cucina","10":"product_tag-pomello-design","11":"product_tag-pomello-mobile","12":"product_tag-pomello-per-mobile-cucina","13":"product_tag-pomolo","14":"product_tag-pomolo-al-miglior-prezzo","15":"product_tag-pomolo-anta-mobile","16":"product_tag-pomolo-armadio","17":"product_tag-pomolo-cassettiera","18":"product_tag-pomolo-cassetto","19":"product_tag-pomolo-mobile","20":"product_tag-pomolo-mobile-arredamento","22":"first","23":"instock","24":"taxable","25":"shipping-taxable","26":"purchasable","27":"product-type-simple"},"acf":[],"_links":{"self":[{"href":"http:\/\/www.polideas.it\/fr\/wp-json\/wp\/v2\/product\/10641","targetHints":{"allow":["GET"]}}],"collection":[{"href":"http:\/\/www.polideas.it\/fr\/wp-json\/wp\/v2\/product"}],"about":[{"href":"http:\/\/www.polideas.it\/fr\/wp-json\/wp\/v2\/types\/product"}],"replies":[{"embeddable":true,"href":"http:\/\/www.polideas.it\/fr\/wp-json\/wp\/v2\/comments?post=10641"}],"wp:featuredmedia":[{"embeddable":true,"href":"http:\/\/www.polideas.it\/fr\/wp-json\/wp\/v2\/media\/11695"}],"wp:attachment":[{"href":"http:\/\/www.polideas.it\/fr\/wp-json\/wp\/v2\/media?parent=10641"}],"wp:term":[{"taxonomy":"product_brand","embeddable":true,"href":"http:\/\/www.polideas.it\/fr\/wp-json\/wp\/v2\/product_brand?post=10641"},{"taxonomy":"product_cat","embeddable":true,"href":"http:\/\/www.polideas.it\/fr\/wp-json\/wp\/v2\/product_cat?post=10641"},{"taxonomy":"product_tag","embeddable":true,"href":"http:\/\/www.polideas.it\/fr\/wp-json\/wp\/v2\/product_tag?post=10641"}],"curies":[{"name":"wp","href":"https:\/\/api.w.org\/{rel}","templated":true}]}}