{"id":10650,"date":"2022-02-28T22:00:21","date_gmt":"2022-02-28T21:00:21","guid":{"rendered":"https:\/\/www.polideas.it\/?post_type=product&#038;p=10650"},"modified":"2025-02-21T09:52:43","modified_gmt":"2025-02-21T08:52:43","slug":"bouton-tabya-meuble-design-chrome","status":"publish","type":"product","link":"http:\/\/www.polideas.it\/fr\/fr-2\/poignees-boutons-metalliques\/bouton-tabya-meuble-design-chrome\/","title":{"rendered":"Bouton Tabya - Bouton de meuble design - Chrome poli"},"content":{"rendered":"<p>Telle une bague pr\u00e9cieuse sertie de microperles et de diamants, la <strong>Bouton Tabya de Polideas<\/strong>le compl\u00e9ment parfait pour ceux qui recherchent les d\u00e9tails sophistiqu\u00e9s, luxueux et raffin\u00e9s.<\/p>\n<p>D\u00e9di\u00e9 \u00e0 ceux qui souhaitent rendre leur salon ou leur chambre \u00e0 coucher unique et sp\u00e9cial, en leur donnant un aspect r\u00e9solument luxueux, <strong>Tabya <\/strong>est le bouton id\u00e9al pour apporter de la lumi\u00e8re et du raffinement \u00e0 des meubles plus classiques.<\/p>\n<p>Disponible dans le quartier recherch\u00e9 de <strong>effet chrome poli<\/strong>Il se marie parfaitement avec les meubles en bois fonc\u00e9, mais aussi avec les meubles modernes laqu\u00e9s auxquels on souhaite donner une touche pr\u00e9cieuse.<\/p>\n<p>Avec un diam\u00e8tre de 33,23 mm et une profondeur de 29,03 mm, il peut \u00eatre assembl\u00e9 en un instant, transformant ainsi de mani\u00e8re d\u00e9cisive n'importe quelle pi\u00e8ce.<\/p>","protected":false},"excerpt":{"rendered":"<p>Sembra un anello prezioso tempestato di micro perle e diamanti il Pomolo Tabya di Polideas, complemento perfetto di chi cerca il dettaglio ricercato, lussuoso e raffinato. Dedicato a chi desidera rendere unici e speciali i mobili del salotto o della camera da letto, conferendogli un aspetto decisamente luxury, Tabya \u00e8 il pomolo ideale per dare [&#8230;]\n","protected":false},"featured_media":13934,"comment_status":"closed","ping_status":"closed","template":"","meta":{"_acf_changed":false},"product_brand":[],"product_cat":[377],"product_tag":[3339,3222,3340,3341,3342,3343,3344,3345,3112,3113,3225,3114,3121,3115,3116,3346,3228,3117,3118,3347],"class_list":{"0":"post-10650","1":"product","2":"type-product","3":"status-publish","4":"has-post-thumbnail","6":"product_cat-maniglie-pomelli-metallo","7":"product_tag-pomello-33mm","8":"product_tag-pomello-arredo","9":"product_tag-pomello-cromato-lucido","10":"product_tag-pomello-diamanti","11":"product_tag-pomello-diamanti-mobile","12":"product_tag-pomello-dorato","13":"product_tag-pomello-dorato-diamanti","14":"product_tag-pomello-profondita-29-mm","15":"product_tag-pomolo","16":"product_tag-pomolo-al-miglior-prezzo","17":"product_tag-pomolo-anta","18":"product_tag-pomolo-anta-mobile","19":"product_tag-pomolo-armadio","20":"product_tag-pomolo-cassettiera","21":"product_tag-pomolo-cassetto","22":"product_tag-pomolo-design","23":"product_tag-pomolo-estetico","24":"product_tag-pomolo-mobile","25":"product_tag-pomolo-mobile-arredamento","26":"product_tag-pomolo-perle-diamanti","28":"first","29":"instock","30":"taxable","31":"shipping-taxable","32":"purchasable","33":"product-type-simple"},"acf":[],"_links":{"self":[{"href":"http:\/\/www.polideas.it\/fr\/wp-json\/wp\/v2\/product\/10650","targetHints":{"allow":["GET"]}}],"collection":[{"href":"http:\/\/www.polideas.it\/fr\/wp-json\/wp\/v2\/product"}],"about":[{"href":"http:\/\/www.polideas.it\/fr\/wp-json\/wp\/v2\/types\/product"}],"replies":[{"embeddable":true,"href":"http:\/\/www.polideas.it\/fr\/wp-json\/wp\/v2\/comments?post=10650"}],"wp:featuredmedia":[{"embeddable":true,"href":"http:\/\/www.polideas.it\/fr\/wp-json\/wp\/v2\/media\/13934"}],"wp:attachment":[{"href":"http:\/\/www.polideas.it\/fr\/wp-json\/wp\/v2\/media?parent=10650"}],"wp:term":[{"taxonomy":"product_brand","embeddable":true,"href":"http:\/\/www.polideas.it\/fr\/wp-json\/wp\/v2\/product_brand?post=10650"},{"taxonomy":"product_cat","embeddable":true,"href":"http:\/\/www.polideas.it\/fr\/wp-json\/wp\/v2\/product_cat?post=10650"},{"taxonomy":"product_tag","embeddable":true,"href":"http:\/\/www.polideas.it\/fr\/wp-json\/wp\/v2\/product_tag?post=10650"}],"curies":[{"name":"wp","href":"https:\/\/api.w.org\/{rel}","templated":true}]}}