{"id":10655,"date":"2022-02-28T22:00:22","date_gmt":"2022-02-28T21:00:22","guid":{"rendered":"https:\/\/www.polideas.it\/?post_type=product&#038;p=10655"},"modified":"2025-02-04T14:12:06","modified_gmt":"2025-02-04T13:12:06","slug":"karanfil-knob-furniture-design","status":"publish","type":"product","link":"http:\/\/www.polideas.it\/fr\/fr-2\/poignees-de-salon\/karanfil-knob-furniture-design\/","title":{"rendered":"Bouton Karanfil - Bouton de conception mobile"},"content":{"rendered":"<p>Il ressemble \u00e0 une bague pr\u00e9cieuse incrust\u00e9e de diamants. <strong>Bouton Karanfil par Polideas<\/strong>le compl\u00e9ment parfait pour ceux qui recherchent les d\u00e9tails sophistiqu\u00e9s, luxueux et raffin\u00e9s.<\/p>\n<p>D\u00e9di\u00e9 \u00e0 ceux qui souhaitent rendre leur salon ou leur chambre \u00e0 coucher unique et sp\u00e9cial, en leur donnant un aspect r\u00e9solument luxueux, <strong>Karanfil <\/strong>est le bouton id\u00e9al pour apporter de la lumi\u00e8re et du raffinement \u00e0 des meubles plus classiques.<\/p>\n<p>Il se marie parfaitement avec les meubles en bois fonc\u00e9, mais aussi avec les meubles modernes laqu\u00e9s auxquels on souhaite donner une touche pr\u00e9cieuse.<\/p>\n<p>Avec un diam\u00e8tre de 48 mm et une profondeur de 21 mm, il peut \u00eatre assembl\u00e9 en un instant, transformant ainsi de mani\u00e8re d\u00e9cisive n'importe quelle pi\u00e8ce.<\/p>","protected":false},"excerpt":{"rendered":"<p>Sembra un anello prezioso tempestato di diamanti il Pomolo Karanfil di Polideas, complemento perfetto di chi cerca il dettaglio ricercato, lussuoso e raffinato. Dedicato a chi desidera rendere unici e speciali i mobili del salotto o della camera da letto, conferendogli un aspetto decisamente luxury, Karanfil \u00e8 il pomolo ideale per dare luce e raffinatezza [&#8230;]\n","protected":false},"featured_media":7780,"comment_status":"closed","ping_status":"closed","template":"","meta":{"_acf_changed":false},"product_brand":[],"product_cat":[47,377],"product_tag":[3101,3102,3103,3222,3223,3104,3105,3341,3342,3107,3108,3109,3111,3112,3113,3225,3114,3121,3115,3116,3228,3357,3117,3118,3347],"class_list":{"0":"post-10655","1":"product","2":"type-product","3":"status-publish","4":"has-post-thumbnail","6":"product_cat-maniglie-pomelli-camera-soggiorno","7":"product_cat-maniglie-pomelli-metallo","8":"product_tag-pomello","9":"product_tag-pomello-anta-mobile-soggiorno","10":"product_tag-pomello-anta-soggiorno","11":"product_tag-pomello-arredo","12":"product_tag-pomello-cassettiera","13":"product_tag-pomello-cassetto-soggiorno","14":"product_tag-pomello-design","15":"product_tag-pomello-diamanti","16":"product_tag-pomello-diamanti-mobile","17":"product_tag-pomello-mobile","18":"product_tag-pomello-mobile-soggiorno","19":"product_tag-pomello-per-mobile-soggiorno","20":"product_tag-pomello-soggiorno","21":"product_tag-pomolo","22":"product_tag-pomolo-al-miglior-prezzo","23":"product_tag-pomolo-anta","24":"product_tag-pomolo-anta-mobile","25":"product_tag-pomolo-armadio","26":"product_tag-pomolo-cassettiera","27":"product_tag-pomolo-cassetto","28":"product_tag-pomolo-estetico","29":"product_tag-pomolo-karanfil","30":"product_tag-pomolo-mobile","31":"product_tag-pomolo-mobile-arredamento","32":"product_tag-pomolo-perle-diamanti","34":"first","35":"instock","36":"taxable","37":"shipping-taxable","38":"purchasable","39":"product-type-simple"},"acf":[],"_links":{"self":[{"href":"http:\/\/www.polideas.it\/fr\/wp-json\/wp\/v2\/product\/10655","targetHints":{"allow":["GET"]}}],"collection":[{"href":"http:\/\/www.polideas.it\/fr\/wp-json\/wp\/v2\/product"}],"about":[{"href":"http:\/\/www.polideas.it\/fr\/wp-json\/wp\/v2\/types\/product"}],"replies":[{"embeddable":true,"href":"http:\/\/www.polideas.it\/fr\/wp-json\/wp\/v2\/comments?post=10655"}],"wp:featuredmedia":[{"embeddable":true,"href":"http:\/\/www.polideas.it\/fr\/wp-json\/wp\/v2\/media\/7780"}],"wp:attachment":[{"href":"http:\/\/www.polideas.it\/fr\/wp-json\/wp\/v2\/media?parent=10655"}],"wp:term":[{"taxonomy":"product_brand","embeddable":true,"href":"http:\/\/www.polideas.it\/fr\/wp-json\/wp\/v2\/product_brand?post=10655"},{"taxonomy":"product_cat","embeddable":true,"href":"http:\/\/www.polideas.it\/fr\/wp-json\/wp\/v2\/product_cat?post=10655"},{"taxonomy":"product_tag","embeddable":true,"href":"http:\/\/www.polideas.it\/fr\/wp-json\/wp\/v2\/product_tag?post=10655"}],"curies":[{"name":"wp","href":"https:\/\/api.w.org\/{rel}","templated":true}]}}