{"id":10667,"date":"2022-02-28T22:00:23","date_gmt":"2022-02-28T21:00:23","guid":{"rendered":"https:\/\/www.polideas.it\/?post_type=product&#038;p=10667"},"modified":"2025-02-04T11:09:48","modified_gmt":"2025-02-04T10:09:48","slug":"life-big-c-poignee-darmoire-de-cuisine","status":"publish","type":"product","link":"http:\/\/www.polideas.it\/fr\/fr-2\/boutons-de-cuisine-poignees\/life-big-c-poignee-darmoire-de-cuisine\/","title":{"rendered":"Poign\u00e9e de cuisine Life Big C - Poign\u00e9e de cuisine"},"content":{"rendered":"<p>Solide, robuste et essentiel : <strong>la poign\u00e9e de cuisine Life Big C de Polideas<\/strong> est la solution id\u00e9ale pour compl\u00e9ter simplement et \u00e9l\u00e9gamment vos meubles de cuisine, en les r\u00e9novant en quelques \u00e9tapes simples.<\/p>\n<p>Caract\u00e9ris\u00e9 par une prise en main confortable et s\u00fbre, le <strong>poign\u00e9e Vie Big C<\/strong> est une poign\u00e9e \u00e9ternelle qui s'int\u00e8gre parfaitement dans les cuisines classiques et modernes, dont elle rehausse les lignes et les couleurs.<\/p>\n<p><strong>Disponible avec l'\u00e9l\u00e9gant abat-jour effet nickel, <\/strong>se marie parfaitement avec des meubles simples et modernes, mais aussi avec des surfaces plus sophistiqu\u00e9es et \u00e9labor\u00e9es, typiques des cuisines traditionnelles.<\/p>\n<p>180 mm de large et 25 mm de haut, <strong>la poign\u00e9e Life Big C<\/strong> permet de renouveler le design des meubles de cuisine avec peu d'efforts, en garantissant un r\u00e9sultat optimal en termes d'esth\u00e9tique et de praticit\u00e9.<\/p>","protected":false},"excerpt":{"rendered":"<p>Solida, robusta ed essenziale: la maniglia cucina Life Big C di Polideas \u00e8 la soluzione ideale per completare in modo semplice ed elegante i mobili della cucina, rinnovandoli in pochi semplici step. Caratterizzata da una presa comoda e sicura, la maniglia Life Big C \u00e8 una maniglia evergreen che si adatta perfettamente sia alle cucine [&#8230;]","protected":false},"featured_media":7418,"comment_status":"closed","ping_status":"closed","template":"","meta":{"_acf_changed":false},"product_brand":[],"product_cat":[37,377],"product_tag":[3149,3200,3150,3151,3209,3152,3153,3154,3155,3156,3158,3365,3100,3159,3160,3189,3161],"class_list":{"0":"post-10667","1":"product","2":"type-product","3":"status-publish","4":"has-post-thumbnail","6":"product_cat-maniglie-pomelli-cucina","7":"product_cat-maniglie-pomelli-metallo","8":"product_tag-maniglia","9":"product_tag-maniglia-anta","10":"product_tag-maniglia-anta-cucina","11":"product_tag-maniglia-anta-mobile","12":"product_tag-maniglia-arredo","13":"product_tag-maniglia-cassettiera","14":"product_tag-maniglia-cassetto","15":"product_tag-maniglia-cassetto-cucina","16":"product_tag-maniglia-cucina","17":"product_tag-maniglia-design","18":"product_tag-maniglia-interasse-160mm","19":"product_tag-maniglia-metallo","20":"product_tag-maniglia-mobile","21":"product_tag-maniglia-mobile-al-miglior-prezzo","22":"product_tag-maniglia-mobile-arredamento","23":"product_tag-maniglia-mobile-cucina","24":"product_tag-maniglia-per-mobile-cucina","26":"first","27":"instock","28":"taxable","29":"shipping-taxable","30":"purchasable","31":"product-type-simple"},"acf":[],"_links":{"self":[{"href":"http:\/\/www.polideas.it\/fr\/wp-json\/wp\/v2\/product\/10667","targetHints":{"allow":["GET"]}}],"collection":[{"href":"http:\/\/www.polideas.it\/fr\/wp-json\/wp\/v2\/product"}],"about":[{"href":"http:\/\/www.polideas.it\/fr\/wp-json\/wp\/v2\/types\/product"}],"replies":[{"embeddable":true,"href":"http:\/\/www.polideas.it\/fr\/wp-json\/wp\/v2\/comments?post=10667"}],"wp:featuredmedia":[{"embeddable":true,"href":"http:\/\/www.polideas.it\/fr\/wp-json\/wp\/v2\/media\/7418"}],"wp:attachment":[{"href":"http:\/\/www.polideas.it\/fr\/wp-json\/wp\/v2\/media?parent=10667"}],"wp:term":[{"taxonomy":"product_brand","embeddable":true,"href":"http:\/\/www.polideas.it\/fr\/wp-json\/wp\/v2\/product_brand?post=10667"},{"taxonomy":"product_cat","embeddable":true,"href":"http:\/\/www.polideas.it\/fr\/wp-json\/wp\/v2\/product_cat?post=10667"},{"taxonomy":"product_tag","embeddable":true,"href":"http:\/\/www.polideas.it\/fr\/wp-json\/wp\/v2\/product_tag?post=10667"}],"curies":[{"name":"wp","href":"https:\/\/api.w.org\/{rel}","templated":true}]}}