{"id":10673,"date":"2022-02-28T22:00:45","date_gmt":"2022-02-28T21:00:45","guid":{"rendered":"https:\/\/www.polideas.it\/?post_type=product&#038;p=10673"},"modified":"2025-10-20T10:22:11","modified_gmt":"2025-10-20T08:22:11","slug":"poignee-de-meuble-de-cuisine-moyenne-curviligne","status":"publish","type":"product","link":"http:\/\/www.polideas.it\/fr\/fr-2\/boutons-de-cuisine-poignees\/poignee-de-meuble-de-cuisine-moyenne-curviligne\/","title":{"rendered":"Poign\u00e9e de cuisine Curvy Medium - Poign\u00e9e de meuble de cuisine"},"content":{"rendered":"<p>Minimal et sinueux, <strong>la poign\u00e9e de cuisine Curvy Medium de Polideas<\/strong> revisite le concept de la poign\u00e9e en mettant l'accent sur l'optimisation de l'espace.<\/p>\n<p>Afin de r\u00e9duire l'encombrement, le <strong>poign\u00e9e Curvy Medium <\/strong>est id\u00e9al pour les personnes dont la cuisine n'est pas tr\u00e8s spacieuse et qui ont besoin d'utiliser au mieux l'espace sans que les boutons et les poign\u00e9es ne les g\u00eanent dans leurs d\u00e9placements.<\/p>\n<p><strong>Disponible en chrome poli, <\/strong>est excellent pour les tiroirs et les portes de taille moyenne.<\/p>\n<p>180 mm de large et 17 mm de haut, <strong>la poign\u00e9e Curvy Medium <\/strong>est facile \u00e0 assembler et offre une prise solide et s\u00fbre malgr\u00e9 sa petite taille.<\/p>","protected":false},"excerpt":{"rendered":"<p>Minimal e sinuosa, la maniglia cucina Curvy Medium di Polideas rivisita il concetto di maniglia puntando molto all\u2019ottimizzazione degli spazi. Assicurando un ingombro contenuto, la maniglia Curvy Medium \u00e8 l\u2019ideale per chi ha una cucina non troppo spaziosa e ha necessit\u00e0 di sfruttare al meglio gli spazi evitando che pomelli e maniglie diventino un intralcio [&#8230;]","protected":false},"featured_media":12001,"comment_status":"closed","ping_status":"closed","template":"","meta":{"_acf_changed":false},"product_brand":[],"product_cat":[37,377],"product_tag":[3149,3150,3151,3209,3152,3153,3154,3155,3156,3371,3372,3365,3100,3159,3160,3189,3161,3169,3373,3171,3374,3163,3375,3376,3172],"class_list":{"0":"post-10673","1":"product","2":"type-product","3":"status-publish","4":"has-post-thumbnail","6":"product_cat-maniglie-pomelli-cucina","7":"product_cat-maniglie-pomelli-metallo","8":"product_tag-maniglia","9":"product_tag-maniglia-anta-cucina","10":"product_tag-maniglia-anta-mobile","11":"product_tag-maniglia-arredo","12":"product_tag-maniglia-cassettiera","13":"product_tag-maniglia-cassetto","14":"product_tag-maniglia-cassetto-cucina","15":"product_tag-maniglia-cucina","16":"product_tag-maniglia-design","17":"product_tag-maniglia-interasse-162mm","18":"product_tag-maniglia-lucida","19":"product_tag-maniglia-metallo","20":"product_tag-maniglia-mobile","21":"product_tag-maniglia-mobile-al-miglior-prezzo","22":"product_tag-maniglia-mobile-arredamento","23":"product_tag-maniglia-mobile-cucina","24":"product_tag-maniglia-per-mobile-cucina","25":"product_tag-maniglie-cucina","26":"product_tag-maniglie-cucina-acciaio-lucido","27":"product_tag-maniglie-cucina-cromate","28":"product_tag-maniglie-da-cucina","29":"product_tag-maniglie-mobili-cucina","30":"product_tag-maniglie-per-ante-cucina","31":"product_tag-maniglie-per-cucina","32":"product_tag-maniglie-per-mobili-cucina","34":"first","35":"instock","36":"taxable","37":"shipping-taxable","38":"purchasable","39":"product-type-simple"},"acf":[],"_links":{"self":[{"href":"http:\/\/www.polideas.it\/fr\/wp-json\/wp\/v2\/product\/10673","targetHints":{"allow":["GET"]}}],"collection":[{"href":"http:\/\/www.polideas.it\/fr\/wp-json\/wp\/v2\/product"}],"about":[{"href":"http:\/\/www.polideas.it\/fr\/wp-json\/wp\/v2\/types\/product"}],"replies":[{"embeddable":true,"href":"http:\/\/www.polideas.it\/fr\/wp-json\/wp\/v2\/comments?post=10673"}],"wp:featuredmedia":[{"embeddable":true,"href":"http:\/\/www.polideas.it\/fr\/wp-json\/wp\/v2\/media\/12001"}],"wp:attachment":[{"href":"http:\/\/www.polideas.it\/fr\/wp-json\/wp\/v2\/media?parent=10673"}],"wp:term":[{"taxonomy":"product_brand","embeddable":true,"href":"http:\/\/www.polideas.it\/fr\/wp-json\/wp\/v2\/product_brand?post=10673"},{"taxonomy":"product_cat","embeddable":true,"href":"http:\/\/www.polideas.it\/fr\/wp-json\/wp\/v2\/product_cat?post=10673"},{"taxonomy":"product_tag","embeddable":true,"href":"http:\/\/www.polideas.it\/fr\/wp-json\/wp\/v2\/product_tag?post=10673"}],"curies":[{"name":"wp","href":"https:\/\/api.w.org\/{rel}","templated":true}]}}