{"id":10680,"date":"2022-02-28T22:00:46","date_gmt":"2022-02-28T21:00:46","guid":{"rendered":"https:\/\/www.polideas.it\/?post_type=product&#038;p=10680"},"modified":"2025-02-04T10:05:59","modified_gmt":"2025-02-04T09:05:59","slug":"poignee-de-cuisine-et-poignee-darmoire-de-cuisine","status":"publish","type":"product","link":"http:\/\/www.polideas.it\/fr\/fr-2\/boutons-de-cuisine-poignees\/poignee-de-cuisine-et-poignee-darmoire-de-cuisine\/","title":{"rendered":"Poign\u00e9e de cuisine Stick E - Poign\u00e9e de meuble de cuisine"},"content":{"rendered":"<p>Une conception \u00e9tudi\u00e9e dans les moindres d\u00e9tails pour garantir les meilleures performances possibles avec un encombrement minimum, pour le <strong>Poign\u00e9e de cuisine Stick E de Polideas.<\/strong><\/p>\n<p>Avec une ligne inattendue, sinueuse et courb\u00e9e, <strong>B\u00e2ton E<\/strong> est le manche id\u00e9al pour r\u00e9nover imm\u00e9diatement les vieux meubles d'une cuisine de style traditionnel, mais aussi pour donner un coup de jeune aux cuisines modernes.<\/p>\n<p>Disponible dans l'\u00e9l\u00e9gante <strong>version chrome poli<\/strong>la poign\u00e9e Stick E se pr\u00eate \u00e0 diff\u00e9rentes interpr\u00e9tations d'ameublement, en \u00e9tant toujours confortable et raffin\u00e9e, parfaite dans toutes les situations.<\/p>\n<p>Large et robuste, avec une largeur de 290 mm et une hauteur de 25 mm, il permet de <strong>une prise ferme et s\u00fbre avec tous les types de meubles<\/strong>.<\/p>","protected":false},"excerpt":{"rendered":"<p>Design studiato nei minimi dettagli per garantire la migliore resa possibile con un ingombro minimo, per la maniglia cucina Stick E di Polideas. Dalla linea inaspettata, sinuosa e curva, Stick E \u00e8 la maniglia ideale per rinnovare immediatamente i vecchi mobili di una cucina dallo stile tradizionale, ma anche per dare una marcia in pi\u00f9 [&#8230;]\n","protected":false},"featured_media":7387,"comment_status":"closed","ping_status":"closed","template":"","meta":{"_acf_changed":false},"product_brand":[],"product_cat":[37,377],"product_tag":[3149,3200,3150,3151,3209,3152,3153,3154,3155,3370,3156,3390,3100,3159,3160,3161,3310],"class_list":{"0":"post-10680","1":"product","2":"type-product","3":"status-publish","4":"has-post-thumbnail","6":"product_cat-maniglie-pomelli-cucina","7":"product_cat-maniglie-pomelli-metallo","8":"product_tag-maniglia","9":"product_tag-maniglia-anta","10":"product_tag-maniglia-anta-cucina","11":"product_tag-maniglia-anta-mobile","12":"product_tag-maniglia-arredo","13":"product_tag-maniglia-cassettiera","14":"product_tag-maniglia-cassetto","15":"product_tag-maniglia-cassetto-cucina","16":"product_tag-maniglia-cucina","17":"product_tag-maniglia-curva","18":"product_tag-maniglia-design","19":"product_tag-maniglia-interasse-224-mm","20":"product_tag-maniglia-mobile","21":"product_tag-maniglia-mobile-al-miglior-prezzo","22":"product_tag-maniglia-mobile-arredamento","23":"product_tag-maniglia-per-mobile-cucina","24":"product_tag-maniglia-polideas","26":"first","27":"instock","28":"taxable","29":"shipping-taxable","30":"purchasable","31":"product-type-simple"},"acf":[],"_links":{"self":[{"href":"http:\/\/www.polideas.it\/fr\/wp-json\/wp\/v2\/product\/10680","targetHints":{"allow":["GET"]}}],"collection":[{"href":"http:\/\/www.polideas.it\/fr\/wp-json\/wp\/v2\/product"}],"about":[{"href":"http:\/\/www.polideas.it\/fr\/wp-json\/wp\/v2\/types\/product"}],"replies":[{"embeddable":true,"href":"http:\/\/www.polideas.it\/fr\/wp-json\/wp\/v2\/comments?post=10680"}],"wp:featuredmedia":[{"embeddable":true,"href":"http:\/\/www.polideas.it\/fr\/wp-json\/wp\/v2\/media\/7387"}],"wp:attachment":[{"href":"http:\/\/www.polideas.it\/fr\/wp-json\/wp\/v2\/media?parent=10680"}],"wp:term":[{"taxonomy":"product_brand","embeddable":true,"href":"http:\/\/www.polideas.it\/fr\/wp-json\/wp\/v2\/product_brand?post=10680"},{"taxonomy":"product_cat","embeddable":true,"href":"http:\/\/www.polideas.it\/fr\/wp-json\/wp\/v2\/product_cat?post=10680"},{"taxonomy":"product_tag","embeddable":true,"href":"http:\/\/www.polideas.it\/fr\/wp-json\/wp\/v2\/product_tag?post=10680"}],"curies":[{"name":"wp","href":"https:\/\/api.w.org\/{rel}","templated":true}]}}