{"id":10681,"date":"2022-02-28T22:00:46","date_gmt":"2022-02-28T21:00:46","guid":{"rendered":"https:\/\/www.polideas.it\/?post_type=product&#038;p=10681"},"modified":"2025-02-04T11:47:52","modified_gmt":"2025-02-04T10:47:52","slug":"selen-petite-poignee-design-mobile","status":"publish","type":"product","link":"http:\/\/www.polideas.it\/fr\/fr-2\/poignees-boutons-metalliques\/selen-petite-poignee-design-mobile\/","title":{"rendered":"Poign\u00e9e SELEN Small - Mobile Design Handle"},"content":{"rendered":"<p>La poign\u00e9e <strong>Selen Small by Polideas<\/strong> se caract\u00e9rise par un style pr\u00e9cieux et sophistiqu\u00e9.<\/p>\n<p>Juste <strong>comme un bijou<\/strong>cette poign\u00e9e met en valeur toute porte, armoire ou tiroir sur lequel elle est appliqu\u00e9e, renouvelant ainsi l'aspect de toute la pi\u00e8ce en un instant.<\/p>\n<p><strong>El\u00e9gant et lumineux<\/strong>Selen Small est disponible dans une version chrom\u00e9e polie, id\u00e9ale pour ajouter une touche de classe aux meubles modernes aux surfaces laqu\u00e9es, mais aussi pour compl\u00e9ter les meubles blancs ou en bois clair \u00e0 la saveur scandinave.<\/p>\n<p>146 mm de large et 10,50 de haut, il est \u00e9galement id\u00e9al pour <strong>tables de chevet et petits tiroirs.<\/strong><\/p>","protected":false},"excerpt":{"rendered":"<p>La maniglia Selen Small di Polideas si contraddistingue per il suo stile prezioso e ricercato. Proprio come un gioiello, questa maniglia impreziosisce qualunque anta, mobile o cassetto a cui viene applicata, rinnovando in un attimo l\u2019aspetto dell\u2019intera stanza. Elegante e luminosa, Selen Small \u00e8 disponibile nella versione cromata lucida, ottima per regalare un tocco di [&#8230;]\n","protected":false},"featured_media":7384,"comment_status":"closed","ping_status":"closed","template":"","meta":{"_acf_changed":false},"product_brand":[],"product_cat":[377],"product_tag":[3149,3200,3151,3209,3152,3153,3391,3176,3392,3100,3159,3160,3310,3393],"class_list":{"0":"post-10681","1":"product","2":"type-product","3":"status-publish","4":"has-post-thumbnail","6":"product_cat-maniglie-pomelli-metallo","7":"product_tag-maniglia","8":"product_tag-maniglia-anta","9":"product_tag-maniglia-anta-mobile","10":"product_tag-maniglia-arredo","11":"product_tag-maniglia-cassettiera","12":"product_tag-maniglia-cassetto","13":"product_tag-maniglia-diamanti","14":"product_tag-maniglia-interasse-128mm","15":"product_tag-maniglia-metal","16":"product_tag-maniglia-mobile","17":"product_tag-maniglia-mobile-al-miglior-prezzo","18":"product_tag-maniglia-mobile-arredamento","19":"product_tag-maniglia-polideas","20":"product_tag-maniglia-preziosa","22":"first","23":"instock","24":"taxable","25":"shipping-taxable","26":"purchasable","27":"product-type-simple"},"acf":[],"_links":{"self":[{"href":"http:\/\/www.polideas.it\/fr\/wp-json\/wp\/v2\/product\/10681","targetHints":{"allow":["GET"]}}],"collection":[{"href":"http:\/\/www.polideas.it\/fr\/wp-json\/wp\/v2\/product"}],"about":[{"href":"http:\/\/www.polideas.it\/fr\/wp-json\/wp\/v2\/types\/product"}],"replies":[{"embeddable":true,"href":"http:\/\/www.polideas.it\/fr\/wp-json\/wp\/v2\/comments?post=10681"}],"wp:featuredmedia":[{"embeddable":true,"href":"http:\/\/www.polideas.it\/fr\/wp-json\/wp\/v2\/media\/7384"}],"wp:attachment":[{"href":"http:\/\/www.polideas.it\/fr\/wp-json\/wp\/v2\/media?parent=10681"}],"wp:term":[{"taxonomy":"product_brand","embeddable":true,"href":"http:\/\/www.polideas.it\/fr\/wp-json\/wp\/v2\/product_brand?post=10681"},{"taxonomy":"product_cat","embeddable":true,"href":"http:\/\/www.polideas.it\/fr\/wp-json\/wp\/v2\/product_cat?post=10681"},{"taxonomy":"product_tag","embeddable":true,"href":"http:\/\/www.polideas.it\/fr\/wp-json\/wp\/v2\/product_tag?post=10681"}],"curies":[{"name":"wp","href":"https:\/\/api.w.org\/{rel}","templated":true}]}}