{"id":10682,"date":"2022-02-28T22:00:46","date_gmt":"2022-02-28T21:00:46","guid":{"rendered":"https:\/\/www.polideas.it\/?post_type=product&#038;p=10682"},"modified":"2025-02-04T11:46:13","modified_gmt":"2025-02-04T10:46:13","slug":"selen-handle-furniture-design","status":"publish","type":"product","link":"http:\/\/www.polideas.it\/fr\/fr-2\/poignees-boutons-metalliques\/selen-handle-furniture-design\/","title":{"rendered":"Poign\u00e9e SELEN - Poign\u00e9e design mobile"},"content":{"rendered":"<p>La poign\u00e9e <strong>Selen de Polideas<\/strong> se caract\u00e9rise par un style pr\u00e9cieux et sophistiqu\u00e9.<\/p>\n<p>Juste <strong>comme un bijou<\/strong>cette poign\u00e9e met en valeur toute porte, armoire ou tiroir sur lequel elle est appliqu\u00e9e, renouvelant ainsi l'aspect de toute la pi\u00e8ce en un instant.<\/p>\n<p><strong>El\u00e9gant et lumineux<\/strong>Selen est disponible dans une version chrom\u00e9e polie, id\u00e9ale pour ajouter une touche de classe aux meubles modernes aux surfaces laqu\u00e9es, mais aussi pour compl\u00e9ter avec style les meubles blancs ou en bois clair \u00e0 la saveur scandinave.<\/p>\n<p>178 mm de large et 10,50 de haut est id\u00e9al pour les <strong>les meubles de petite et moyenne taille.<\/strong><\/p>","protected":false},"excerpt":{"rendered":"<p>La maniglia Selen di Polideas si contraddistingue per il suo stile prezioso e ricercato. Proprio come un gioiello, questa maniglia impreziosisce qualunque anta, mobile o cassetto a cui viene applicata, rinnovando in un attimo l\u2019aspetto dell\u2019intera stanza. Elegante e luminosa, Selen \u00e8 disponibile nella versione cromata lucida, ottima per regalare un tocco di classe ai [&#8230;]\n","protected":false},"featured_media":7381,"comment_status":"closed","ping_status":"closed","template":"","meta":{"_acf_changed":false},"product_brand":[],"product_cat":[377],"product_tag":[3149,3200,3151,3152,3153,3391,3158,3392,3365,3100,3159,3160,3310,3393,3394],"class_list":{"0":"post-10682","1":"product","2":"type-product","3":"status-publish","4":"has-post-thumbnail","6":"product_cat-maniglie-pomelli-metallo","7":"product_tag-maniglia","8":"product_tag-maniglia-anta","9":"product_tag-maniglia-anta-mobile","10":"product_tag-maniglia-cassettiera","11":"product_tag-maniglia-cassetto","12":"product_tag-maniglia-diamanti","13":"product_tag-maniglia-interasse-160mm","14":"product_tag-maniglia-metal","15":"product_tag-maniglia-metallo","16":"product_tag-maniglia-mobile","17":"product_tag-maniglia-mobile-al-miglior-prezzo","18":"product_tag-maniglia-mobile-arredamento","19":"product_tag-maniglia-polideas","20":"product_tag-maniglia-preziosa","21":"product_tag-maniglia-salotto","23":"first","24":"instock","25":"taxable","26":"shipping-taxable","27":"purchasable","28":"product-type-simple"},"acf":[],"_links":{"self":[{"href":"http:\/\/www.polideas.it\/fr\/wp-json\/wp\/v2\/product\/10682","targetHints":{"allow":["GET"]}}],"collection":[{"href":"http:\/\/www.polideas.it\/fr\/wp-json\/wp\/v2\/product"}],"about":[{"href":"http:\/\/www.polideas.it\/fr\/wp-json\/wp\/v2\/types\/product"}],"replies":[{"embeddable":true,"href":"http:\/\/www.polideas.it\/fr\/wp-json\/wp\/v2\/comments?post=10682"}],"wp:featuredmedia":[{"embeddable":true,"href":"http:\/\/www.polideas.it\/fr\/wp-json\/wp\/v2\/media\/7381"}],"wp:attachment":[{"href":"http:\/\/www.polideas.it\/fr\/wp-json\/wp\/v2\/media?parent=10682"}],"wp:term":[{"taxonomy":"product_brand","embeddable":true,"href":"http:\/\/www.polideas.it\/fr\/wp-json\/wp\/v2\/product_brand?post=10682"},{"taxonomy":"product_cat","embeddable":true,"href":"http:\/\/www.polideas.it\/fr\/wp-json\/wp\/v2\/product_cat?post=10682"},{"taxonomy":"product_tag","embeddable":true,"href":"http:\/\/www.polideas.it\/fr\/wp-json\/wp\/v2\/product_tag?post=10682"}],"curies":[{"name":"wp","href":"https:\/\/api.w.org\/{rel}","templated":true}]}}