{"id":10683,"date":"2022-02-28T22:00:46","date_gmt":"2022-02-28T21:00:46","guid":{"rendered":"https:\/\/www.polideas.it\/?post_type=product&#038;p=10683"},"modified":"2025-02-04T11:18:27","modified_gmt":"2025-02-04T10:18:27","slug":"poignee-zambak-meuble-design-effet-argente","status":"publish","type":"product","link":"http:\/\/www.polideas.it\/fr\/fr-2\/poignees-boutons-metalliques\/poignee-zambak-meuble-design-effet-argente\/","title":{"rendered":"Poign\u00e9e Zambak - Poign\u00e9e design mobile - Effet argent\u00e9"},"content":{"rendered":"<p>El\u00e9gant et sinueux, <strong>la poign\u00e9e Zambak de Polideas<\/strong> est plus qu'une simple poign\u00e9e : avec son design raffin\u00e9, elle est la solution id\u00e9ale pour embellir les meubles les plus anciens et les plus pr\u00e9cieux.<\/p>\n<p>Parfait pour ceux qui aiment les compl\u00e9ments \u00e0 effet bijou, <strong>Zambak<\/strong> rappelle par sa forme une cl\u00e9 de sol ou un \u00e9l\u00e9gant symbole de l'infini cisel\u00e9 et renouvel\u00e9 en ligne.<\/p>\n<p>Disponible dans le quartier recherch\u00e9 de <strong>des nuances dor\u00e9es et un effet chrom\u00e9 r\u00e9solument chic<\/strong>C'est le choix id\u00e9al pour embellir et renouveler avec style le mobilier habituel, en lui donnant imm\u00e9diatement une allure tr\u00e8s sp\u00e9ciale.<\/p>","protected":false},"excerpt":{"rendered":"<p>Elegante e sinuosa, la maniglia Zambak di Polideas \u00e8 pi\u00f9 di una semplice maniglia: con il suo design d\u2019autore ricercato e raffinato \u00e8 la soluzione ideale per impreziosire i mobili pi\u00f9 antichi e pregiati. Perfetta per chi ama i complementi ad effetto gioiello, Zambak ricorda con la sua forma una chiave di violino o un [&#8230;]","protected":false},"featured_media":12031,"comment_status":"closed","ping_status":"closed","template":"","meta":{"_acf_changed":false},"product_brand":[],"product_cat":[377],"product_tag":[3149,3200,3151,3152,3153,3395,3176,3100,3159,3160,3310],"class_list":{"0":"post-10683","1":"product","2":"type-product","3":"status-publish","4":"has-post-thumbnail","6":"product_cat-maniglie-pomelli-metallo","7":"product_tag-maniglia","8":"product_tag-maniglia-anta","9":"product_tag-maniglia-anta-mobile","10":"product_tag-maniglia-cassettiera","11":"product_tag-maniglia-cassetto","12":"product_tag-maniglia-dorata","13":"product_tag-maniglia-interasse-128mm","14":"product_tag-maniglia-mobile","15":"product_tag-maniglia-mobile-al-miglior-prezzo","16":"product_tag-maniglia-mobile-arredamento","17":"product_tag-maniglia-polideas","19":"first","20":"instock","21":"taxable","22":"shipping-taxable","23":"purchasable","24":"product-type-simple"},"acf":[],"_links":{"self":[{"href":"http:\/\/www.polideas.it\/fr\/wp-json\/wp\/v2\/product\/10683","targetHints":{"allow":["GET"]}}],"collection":[{"href":"http:\/\/www.polideas.it\/fr\/wp-json\/wp\/v2\/product"}],"about":[{"href":"http:\/\/www.polideas.it\/fr\/wp-json\/wp\/v2\/types\/product"}],"replies":[{"embeddable":true,"href":"http:\/\/www.polideas.it\/fr\/wp-json\/wp\/v2\/comments?post=10683"}],"wp:featuredmedia":[{"embeddable":true,"href":"http:\/\/www.polideas.it\/fr\/wp-json\/wp\/v2\/media\/12031"}],"wp:attachment":[{"href":"http:\/\/www.polideas.it\/fr\/wp-json\/wp\/v2\/media?parent=10683"}],"wp:term":[{"taxonomy":"product_brand","embeddable":true,"href":"http:\/\/www.polideas.it\/fr\/wp-json\/wp\/v2\/product_brand?post=10683"},{"taxonomy":"product_cat","embeddable":true,"href":"http:\/\/www.polideas.it\/fr\/wp-json\/wp\/v2\/product_cat?post=10683"},{"taxonomy":"product_tag","embeddable":true,"href":"http:\/\/www.polideas.it\/fr\/wp-json\/wp\/v2\/product_tag?post=10683"}],"curies":[{"name":"wp","href":"https:\/\/api.w.org\/{rel}","templated":true}]}}