{"id":10688,"date":"2022-02-28T22:00:47","date_gmt":"2022-02-28T21:00:47","guid":{"rendered":"https:\/\/www.polideas.it\/?post_type=product&#038;p=10688"},"modified":"2025-02-04T11:41:17","modified_gmt":"2025-02-04T10:41:17","slug":"poignee-dicle-tasli-grande-poignee-mobile-design","status":"publish","type":"product","link":"http:\/\/www.polideas.it\/fr\/fr-2\/poignees-boutons-metalliques\/poignee-dicle-tasli-grande-poignee-mobile-design\/","title":{"rendered":"Dicle handle Tasli Big - Mobile Design Handle"},"content":{"rendered":"<p>La poign\u00e9e ressemble \u00e0 un collier \u00e9l\u00e9gant et pr\u00e9cieux serti de diamants. <strong>Dicle Tasli Big de Polideas.<\/strong><\/p>\n<p>Ce n'est pas la poign\u00e9e habituelle, mais un compl\u00e9ment pr\u00e9cieux et raffin\u00e9 qui convient \u00e0 ceux qui souhaitent renouveler le mobilier de leur maison ou lui donner un aspect luxueux et raffin\u00e9.<\/p>\n<p>Disponible dans un \u00e9l\u00e9gant effet m\u00e9tallique chrom\u00e9 brillant, <strong>Dicle Tasli Big<\/strong> est la poign\u00e9e id\u00e9ale pour \u00e9clairer les meubles sombres, mais aussi pour cr\u00e9er de fascinants jeux de lumi\u00e8re sur des meubles plus clairs et plus color\u00e9s.<\/p>\n<p>La largeur de 172 mm et la hauteur de 15,45 mm assurent une prise en main ferme et s\u00fbre tout en conservant une bonne visibilit\u00e9. <strong>apparence d\u00e9licate et chic<\/strong>.<\/p>","protected":false},"excerpt":{"rendered":"<p>Sembra un elegante e prezioso collier tempestato di diamanti la maniglia Dicle Tasli Big di Polideas. Non la solita maniglia, ma un complemento prezioso e ricercato adatto a chi desidera rinnovare i mobili della propria casa o conferire loro un aspetto lussuoso e raffinato. Disponibile nell\u2019elegante effetto metal cromato lucido, Dicle Tasli Big \u00e8 la [&#8230;]\n","protected":false},"featured_media":13710,"comment_status":"closed","ping_status":"closed","template":"","meta":{"_acf_changed":false},"product_brand":[],"product_cat":[377],"product_tag":[3149,3200,3151,3209,3152,3153,3156,3391,3158,3100,3159,3160,3310],"class_list":{"0":"post-10688","1":"product","2":"type-product","3":"status-publish","4":"has-post-thumbnail","6":"product_cat-maniglie-pomelli-metallo","7":"product_tag-maniglia","8":"product_tag-maniglia-anta","9":"product_tag-maniglia-anta-mobile","10":"product_tag-maniglia-arredo","11":"product_tag-maniglia-cassettiera","12":"product_tag-maniglia-cassetto","13":"product_tag-maniglia-design","14":"product_tag-maniglia-diamanti","15":"product_tag-maniglia-interasse-160mm","16":"product_tag-maniglia-mobile","17":"product_tag-maniglia-mobile-al-miglior-prezzo","18":"product_tag-maniglia-mobile-arredamento","19":"product_tag-maniglia-polideas","21":"first","22":"instock","23":"taxable","24":"shipping-taxable","25":"purchasable","26":"product-type-simple"},"acf":[],"_links":{"self":[{"href":"http:\/\/www.polideas.it\/fr\/wp-json\/wp\/v2\/product\/10688","targetHints":{"allow":["GET"]}}],"collection":[{"href":"http:\/\/www.polideas.it\/fr\/wp-json\/wp\/v2\/product"}],"about":[{"href":"http:\/\/www.polideas.it\/fr\/wp-json\/wp\/v2\/types\/product"}],"replies":[{"embeddable":true,"href":"http:\/\/www.polideas.it\/fr\/wp-json\/wp\/v2\/comments?post=10688"}],"wp:featuredmedia":[{"embeddable":true,"href":"http:\/\/www.polideas.it\/fr\/wp-json\/wp\/v2\/media\/13710"}],"wp:attachment":[{"href":"http:\/\/www.polideas.it\/fr\/wp-json\/wp\/v2\/media?parent=10688"}],"wp:term":[{"taxonomy":"product_brand","embeddable":true,"href":"http:\/\/www.polideas.it\/fr\/wp-json\/wp\/v2\/product_brand?post=10688"},{"taxonomy":"product_cat","embeddable":true,"href":"http:\/\/www.polideas.it\/fr\/wp-json\/wp\/v2\/product_cat?post=10688"},{"taxonomy":"product_tag","embeddable":true,"href":"http:\/\/www.polideas.it\/fr\/wp-json\/wp\/v2\/product_tag?post=10688"}],"curies":[{"name":"wp","href":"https:\/\/api.w.org\/{rel}","templated":true}]}}