{"id":10694,"date":"2022-02-28T22:00:48","date_gmt":"2022-02-28T21:00:48","guid":{"rendered":"https:\/\/www.polideas.it\/?post_type=product&#038;p=10694"},"modified":"2025-02-04T11:23:22","modified_gmt":"2025-02-04T10:23:22","slug":"poignee-elegante-avec-decoration-centrale-poignee-de-meuble-design-laque-noir","status":"publish","type":"product","link":"http:\/\/www.polideas.it\/fr\/fr-2\/poignees-boutons-metalliques\/poignee-elegante-avec-decoration-centrale-poignee-de-meuble-design-laque-noir\/","title":{"rendered":"Poign\u00e9e \u00e9l\u00e9gante avec d\u00e9coration centrale - Mobile Design Poign\u00e9e - Laqu\u00e9 noir"},"content":{"rendered":"","protected":false},"excerpt":{"rendered":"","protected":false},"featured_media":11936,"comment_status":"closed","ping_status":"closed","template":"","meta":{"_acf_changed":false},"product_brand":[],"product_cat":[377],"product_tag":[3149,3151,3152,3153,3286,3193,3392,3378,3100,3159,3160,3310],"class_list":{"0":"post-10694","1":"product","2":"type-product","3":"status-publish","4":"has-post-thumbnail","6":"product_cat-maniglie-pomelli-metallo","7":"product_tag-maniglia","8":"product_tag-maniglia-anta-mobile","9":"product_tag-maniglia-cassettiera","10":"product_tag-maniglia-cassetto","11":"product_tag-maniglia-elegante","12":"product_tag-maniglia-interasse-96mm","13":"product_tag-maniglia-metal","14":"product_tag-maniglia-metallo-mobile","15":"product_tag-maniglia-mobile","16":"product_tag-maniglia-mobile-al-miglior-prezzo","17":"product_tag-maniglia-mobile-arredamento","18":"product_tag-maniglia-polideas","20":"first","21":"instock","22":"taxable","23":"shipping-taxable","24":"purchasable","25":"product-type-simple"},"acf":[],"_links":{"self":[{"href":"http:\/\/www.polideas.it\/fr\/wp-json\/wp\/v2\/product\/10694","targetHints":{"allow":["GET"]}}],"collection":[{"href":"http:\/\/www.polideas.it\/fr\/wp-json\/wp\/v2\/product"}],"about":[{"href":"http:\/\/www.polideas.it\/fr\/wp-json\/wp\/v2\/types\/product"}],"replies":[{"embeddable":true,"href":"http:\/\/www.polideas.it\/fr\/wp-json\/wp\/v2\/comments?post=10694"}],"wp:featuredmedia":[{"embeddable":true,"href":"http:\/\/www.polideas.it\/fr\/wp-json\/wp\/v2\/media\/11936"}],"wp:attachment":[{"href":"http:\/\/www.polideas.it\/fr\/wp-json\/wp\/v2\/media?parent=10694"}],"wp:term":[{"taxonomy":"product_brand","embeddable":true,"href":"http:\/\/www.polideas.it\/fr\/wp-json\/wp\/v2\/product_brand?post=10694"},{"taxonomy":"product_cat","embeddable":true,"href":"http:\/\/www.polideas.it\/fr\/wp-json\/wp\/v2\/product_cat?post=10694"},{"taxonomy":"product_tag","embeddable":true,"href":"http:\/\/www.polideas.it\/fr\/wp-json\/wp\/v2\/product_tag?post=10694"}],"curies":[{"name":"wp","href":"https:\/\/api.w.org\/{rel}","templated":true}]}}