{"id":10707,"date":"2022-02-28T22:01:10","date_gmt":"2022-02-28T21:01:10","guid":{"rendered":"https:\/\/www.polideas.it\/?post_type=product&#038;p=10707"},"modified":"2025-02-03T10:52:22","modified_gmt":"2025-02-03T09:52:22","slug":"pied-solide-pour-le-design-de-meubles-a-effet-aluminium","status":"publish","type":"product","link":"http:\/\/www.polideas.it\/fr\/fr-2\/les-pieds-et-les-pieds-mobiles-2\/pied-solide-pour-le-design-de-meubles-a-effet-aluminium\/","title":{"rendered":"Solid Foot - Pieds pour le design de meubles - Effet aluminium"},"content":{"rendered":"<p>Pour personnaliser les meubles et les armoires, l'id\u00e9al est d'opter pour des produits de qualit\u00e9. <strong>pieds solides et robustes<\/strong>mais qui s'int\u00e8grent parfaitement au style de la maison.<\/p>\n<p>En effet, les pieds repr\u00e9sentent ce d\u00e9tail unique et reconnaissable qui permet d'uniformiser les pi\u00e8ces sans sacrifier l'\u00e9l\u00e9gance.<\/p>\n<p><strong>Polideas Solid Foot<\/strong> est le compl\u00e9ment id\u00e9al de meubles plus modernes, mais aussi pour donner une touche de nouveaut\u00e9 \u00e0 des meubles au design plus traditionnel, gr\u00e2ce \u00e0 son design l\u00e9g\u00e8rement vintage.<\/p>\n<p>Disponible en chrome poli et en effet aluminium.<\/p>","protected":false},"excerpt":{"rendered":"<p>Per personalizzare mobili e mobiletti, l\u2019ideale \u00e8 puntare su dei piedini solidi e robusti, ma che si adattino perfettamente allo stile della propria casa. I piedini rappresentano infatti quel dettaglio unico e riconoscibile che permette di uniformare gli ambienti senza rinunciare all\u2019eleganza. Piedino Solid di Polideas \u00e8 il complemento ideale dei mobili pi\u00f9 moderni, ma [&#8230;]\n","protected":false},"featured_media":13844,"comment_status":"closed","ping_status":"closed","template":"","meta":{"_acf_changed":false},"product_brand":[],"product_cat":[58],"product_tag":[3358,3359,3360,3361,3362,3363,3364],"class_list":{"0":"post-10707","1":"product","2":"type-product","3":"status-publish","4":"has-post-thumbnail","6":"product_cat-piedini-e-piedi-mobili","7":"product_tag-piede-per-mobile","8":"product_tag-piedini-per-mobili","9":"product_tag-piedino-design-mobile","10":"product_tag-piedino-mobile","11":"product_tag-piedino-mobile-cucina","12":"product_tag-piedino-mobile-salotto","13":"product_tag-piedino-mobile-soggiorno","15":"first","16":"instock","17":"taxable","18":"shipping-taxable","19":"purchasable","20":"product-type-simple"},"acf":[],"_links":{"self":[{"href":"http:\/\/www.polideas.it\/fr\/wp-json\/wp\/v2\/product\/10707","targetHints":{"allow":["GET"]}}],"collection":[{"href":"http:\/\/www.polideas.it\/fr\/wp-json\/wp\/v2\/product"}],"about":[{"href":"http:\/\/www.polideas.it\/fr\/wp-json\/wp\/v2\/types\/product"}],"replies":[{"embeddable":true,"href":"http:\/\/www.polideas.it\/fr\/wp-json\/wp\/v2\/comments?post=10707"}],"wp:featuredmedia":[{"embeddable":true,"href":"http:\/\/www.polideas.it\/fr\/wp-json\/wp\/v2\/media\/13844"}],"wp:attachment":[{"href":"http:\/\/www.polideas.it\/fr\/wp-json\/wp\/v2\/media?parent=10707"}],"wp:term":[{"taxonomy":"product_brand","embeddable":true,"href":"http:\/\/www.polideas.it\/fr\/wp-json\/wp\/v2\/product_brand?post=10707"},{"taxonomy":"product_cat","embeddable":true,"href":"http:\/\/www.polideas.it\/fr\/wp-json\/wp\/v2\/product_cat?post=10707"},{"taxonomy":"product_tag","embeddable":true,"href":"http:\/\/www.polideas.it\/fr\/wp-json\/wp\/v2\/product_tag?post=10707"}],"curies":[{"name":"wp","href":"https:\/\/api.w.org\/{rel}","templated":true}]}}