{"id":10711,"date":"2022-02-28T22:01:11","date_gmt":"2022-02-28T21:01:11","guid":{"rendered":"https:\/\/www.polideas.it\/?post_type=product&#038;p=10711"},"modified":"2025-01-29T11:24:35","modified_gmt":"2025-01-29T10:24:35","slug":"profil-c-grande-poignee-design-mobile","status":"publish","type":"product","link":"http:\/\/www.polideas.it\/fr\/fr-2\/poignees-de-salon\/profil-c-grande-poignee-design-mobile\/","title":{"rendered":"Poign\u00e9e Profil C Big - Mobile Design Handle"},"content":{"rendered":"<p>Raffin\u00e9 et subtil, mais robuste : c'est l'identit\u00e9 de la marque. <strong>poign\u00e9e<\/strong> <strong>Profil C Big de Polideas<\/strong>.<\/p>\n<p>Alliant style et praticit\u00e9 d'utilisation, Profile C Big est destin\u00e9 \u00e0 ceux qui souhaitent personnaliser les meubles de la chambre \u00e0 coucher, de l'entr\u00e9e et de l'espace de vie de mani\u00e8re \u00e9l\u00e9gante gr\u00e2ce \u00e0 l'utilisation de la technologie de l'aluminium et de l'aluminium. <strong>un design essentiel et sophistiqu\u00e9.<\/strong><\/p>\n<p>Disponible dans le <strong>finition effet aluminium<\/strong>D'une largeur de 200 mm et d'une hauteur de seulement 9 mm, il est le compl\u00e9ment id\u00e9al pour redonner vie aux petits meubles de la maison, notamment aux tiroirs et aux commodes.<\/p>\n<p>La <strong>profil de poign\u00e9e C Big <\/strong>est le r\u00e9sultat d'une recherche continue combin\u00e9e \u00e0 l'attention typique des productions Made in Italy et est fabriqu\u00e9 avec des mat\u00e9riaux de premi\u00e8re qualit\u00e9 pour garantir une s\u00e9curit\u00e9 maximale \u00e0 tout moment.<\/p>","protected":false},"excerpt":{"rendered":"<p>Raffinata e sottile, ma robusta: \u00e8 l\u2019identikit della maniglia Profile C Big di Polideas. Coniugando stile e praticit\u00e0 d\u2019uso, Profile C Big \u00e8 dedicata a chi desidera personalizzare i mobili della camera da letto, dell\u2019ingresso e della zona living in maniera elegante grazie al design essenziale e ricercato. Disponibile nella finitura ad effetto alluminio, ha [&#8230;]\n","protected":false},"featured_media":14598,"comment_status":"closed","ping_status":"closed","template":"","meta":{"_acf_changed":false},"product_brand":[],"product_cat":[47],"product_tag":[3149,3151,3173,3174,3209,3205,3152,3153,3175,3156,3158,3100,3159,3160,3211,3177,3413,3178,3179],"class_list":{"0":"post-10711","1":"product","2":"type-product","3":"status-publish","4":"has-post-thumbnail","6":"product_cat-maniglie-pomelli-camera-soggiorno","7":"product_tag-maniglia","8":"product_tag-maniglia-anta-mobile","9":"product_tag-maniglia-anta-mobile-soggiorno","10":"product_tag-maniglia-anta-soggiorno","11":"product_tag-maniglia-arredo","12":"product_tag-maniglia-camera","13":"product_tag-maniglia-cassettiera","14":"product_tag-maniglia-cassetto","15":"product_tag-maniglia-cassetto-soggiorno","16":"product_tag-maniglia-design","17":"product_tag-maniglia-interasse-160mm","18":"product_tag-maniglia-mobile","19":"product_tag-maniglia-mobile-al-miglior-prezzo","20":"product_tag-maniglia-mobile-arredamento","21":"product_tag-maniglia-mobile-camera","22":"product_tag-maniglia-mobile-soggiorno","23":"product_tag-maniglia-per-mobile-interasse-160-mm","24":"product_tag-maniglia-per-mobile-soggiorno","25":"product_tag-maniglia-soggiorno","27":"first","28":"instock","29":"taxable","30":"shipping-taxable","31":"purchasable","32":"product-type-simple"},"acf":[],"_links":{"self":[{"href":"http:\/\/www.polideas.it\/fr\/wp-json\/wp\/v2\/product\/10711","targetHints":{"allow":["GET"]}}],"collection":[{"href":"http:\/\/www.polideas.it\/fr\/wp-json\/wp\/v2\/product"}],"about":[{"href":"http:\/\/www.polideas.it\/fr\/wp-json\/wp\/v2\/types\/product"}],"replies":[{"embeddable":true,"href":"http:\/\/www.polideas.it\/fr\/wp-json\/wp\/v2\/comments?post=10711"}],"wp:featuredmedia":[{"embeddable":true,"href":"http:\/\/www.polideas.it\/fr\/wp-json\/wp\/v2\/media\/14598"}],"wp:attachment":[{"href":"http:\/\/www.polideas.it\/fr\/wp-json\/wp\/v2\/media?parent=10711"}],"wp:term":[{"taxonomy":"product_brand","embeddable":true,"href":"http:\/\/www.polideas.it\/fr\/wp-json\/wp\/v2\/product_brand?post=10711"},{"taxonomy":"product_cat","embeddable":true,"href":"http:\/\/www.polideas.it\/fr\/wp-json\/wp\/v2\/product_cat?post=10711"},{"taxonomy":"product_tag","embeddable":true,"href":"http:\/\/www.polideas.it\/fr\/wp-json\/wp\/v2\/product_tag?post=10711"}],"curies":[{"name":"wp","href":"https:\/\/api.w.org\/{rel}","templated":true}]}}