{"id":10715,"date":"2022-02-28T22:01:11","date_gmt":"2022-02-28T21:01:11","guid":{"rendered":"https:\/\/www.polideas.it\/?post_type=product&#038;p=10715"},"modified":"2024-12-19T23:08:36","modified_gmt":"2024-12-19T22:08:36","slug":"range-couverts-minimal-4-compartiments-organiseur-de-tiroirs-de-cuisine","status":"publish","type":"product","link":"http:\/\/www.polideas.it\/fr\/fr-2\/lameublement\/range-couverts-minimal-4-compartiments-organiseur-de-tiroirs-de-cuisine\/","title":{"rendered":"Range-couverts Minimal 4 compartiments - Kitchen Drawer Organiser"},"content":{"rendered":"","protected":false},"excerpt":{"rendered":"<p>Voici le compl\u00e9ment id\u00e9al pour ranger \u00e0 tout moment la petite vaisselle comme les couverts ou les petits ustensiles de cuisine : le <strong>Range-couverts minimalistes de Polideas.<\/strong><\/p>\n<p>D'un style essentiel et d'une praticit\u00e9 imbattable, il a <strong>4 compartiments pratiques<\/strong> de diff\u00e9rentes tailles pour ranger les couteaux, fourchettes, cuill\u00e8res et cuill\u00e8res \u00e0 caf\u00e9, tout en les gardant bien rang\u00e9s et s\u00e9par\u00e9s les uns des autres.<\/p>\n<p>Parfait pour garder \u00e0 port\u00e9e de main pr\u00e8s de l'\u00e9vier, le <strong>Plateau de couverts minimal<\/strong> est \u00e9galement id\u00e9al pour \u00eatre rang\u00e9 dans le tiroir de la cuisine et sorti en cas de besoin.<\/p>\n<p>El\u00e9gante, avec sa teinte effet m\u00e9tal, elle est aussi tr\u00e8s spacieuse et tr\u00e8s agr\u00e9able \u00e0 manipuler. <strong>peut contenir entre 30 et 40 couverts<\/strong>.<\/p>","protected":false},"featured_media":3249,"comment_status":"closed","ping_status":"closed","template":"","meta":{"_acf_changed":false},"product_brand":[],"product_cat":[2012],"product_tag":[3414,3415,3416,3417,3418,3419,3420,3421,3422,3423,3424],"class_list":{"0":"post-10715","1":"product","2":"type-product","3":"status-publish","4":"has-post-thumbnail","6":"product_cat-complementi-di-arredo","7":"product_tag-accessori-cassetti-cucina","8":"product_tag-box-cassettiera","9":"product_tag-box-prodotti-bagno-cassetto","10":"product_tag-contenitore-prodotti-cucina-cassetto","11":"product_tag-divisori-cassetto-cucina","12":"product_tag-divisorio-cassetto","13":"product_tag-organizer-cassetto","14":"product_tag-organizer-cassetto-cucina","15":"product_tag-organizer-per-cassetti","16":"product_tag-porta-posate","17":"product_tag-portaposate","19":"first","20":"instock","21":"taxable","22":"shipping-taxable","23":"purchasable","24":"product-type-simple"},"acf":[],"_links":{"self":[{"href":"http:\/\/www.polideas.it\/fr\/wp-json\/wp\/v2\/product\/10715","targetHints":{"allow":["GET"]}}],"collection":[{"href":"http:\/\/www.polideas.it\/fr\/wp-json\/wp\/v2\/product"}],"about":[{"href":"http:\/\/www.polideas.it\/fr\/wp-json\/wp\/v2\/types\/product"}],"replies":[{"embeddable":true,"href":"http:\/\/www.polideas.it\/fr\/wp-json\/wp\/v2\/comments?post=10715"}],"wp:featuredmedia":[{"embeddable":true,"href":"http:\/\/www.polideas.it\/fr\/wp-json\/wp\/v2\/media\/3249"}],"wp:attachment":[{"href":"http:\/\/www.polideas.it\/fr\/wp-json\/wp\/v2\/media?parent=10715"}],"wp:term":[{"taxonomy":"product_brand","embeddable":true,"href":"http:\/\/www.polideas.it\/fr\/wp-json\/wp\/v2\/product_brand?post=10715"},{"taxonomy":"product_cat","embeddable":true,"href":"http:\/\/www.polideas.it\/fr\/wp-json\/wp\/v2\/product_cat?post=10715"},{"taxonomy":"product_tag","embeddable":true,"href":"http:\/\/www.polideas.it\/fr\/wp-json\/wp\/v2\/product_tag?post=10715"}],"curies":[{"name":"wp","href":"https:\/\/api.w.org\/{rel}","templated":true}]}}