{"id":10718,"date":"2022-02-28T22:01:12","date_gmt":"2022-02-28T21:01:12","guid":{"rendered":"https:\/\/www.polideas.it\/?post_type=product&#038;p=10718"},"modified":"2024-12-19T23:08:37","modified_gmt":"2024-12-19T22:08:37","slug":"range-couverts-composites-x-organisateur-de-tiroirs-de-cuisine","status":"publish","type":"product","link":"http:\/\/www.polideas.it\/fr\/fr-2\/lameublement\/range-couverts-composites-x-organisateur-de-tiroirs-de-cuisine\/","title":{"rendered":"Composit X Range-couverts - Organisateur de tiroirs de cuisine"},"content":{"rendered":"","protected":false},"excerpt":{"rendered":"<p>Voici le compl\u00e9ment id\u00e9al pour ranger \u00e0 tout moment la petite vaisselle comme les couverts ou les petits ustensiles de cuisine : le <strong>Range-couverts Composit X de Polideas.<\/strong><\/p>\n<p>D'un style essentiel et d'une praticit\u00e9 imbattable, il a <strong>6 compartiments spacieux et confortables<\/strong> de diff\u00e9rentes tailles pour ranger les couteaux, fourchettes, cuill\u00e8res et cuill\u00e8res \u00e0 caf\u00e9, tout en les gardant bien rang\u00e9s et s\u00e9par\u00e9s les uns des autres.<\/p>\n<p>Parfait pour garder \u00e0 port\u00e9e de main pr\u00e8s de l'\u00e9vier, le <strong>Plateau \u00e0 couverts Composit X<\/strong> est \u00e9galement id\u00e9al pour \u00eatre rang\u00e9 dans le tiroir de la cuisine et sorti en cas de besoin.<\/p>\n<p>El\u00e9gante, avec sa teinte effet m\u00e9tal, elle est \u00e9galement tr\u00e8s spacieuse et <strong>peut contenir environ 60 couverts<\/strong>.<\/p>\n<p>&nbsp;<\/p>","protected":false},"featured_media":3256,"comment_status":"closed","ping_status":"closed","template":"","meta":{"_acf_changed":false},"product_brand":[],"product_cat":[2012],"product_tag":[3414,3415,3416,3417,3418,3419,3420,3421,3422,3423,3424],"class_list":{"0":"post-10718","1":"product","2":"type-product","3":"status-publish","4":"has-post-thumbnail","6":"product_cat-complementi-di-arredo","7":"product_tag-accessori-cassetti-cucina","8":"product_tag-box-cassettiera","9":"product_tag-box-prodotti-bagno-cassetto","10":"product_tag-contenitore-prodotti-cucina-cassetto","11":"product_tag-divisori-cassetto-cucina","12":"product_tag-divisorio-cassetto","13":"product_tag-organizer-cassetto","14":"product_tag-organizer-cassetto-cucina","15":"product_tag-organizer-per-cassetti","16":"product_tag-porta-posate","17":"product_tag-portaposate","19":"first","20":"instock","21":"taxable","22":"shipping-taxable","23":"purchasable","24":"product-type-simple"},"acf":[],"_links":{"self":[{"href":"http:\/\/www.polideas.it\/fr\/wp-json\/wp\/v2\/product\/10718","targetHints":{"allow":["GET"]}}],"collection":[{"href":"http:\/\/www.polideas.it\/fr\/wp-json\/wp\/v2\/product"}],"about":[{"href":"http:\/\/www.polideas.it\/fr\/wp-json\/wp\/v2\/types\/product"}],"replies":[{"embeddable":true,"href":"http:\/\/www.polideas.it\/fr\/wp-json\/wp\/v2\/comments?post=10718"}],"wp:featuredmedia":[{"embeddable":true,"href":"http:\/\/www.polideas.it\/fr\/wp-json\/wp\/v2\/media\/3256"}],"wp:attachment":[{"href":"http:\/\/www.polideas.it\/fr\/wp-json\/wp\/v2\/media?parent=10718"}],"wp:term":[{"taxonomy":"product_brand","embeddable":true,"href":"http:\/\/www.polideas.it\/fr\/wp-json\/wp\/v2\/product_brand?post=10718"},{"taxonomy":"product_cat","embeddable":true,"href":"http:\/\/www.polideas.it\/fr\/wp-json\/wp\/v2\/product_cat?post=10718"},{"taxonomy":"product_tag","embeddable":true,"href":"http:\/\/www.polideas.it\/fr\/wp-json\/wp\/v2\/product_tag?post=10718"}],"curies":[{"name":"wp","href":"https:\/\/api.w.org\/{rel}","templated":true}]}}