{"id":10720,"date":"2022-02-28T22:01:12","date_gmt":"2022-02-28T21:01:12","guid":{"rendered":"https:\/\/www.polideas.it\/?post_type=product&#038;p=10720"},"modified":"2025-02-03T09:56:29","modified_gmt":"2025-02-03T08:56:29","slug":"design-classique-du-cintre-effet-verre-depoli-couleur-opaline","status":"publish","type":"product","link":"http:\/\/www.polideas.it\/fr\/fr-2\/cintres-et-sacs-2\/design-classique-du-cintre-effet-verre-depoli-couleur-opaline\/","title":{"rendered":"Porte-manteau classique - Porte-manteau design - Effet verre satin\u00e9 couleur opaline"},"content":{"rendered":"<p>L'un des compl\u00e9ments d'ameublement essentiels dans chaque maison : le<strong>annexe<\/strong>. Pour \u00eatre parfait, il doit \u00eatre pratique, fonctionnel et d'un design qui s'harmonise parfaitement avec le mobilier environnant.<\/p>\n<p>C'est ainsi que <strong>le cintre Polideas Classic<\/strong>con\u00e7u pr\u00e9cis\u00e9ment pour r\u00e9pondre aux besoins de ceux qui recherchent un compl\u00e9ment de qualit\u00e9 alliant praticit\u00e9 d'utilisation et design caract\u00e9ristique.<\/p>\n<p>Disponible en <strong>finitions en aluminium, en verre transparent et en verre opalin, <\/strong>Le cintre Classic a un diam\u00e8tre de 90 mm et est parfait pour meubler les murs du salon, de l'entr\u00e9e et de la chambre \u00e0 coucher avec un maximum de solidit\u00e9.<\/p>","protected":false},"excerpt":{"rendered":"<p>Uno dei complementi d\u2019arredo essenziali in ogni casa: l\u2019appendino. Per essere perfetto dev\u2019essere pratico, funzionale e con un design che si sposi alla perfezione con gli arredi circostanti. E\u2019 cos\u00ec che nasce l\u2019appendino Classic di Polideas, pensato proprio per soddisfare le esigenze di chi cerca un complemento di qualit\u00e0 che unisca praticit\u00e0 d\u2019uso e design [&#8230;]","protected":false},"featured_media":11457,"comment_status":"closed","ping_status":"closed","template":"","meta":{"_acf_changed":false},"product_brand":[],"product_cat":[84,2012],"product_tag":[3425,3426,3427,3428,3429,3430,3431,3432,3433,3434,3435,3436,3437],"class_list":{"0":"post-10720","1":"product","2":"type-product","3":"status-publish","4":"has-post-thumbnail","6":"product_cat-appendi_abiti-e-borse","7":"product_cat-complementi-di-arredo","8":"product_tag-appendi-abiti","9":"product_tag-appendi-abiti-camera","10":"product_tag-appendi-abiti-soggiorno","11":"product_tag-appendi-borsa","12":"product_tag-appendiabiti","13":"product_tag-appendiabiti-amazon","14":"product_tag-appendiabiti-bambini-amazon","15":"product_tag-appendiabiti-bambino","16":"product_tag-appendiabiti-colorato","17":"product_tag-appendiabiti-prezzo","18":"product_tag-appendino-abiti","19":"product_tag-attaccapanni","20":"product_tag-attaccapanni-bambini","22":"first","23":"instock","24":"taxable","25":"shipping-taxable","26":"purchasable","27":"product-type-simple"},"acf":[],"_links":{"self":[{"href":"http:\/\/www.polideas.it\/fr\/wp-json\/wp\/v2\/product\/10720","targetHints":{"allow":["GET"]}}],"collection":[{"href":"http:\/\/www.polideas.it\/fr\/wp-json\/wp\/v2\/product"}],"about":[{"href":"http:\/\/www.polideas.it\/fr\/wp-json\/wp\/v2\/types\/product"}],"replies":[{"embeddable":true,"href":"http:\/\/www.polideas.it\/fr\/wp-json\/wp\/v2\/comments?post=10720"}],"wp:featuredmedia":[{"embeddable":true,"href":"http:\/\/www.polideas.it\/fr\/wp-json\/wp\/v2\/media\/11457"}],"wp:attachment":[{"href":"http:\/\/www.polideas.it\/fr\/wp-json\/wp\/v2\/media?parent=10720"}],"wp:term":[{"taxonomy":"product_brand","embeddable":true,"href":"http:\/\/www.polideas.it\/fr\/wp-json\/wp\/v2\/product_brand?post=10720"},{"taxonomy":"product_cat","embeddable":true,"href":"http:\/\/www.polideas.it\/fr\/wp-json\/wp\/v2\/product_cat?post=10720"},{"taxonomy":"product_tag","embeddable":true,"href":"http:\/\/www.polideas.it\/fr\/wp-json\/wp\/v2\/product_tag?post=10720"}],"curies":[{"name":"wp","href":"https:\/\/api.w.org\/{rel}","templated":true}]}}