{"id":10721,"date":"2022-02-28T22:01:12","date_gmt":"2022-02-28T21:01:12","guid":{"rendered":"https:\/\/www.polideas.it\/?post_type=product&#038;p=10721"},"modified":"2025-02-03T09:48:33","modified_gmt":"2025-02-03T08:48:33","slug":"passe-cable-pour-bureau-passe-cable-pour-bureau","status":"publish","type":"product","link":"http:\/\/www.polideas.it\/fr\/fr-2\/lameublement\/passe-cable-pour-bureau-passe-cable-pour-bureau\/","title":{"rendered":"All In - Passe-c\u00e2bles \u00e0 embo\u00eetement - Passe-c\u00e2bles de bureau"},"content":{"rendered":"<p>Combien de fois vous \u00eates-vous retrouv\u00e9 avec des fils volants dans votre chambre ou votre salon ? C\u00e2bles de t\u00e9l\u00e9vision, c\u00e2bles de radio, c\u00e2bles de PC... Il est facile de trouver de v\u00e9ritables enchev\u00eatrements de fils qui sont non seulement inesth\u00e9tiques, mais aussi dangereux.<\/p>\n<p>Avec la <strong>Passe-c\u00e2bles Polideas All In<\/strong> vous pouvez dire adieu aux pistes volantes.<\/p>\n<p>Avec son <strong>effet m\u00e9tallique<\/strong> garantit un confort d'utilisation maximal tout en offrant un style essentiel et raffin\u00e9, parfait dans tous les environnements, ce qui en fait un compl\u00e9ment de design essentiel dans chaque maison.<\/p>","protected":false},"excerpt":{"rendered":"<p>Quante volte vi siete ritrovati con dei cavi volanti in camera da letto o in salotto? Cavi della tv, della radio, del pc\u2026E\u2019 facile ritrovarsi veri e propri grovigli di fili che, oltre ad essere antiestetici, sono anche pericolosi. Con il Passacavi ad incastro All In di Polideas potete dire addio ai cavi volanti. Con [&#8230;]\n","protected":false},"featured_media":4185,"comment_status":"closed","ping_status":"closed","template":"","meta":{"_acf_changed":false},"product_brand":[],"product_cat":[2012],"product_tag":[3438,3439,3440,3441,3442,3443,3444,3445,3446],"class_list":{"0":"post-10721","1":"product","2":"type-product","3":"status-publish","4":"has-post-thumbnail","6":"product_cat-complementi-di-arredo","7":"product_tag-passa-cavi-scrivania","8":"product_tag-passacavi-ad-incastro","9":"product_tag-passacavi-computer-scrivania","10":"product_tag-passacavi-da-scrivania","11":"product_tag-passacavi-interasse-59-mm","12":"product_tag-passacavi-scrivania","13":"product_tag-passacavi-scrivania-design","14":"product_tag-passacavi-tavolo","15":"product_tag-passacavi-workstation-scrivania","17":"first","18":"instock","19":"taxable","20":"shipping-taxable","21":"purchasable","22":"product-type-simple"},"acf":[],"_links":{"self":[{"href":"http:\/\/www.polideas.it\/fr\/wp-json\/wp\/v2\/product\/10721","targetHints":{"allow":["GET"]}}],"collection":[{"href":"http:\/\/www.polideas.it\/fr\/wp-json\/wp\/v2\/product"}],"about":[{"href":"http:\/\/www.polideas.it\/fr\/wp-json\/wp\/v2\/types\/product"}],"replies":[{"embeddable":true,"href":"http:\/\/www.polideas.it\/fr\/wp-json\/wp\/v2\/comments?post=10721"}],"wp:featuredmedia":[{"embeddable":true,"href":"http:\/\/www.polideas.it\/fr\/wp-json\/wp\/v2\/media\/4185"}],"wp:attachment":[{"href":"http:\/\/www.polideas.it\/fr\/wp-json\/wp\/v2\/media?parent=10721"}],"wp:term":[{"taxonomy":"product_brand","embeddable":true,"href":"http:\/\/www.polideas.it\/fr\/wp-json\/wp\/v2\/product_brand?post=10721"},{"taxonomy":"product_cat","embeddable":true,"href":"http:\/\/www.polideas.it\/fr\/wp-json\/wp\/v2\/product_cat?post=10721"},{"taxonomy":"product_tag","embeddable":true,"href":"http:\/\/www.polideas.it\/fr\/wp-json\/wp\/v2\/product_tag?post=10721"}],"curies":[{"name":"wp","href":"https:\/\/api.w.org\/{rel}","templated":true}]}}