{"id":10722,"date":"2022-02-28T22:01:12","date_gmt":"2022-02-28T21:01:12","guid":{"rendered":"https:\/\/www.polideas.it\/?post_type=product&#038;p=10722"},"modified":"2025-02-03T10:34:39","modified_gmt":"2025-02-03T09:34:39","slug":"support-detagere-design-laque-blanc","status":"publish","type":"product","link":"http:\/\/www.polideas.it\/fr\/fr-2\/lameublement\/support-detagere-design-laque-blanc\/","title":{"rendered":"Support d'\u00e9tag\u00e8re - Support d'\u00e9tag\u00e8re design - Laqu\u00e9 blanc"},"content":{"rendered":"<p><strong>Les \u00e9tag\u00e8res<\/strong> ont toujours \u00e9t\u00e9 les meilleurs alli\u00e9s de ceux qui souhaitent meubler leur maison avec style, tout en veillant \u00e0 utiliser au mieux l'espace.<\/p>\n<p>C'est en s'inspirant des besoins des consommateurs que la <strong>Soutien aux tablettes par Polideas<\/strong>Le compl\u00e9ment id\u00e9al pour personnaliser les \u00e9tag\u00e8res de votre maison, surtout si elles sont caract\u00e9ris\u00e9es par un style moderne et essentiel.<\/p>\n<p>Disponible en <strong>effet aluminium, verre satin\u00e9 effet opale et blanc laqu\u00e9, <\/strong>est id\u00e9ale pour compl\u00e9ter l'ameublement des salons, des s\u00e9jours et des chambres \u00e0 coucher en personnalisant les pi\u00e8ces de mani\u00e8re raffin\u00e9e et essentielle.<\/p>","protected":false},"excerpt":{"rendered":"<p>Le mensole sono da sempre le migliori alleate di chi desidera arredare la propria casa con stile, ma facendo attenzione a sfruttare al meglio gli spazi. E\u2019 ispirandosi alle esigenze dei consumatori che nasce il reggimensola di Polideas: il complemento ideale per personalizzare le mensole di casa, soprattutto se caratterizzate da uno stile moderno ed [&#8230;]\n","protected":false},"featured_media":13973,"comment_status":"closed","ping_status":"closed","template":"","meta":{"_acf_changed":false},"product_brand":[],"product_cat":[2012],"product_tag":[3447,3448,3449,3450,3451],"class_list":{"0":"post-10722","1":"product","2":"type-product","3":"status-publish","4":"has-post-thumbnail","6":"product_cat-complementi-di-arredo","7":"product_tag-reggi-mensola-camera","8":"product_tag-reggi-mensola-soggiorno","9":"product_tag-reggimensola-arredo","10":"product_tag-reggimensola-cameretta","11":"product_tag-reggimensola-design","13":"first","14":"instock","15":"taxable","16":"shipping-taxable","17":"purchasable","18":"product-type-simple"},"acf":[],"_links":{"self":[{"href":"http:\/\/www.polideas.it\/fr\/wp-json\/wp\/v2\/product\/10722","targetHints":{"allow":["GET"]}}],"collection":[{"href":"http:\/\/www.polideas.it\/fr\/wp-json\/wp\/v2\/product"}],"about":[{"href":"http:\/\/www.polideas.it\/fr\/wp-json\/wp\/v2\/types\/product"}],"replies":[{"embeddable":true,"href":"http:\/\/www.polideas.it\/fr\/wp-json\/wp\/v2\/comments?post=10722"}],"wp:featuredmedia":[{"embeddable":true,"href":"http:\/\/www.polideas.it\/fr\/wp-json\/wp\/v2\/media\/13973"}],"wp:attachment":[{"href":"http:\/\/www.polideas.it\/fr\/wp-json\/wp\/v2\/media?parent=10722"}],"wp:term":[{"taxonomy":"product_brand","embeddable":true,"href":"http:\/\/www.polideas.it\/fr\/wp-json\/wp\/v2\/product_brand?post=10722"},{"taxonomy":"product_cat","embeddable":true,"href":"http:\/\/www.polideas.it\/fr\/wp-json\/wp\/v2\/product_cat?post=10722"},{"taxonomy":"product_tag","embeddable":true,"href":"http:\/\/www.polideas.it\/fr\/wp-json\/wp\/v2\/product_tag?post=10722"}],"curies":[{"name":"wp","href":"https:\/\/api.w.org\/{rel}","templated":true}]}}