{"id":10729,"date":"2022-02-28T22:01:34","date_gmt":"2022-02-28T21:01:34","guid":{"rendered":"https:\/\/www.polideas.it\/?post_type=product&#038;p=10729"},"modified":"2025-02-05T08:28:32","modified_gmt":"2025-02-05T07:28:32","slug":"boite-a-maquillage-4-tiroirs-organisateur-dream-joy-finition-rose","status":"publish","type":"product","link":"http:\/\/www.polideas.it\/fr\/fr-2\/lameublement\/boite-a-maquillage-4-tiroirs-organisateur-dream-joy-finition-rose\/","title":{"rendered":"Trousse de maquillage \u00e0 4 tiroirs Dream Joy - Organisateur - Finition rose"},"content":{"rendered":"<div><span class=\"il\">Commode<\/span>\u00a0carton rigide recouvert de 4 tiroirs personnalisables<\/div>\n<div>\u00c9l\u00e9ment d'image et de vitrine, \u00e9galement adapt\u00e9 aux sous-v\u00eatements, aux bijoux en g\u00e9n\u00e9ral, \u00e0 la papeterie, au maquillage, etc.<\/div>\n<div>Valable \u00e9galement comme gadget-cadeau.<\/div>\n<div>Carton d\u00e9coup\u00e9 et couch\u00e9.<\/div>\n<div><\/div>\n<div>Cette commode est parfaite non seulement pour le maquillage, mais aussi pour les bijoux, les outils de d\u00e9coupage ou la papeterie. Faites-la v\u00f4tre d\u00e8s maintenant et rangez tout ce que vous voulez !<\/div>\n<div>Les boutons de nos tiroirs sont facilement rempla\u00e7ables par d'autres de votre choix avec la vis de fixation M4.<\/div>\n<div><\/div>\n<div>A l'int\u00e9rieur de chaque tiroir individuel se trouve notre organisateur 908 \u00e0 3 compartiments. Pour en savoir plus, visitez le site suivant <a href=\"https:\/\/www.polideas.it\/it\/maniglie-pomelli-bagno\/box-bagno-3-comparti-908\/\">lien<\/a><\/div>\n<div><\/div>\n<div><a href=\"https:\/\/www.polideas.it\/it\/maniglie-pomelli-bagno\/box-bagno-3-comparti-908\/\">Organisateur 908<\/a><\/div>\n<div><\/div>\n<div><\/div>\n<div>\n<div>Couleur : rose<\/div>\n<div>Mat\u00e9riau : carton d\u00e9coup\u00e9 et couch\u00e9<\/div>\n<div>Dimensions totales : 308 x 163 x 232 mm (L x P x H) sans les boutons.<\/div>\n<div>Poids du produit : 1 kg<\/div>\n<div>Enti\u00e8rement fabriqu\u00e9 en Italie<\/div>\n<\/div>\n<div><\/div>\n<div>Dans la galerie, il y a des photos uniquement \u00e0 des fins d'illustration avec des boutons diff\u00e9rents et avec des mat\u00e9riaux ins\u00e9r\u00e9s qui ne font pas partie de la vente.<\/div>\n<div><\/div>","protected":false},"excerpt":{"rendered":"<p>Cassettiera\u00a0rigida in cartone rivestito con 4 cassetti personalizzabili Elemento d\u2019immagine e vetrina, adatto anche per intimo, gioielleria in genere, cancelleria, trucchi ecc\u2026 Valido anche come gadget da regalo. Cartone intonso fustellato e rivestito. Questa cassettiera \u00e8 perfetta non solo per trucchi, ma anche per gioielli, strumenti per il decoupage o articoli di cancelleria in ufficio. [&#8230;]\n","protected":false},"featured_media":9635,"comment_status":"closed","ping_status":"closed","template":"","meta":{"_acf_changed":false},"product_brand":[],"product_cat":[2012],"product_tag":[3464,3465,3466,3469,3470,3467,3471,3468,3472,3473,3474],"class_list":{"0":"post-10729","1":"product","2":"type-product","3":"status-publish","4":"has-post-thumbnail","6":"product_cat-complementi-di-arredo","7":"product_tag-cassetta-portatrucchi","8":"product_tag-cassettiera","9":"product_tag-cassettiera-4-cassetti","10":"product_tag-cassettiera-made-in-italy","11":"product_tag-cassettiera-porta-cosmesi","12":"product_tag-cassettiera-portatrucchi","13":"product_tag-cassettiera-rosa","14":"product_tag-organizer","15":"product_tag-organizer-scrivania","16":"product_tag-porta-chiavi","17":"product_tag-porta-cosmesi","19":"first","20":"instock","21":"taxable","22":"shipping-taxable","23":"purchasable","24":"product-type-simple"},"acf":[],"_links":{"self":[{"href":"http:\/\/www.polideas.it\/fr\/wp-json\/wp\/v2\/product\/10729","targetHints":{"allow":["GET"]}}],"collection":[{"href":"http:\/\/www.polideas.it\/fr\/wp-json\/wp\/v2\/product"}],"about":[{"href":"http:\/\/www.polideas.it\/fr\/wp-json\/wp\/v2\/types\/product"}],"replies":[{"embeddable":true,"href":"http:\/\/www.polideas.it\/fr\/wp-json\/wp\/v2\/comments?post=10729"}],"wp:featuredmedia":[{"embeddable":true,"href":"http:\/\/www.polideas.it\/fr\/wp-json\/wp\/v2\/media\/9635"}],"wp:attachment":[{"href":"http:\/\/www.polideas.it\/fr\/wp-json\/wp\/v2\/media?parent=10729"}],"wp:term":[{"taxonomy":"product_brand","embeddable":true,"href":"http:\/\/www.polideas.it\/fr\/wp-json\/wp\/v2\/product_brand?post=10729"},{"taxonomy":"product_cat","embeddable":true,"href":"http:\/\/www.polideas.it\/fr\/wp-json\/wp\/v2\/product_cat?post=10729"},{"taxonomy":"product_tag","embeddable":true,"href":"http:\/\/www.polideas.it\/fr\/wp-json\/wp\/v2\/product_tag?post=10729"}],"curies":[{"name":"wp","href":"https:\/\/api.w.org\/{rel}","templated":true}]}}