{"id":10743,"date":"2022-02-28T22:01:36","date_gmt":"2022-02-28T21:01:36","guid":{"rendered":"https:\/\/www.polideas.it\/?post_type=product&#038;p=10743"},"modified":"2024-12-19T23:08:45","modified_gmt":"2024-12-19T22:08:45","slug":"porte-manteau-chambre-denfant-petit-ours","status":"publish","type":"product","link":"http:\/\/www.polideas.it\/fr\/fr-2\/cintres-et-sacs-2\/porte-manteau-chambre-denfant-petit-ours\/","title":{"rendered":"Porte-manteau pour chambre d'enfant Tondino Little Bear"},"content":{"rendered":"<h1>1. PRATIQUE<\/h1>\n<p class=\"p1\">La tige est tr\u00e8s facile \u00e0 assembler, seules 2 vis avec chevilles sont n\u00e9cessaires.<\/p>\n<p class=\"p1\">Ce cintre sympathique est \u00e9galement pratique \u00e0 utiliser gr\u00e2ce \u00e0 son crochet arrondi, sp\u00e9cialement con\u00e7u pour accueillir les sacs \u00e0 dos et les sacs en plus des v\u00eatements.<\/p>\n<h1>2. ROBUSTE<\/h1>\n<p class=\"p1\"><img loading=\"lazy\" decoding=\"async\" class=\"alignleft size-thumbnail wp-image-4513\" src=\"https:\/\/www.polideas.it\/wp-content\/uploads\/2013\/08\/tondino-portata-280x280.jpg\" alt=\"\" width=\"280\" height=\"280\" srcset=\"https:\/\/www.polideas.it\/wp-content\/uploads\/2013\/08\/tondino-portata-280x280.jpg 280w, https:\/\/www.polideas.it\/wp-content\/uploads\/2013\/08\/tondino-portata-400x400.jpg 400w, https:\/\/www.polideas.it\/wp-content\/uploads\/2013\/08\/tondino-portata-768x768.jpg 768w, https:\/\/www.polideas.it\/wp-content\/uploads\/2013\/08\/tondino-portata-247x247.jpg 247w, https:\/\/www.polideas.it\/wp-content\/uploads\/2013\/08\/tondino-portata-510x510.jpg 510w, https:\/\/www.polideas.it\/wp-content\/uploads\/2013\/08\/tondino-portata-100x100.jpg 100w, https:\/\/www.polideas.it\/wp-content\/uploads\/2013\/08\/tondino-portata.jpg 800w\" sizes=\"auto, (max-width: 280px) 100vw, 280px\" \/>Le cintre a \u00e9t\u00e9 test\u00e9 par les laboratoires Catas et Fisher :<\/p>\n<p class=\"p2\"><span class=\"s1\"><b>- Test de Catas<\/b><\/span><\/p>\n<p>a pass\u00e9 avec succ\u00e8s les tests de r\u00e9sistance \u00e0 la traction. Le cintre, fix\u00e9 par deux vis \u00e0 une plaque inclin\u00e9e \u00e0 45\u00b0, a \u00e9t\u00e9 soumis \u00e0 une contrainte sur le crochet, atteignant la charge maximale de 127 kg.<\/p>\n<p class=\"p2\"><span class=\"s1\"><b>- Test de Fischer<\/b><\/span><\/p>\n<p>a pass\u00e9 avec succ\u00e8s les tests de charge de cisaillement.<\/p>\n<p>Le cintre, fix\u00e9 par deux vis \u00e0 une plaque inclin\u00e9e \u00e0 90\u00b0, a \u00e9t\u00e9 sollicit\u00e9 sur le crochet, atteignant la charge maximale de 300 kg.<\/p>\n<h1>3. S\u00c9CURIT\u00c9<\/h1>\n<p class=\"p1\"><span class=\"s1\"><b>- Pas de bords<\/b><\/span><\/p>\n<p>gr\u00e2ce \u00e0 son design l\u00e9g\u00e8rement incurv\u00e9,<\/p>\n<p>est moins dangereux pour les enfants que les cintres courants du march\u00e9<\/p>\n<p class=\"p1\"><span class=\"s1\"><b>- Pas de pi\u00e8ces amovibles<\/b><\/span><\/p>\n<p>qui peuvent \u00eatre ing\u00e9r\u00e9s par les tout-petits.<\/p>\n<p class=\"p1\"><span class=\"s1\"><b>- Il est non toxique<\/b><\/span><\/p>\n<p>La tige n'est pas peinte et la mati\u00e8re premi\u00e8re utilis\u00e9e pour la construction est non toxique.<\/p>\n<p class=\"p1\"><span class=\"s1\"><b>- \u00c8<span class=\"Apple-converted-space\">\u00a0\u00a0<\/span>ignifuge<\/b><\/span><\/p>\n<p>gr\u00e2ce \u00e0 son mat\u00e9riau ininflammable.<\/p>\n<h1>4. COLOR\u00c9<\/h1>\n<p class=\"p1\">Tondino est disponible en plusieurs couleurs et versions Fantasy.<\/p>\n<p>Choisissez l'ami du cintre que vous souhaitez.<\/p>","protected":false},"excerpt":{"rendered":"<p><strong>Le cintre Tondino<\/strong> est une id\u00e9e innovante, con\u00e7ue sp\u00e9cialement pour les enfants : color\u00e9e, simple et pratique, elle a un aspect gai et amical et peut \u00eatre plac\u00e9e n'importe o\u00f9.<\/p>\n<p><strong>Dans la version Little Bear,<\/strong> Le tondino est id\u00e9al pour les chambres d'enfants car il apporte imm\u00e9diatement une touche de tendresse. Essayez-le \u00e9galement \u00e0 l'entr\u00e9e, pour d\u00e9corer le mur pr\u00e8s de la porte d'entr\u00e9e de mani\u00e8re inattendue, et pour assortir les meubles en bois fonc\u00e9.<\/p>\n<p>Avec un design arrondi unique, <strong>Rod est en s\u00e9curit\u00e9<\/strong> car il n'a pas d'ar\u00eates.<\/p>\n<p>Il est \u00e9galement compos\u00e9 de <strong>caoutchouc hypoallerg\u00e9nique<\/strong> et en pleine conformit\u00e9 avec le r\u00e8glement europ\u00e9en REACH, afin de garantir une s\u00e9curit\u00e9 maximale dans toutes les situations.<\/p>","protected":false},"featured_media":3666,"comment_status":"closed","ping_status":"closed","template":"","meta":{"_acf_changed":false},"product_brand":[],"product_cat":[84,371],"product_tag":[3425,3527,3528,3529,3489,3429,3430,3491,3431,3492,3432,3433,3434,3496,3530,3436,3437,3498],"class_list":{"0":"post-10743","1":"product","2":"type-product","3":"status-publish","4":"has-post-thumbnail","6":"product_cat-appendi_abiti-e-borse","7":"product_cat-appendi_abiti_bambini_tondino","8":"product_tag-appendi-abiti","9":"product_tag-appendi-abiti-bambini","10":"product_tag-appendi-abiti-bambini-sport-appendi-abiti-sportivi-bambini","11":"product_tag-appendi-abiti-calcio","12":"product_tag-appendi-abiti-cameretta-bambini","13":"product_tag-appendiabiti","14":"product_tag-appendiabiti-amazon","15":"product_tag-appendiabiti-bambini","16":"product_tag-appendiabiti-bambini-amazon","17":"product_tag-appendiabiti-bambini-prezzo","18":"product_tag-appendiabiti-bambino","19":"product_tag-appendiabiti-colorato","20":"product_tag-appendiabiti-prezzo","21":"product_tag-appendino-cameretta-bambini","22":"product_tag-appendino-orso","23":"product_tag-attaccapanni","24":"product_tag-attaccapanni-bambini","25":"product_tag-attaccapanni-colorato","27":"first","28":"instock","29":"taxable","30":"shipping-taxable","31":"purchasable","32":"product-type-simple"},"acf":[],"_links":{"self":[{"href":"http:\/\/www.polideas.it\/fr\/wp-json\/wp\/v2\/product\/10743","targetHints":{"allow":["GET"]}}],"collection":[{"href":"http:\/\/www.polideas.it\/fr\/wp-json\/wp\/v2\/product"}],"about":[{"href":"http:\/\/www.polideas.it\/fr\/wp-json\/wp\/v2\/types\/product"}],"replies":[{"embeddable":true,"href":"http:\/\/www.polideas.it\/fr\/wp-json\/wp\/v2\/comments?post=10743"}],"wp:featuredmedia":[{"embeddable":true,"href":"http:\/\/www.polideas.it\/fr\/wp-json\/wp\/v2\/media\/3666"}],"wp:attachment":[{"href":"http:\/\/www.polideas.it\/fr\/wp-json\/wp\/v2\/media?parent=10743"}],"wp:term":[{"taxonomy":"product_brand","embeddable":true,"href":"http:\/\/www.polideas.it\/fr\/wp-json\/wp\/v2\/product_brand?post=10743"},{"taxonomy":"product_cat","embeddable":true,"href":"http:\/\/www.polideas.it\/fr\/wp-json\/wp\/v2\/product_cat?post=10743"},{"taxonomy":"product_tag","embeddable":true,"href":"http:\/\/www.polideas.it\/fr\/wp-json\/wp\/v2\/product_tag?post=10743"}],"curies":[{"name":"wp","href":"https:\/\/api.w.org\/{rel}","templated":true}]}}