{"id":10442,"date":"2022-02-28T21:57:03","date_gmt":"2022-02-28T20:57:03","guid":{"rendered":"https:\/\/www.polideas.it\/?post_type=product&#038;p=10442"},"modified":"2025-01-31T15:12:56","modified_gmt":"2025-01-31T14:12:56","slug":"ganseblumchenknopf-kindermobel-milchglaseffekt-fuchsia","status":"publish","type":"product","link":"https:\/\/www.polideas.it\/de\/en-2\/kinderknopfe-griffe-2\/ganseblumchenknopf-kindermobel-milchglaseffekt-fuchsia\/","title":{"rendered":"Daisy - Kinderm\u00f6belknopf - Fuchsia Satin Glas Effekt"},"content":{"rendered":"<p>Sie tr\u00e4gt einen zarten weiblichen Namen, den romantischen <strong>Polideas Knopf<\/strong> in Form einer Bl\u00fcte, mit einem zentralen wei\u00dfen Teil, der von einer farbigen Blumenkrone umgeben ist.<\/p>\n<p>Perfekt f\u00fcr die detailverliebten Zimmer kleiner M\u00e4dchen: das <strong>G\u00e4nsebl\u00fcmchen-Knopf<\/strong> erm\u00f6glicht es, die \u00fcblichen Schlafzimmerm\u00f6bel auf einfache, fr\u00f6hliche und farbenfrohe Weise zu erneuern.<\/p>\n<p>Erh\u00e4ltlich in einer <strong>Raffinierter Glaseffekt<\/strong> <strong>Satin<\/strong> Der Daisy Kinderknauf in Hellblau, Fuchsia und Opalin verwandelt jedes Schlafzimmer in einen poetischen Blumengarten.<\/p>\n<p>Der in voller \u00dcbereinstimmung mit der europ\u00e4ischen REACH-Verordnung hergestellte Daisy-Knauf hat keine scharfen Kanten und garantiert maximale Sicherheit in jeder Situation.<\/p>","protected":false},"excerpt":{"rendered":"<p>Porta un delicato nome femminile il romantico Pomello Polideas a forma di fiore, con una parte centrale in bianco circondato da una corolla colorata. Perfetto per le camerette delle bimbe pi\u00f9 attente ai dettagli, il Pomello Daisy permette di rinnovare i soliti mobili della cameretta in modo semplice, allegro e colorato. Disponibile in un raffinato [&#8230;]\n","protected":false},"featured_media":4372,"comment_status":"closed","ping_status":"closed","template":"","meta":{"_acf_changed":false},"product_brand":[],"product_cat":[24],"product_tag":[3119,3120,3112,3113,3114,3121,3122,3123,3115,3116,3124,3117,3118,3125,3126,3127,3128],"class_list":{"0":"post-10442","1":"product","2":"type-product","3":"status-publish","4":"has-post-thumbnail","6":"product_cat-maniglie-pomelli-bambini","7":"product_tag-pomelli-cameretta-bimba","8":"product_tag-pomelli-cameretta-bimbo","9":"product_tag-pomolo","10":"product_tag-pomolo-al-miglior-prezzo","11":"product_tag-pomolo-anta-mobile","12":"product_tag-pomolo-armadio","13":"product_tag-pomolo-bambini","14":"product_tag-pomolo-cameretta-bambini","15":"product_tag-pomolo-cassettiera","16":"product_tag-pomolo-cassetto","17":"product_tag-pomolo-cassetto-bambini","18":"product_tag-pomolo-mobile","19":"product_tag-pomolo-mobile-arredamento","20":"product_tag-pomolo-mobile-ragazza","21":"product_tag-pomolo-mobile-ragazzi","22":"product_tag-pomolo-mobili-bambina","23":"product_tag-pomolo-mobili-bambino","25":"first","26":"instock","27":"taxable","28":"shipping-taxable","29":"purchasable","30":"product-type-simple"},"acf":[],"_links":{"self":[{"href":"https:\/\/www.polideas.it\/de\/wp-json\/wp\/v2\/product\/10442","targetHints":{"allow":["GET"]}}],"collection":[{"href":"https:\/\/www.polideas.it\/de\/wp-json\/wp\/v2\/product"}],"about":[{"href":"https:\/\/www.polideas.it\/de\/wp-json\/wp\/v2\/types\/product"}],"replies":[{"embeddable":true,"href":"https:\/\/www.polideas.it\/de\/wp-json\/wp\/v2\/comments?post=10442"}],"wp:featuredmedia":[{"embeddable":true,"href":"https:\/\/www.polideas.it\/de\/wp-json\/wp\/v2\/media\/4372"}],"wp:attachment":[{"href":"https:\/\/www.polideas.it\/de\/wp-json\/wp\/v2\/media?parent=10442"}],"wp:term":[{"taxonomy":"product_brand","embeddable":true,"href":"https:\/\/www.polideas.it\/de\/wp-json\/wp\/v2\/product_brand?post=10442"},{"taxonomy":"product_cat","embeddable":true,"href":"https:\/\/www.polideas.it\/de\/wp-json\/wp\/v2\/product_cat?post=10442"},{"taxonomy":"product_tag","embeddable":true,"href":"https:\/\/www.polideas.it\/de\/wp-json\/wp\/v2\/product_tag?post=10442"}],"curies":[{"name":"wp","href":"https:\/\/api.w.org\/{rel}","templated":true}]}}