{"id":10444,"date":"2022-02-28T21:57:03","date_gmt":"2022-02-28T20:57:03","guid":{"rendered":"https:\/\/www.polideas.it\/?post_type=product&#038;p=10444"},"modified":"2025-01-31T14:47:42","modified_gmt":"2025-01-31T13:47:42","slug":"softknauf-kinderhandy-knauf-aus-weichem-gummi-grun","status":"publish","type":"product","link":"https:\/\/www.polideas.it\/de\/en-2\/kinderknopfe-griffe-2\/softknauf-kinderhandy-knauf-aus-weichem-gummi-grun\/","title":{"rendered":"Kindersoftknauf - Weichgummi Gr\u00fcn"},"content":{"rendered":"<p>Sehr weich, genau wie sein Name vermuten l\u00e4sst, ist der <strong>Polideas Soft Kinderknopf<\/strong> sieht ein bisschen aus wie ein lustiges Megaphon.<\/p>\n<p>Mit seiner sanften und fr\u00f6hlichen Stimmung ist es perfekt, um das Zimmer der Kleinen mit <strong>Einfachheit und Fr\u00f6hlichkeit. <\/strong><\/p>\n<p>Versuchen Sie, die verschiedenen verf\u00fcgbaren Farbt\u00f6ne - blaues, gelbes und gr\u00fcnes Weichgummi - zu mischen, um originelle und unerwartete Farbkombinationen zu schaffen.<\/p>\n<p>Hergestellt aus weichem <strong>hypoallergenes Gummi<\/strong> und in voller \u00dcbereinstimmung mit der europ\u00e4ischen REACH-Verordnung, <strong>den Soft-Knopf<\/strong> ist frei von scharfen Kanten und garantiert maximale Sicherheit in allen Situationen.<\/p>","protected":false},"excerpt":{"rendered":"<p>Morbidissimo, esattamente come suggerisce il suo nome, il pomolo bimbi Soft di Polideas assomiglia un po\u2019 a un simpatico megafono. Con il suo spirito soffice e allegro \u00e8 perfetto per completare la camera dei pi\u00f9 piccoli con semplicit\u00e0 e allegria. Provate a mixare tra di loro le diverse tonalit\u00e0 disponibili, ovvero gomma morbida azzurra, gialla [&#8230;]\n","protected":false},"featured_media":13611,"comment_status":"closed","ping_status":"closed","template":"","meta":{"_acf_changed":false},"product_brand":[],"product_cat":[24],"product_tag":[3119,3120,3112,3113,3114,3121,3122,3123,3115,3116,3124,3117,3118,3125,3126,3127,3128],"class_list":{"0":"post-10444","1":"product","2":"type-product","3":"status-publish","4":"has-post-thumbnail","6":"product_cat-maniglie-pomelli-bambini","7":"product_tag-pomelli-cameretta-bimba","8":"product_tag-pomelli-cameretta-bimbo","9":"product_tag-pomolo","10":"product_tag-pomolo-al-miglior-prezzo","11":"product_tag-pomolo-anta-mobile","12":"product_tag-pomolo-armadio","13":"product_tag-pomolo-bambini","14":"product_tag-pomolo-cameretta-bambini","15":"product_tag-pomolo-cassettiera","16":"product_tag-pomolo-cassetto","17":"product_tag-pomolo-cassetto-bambini","18":"product_tag-pomolo-mobile","19":"product_tag-pomolo-mobile-arredamento","20":"product_tag-pomolo-mobile-ragazza","21":"product_tag-pomolo-mobile-ragazzi","22":"product_tag-pomolo-mobili-bambina","23":"product_tag-pomolo-mobili-bambino","25":"first","26":"instock","27":"taxable","28":"shipping-taxable","29":"purchasable","30":"product-type-simple"},"acf":[],"_links":{"self":[{"href":"https:\/\/www.polideas.it\/de\/wp-json\/wp\/v2\/product\/10444","targetHints":{"allow":["GET"]}}],"collection":[{"href":"https:\/\/www.polideas.it\/de\/wp-json\/wp\/v2\/product"}],"about":[{"href":"https:\/\/www.polideas.it\/de\/wp-json\/wp\/v2\/types\/product"}],"replies":[{"embeddable":true,"href":"https:\/\/www.polideas.it\/de\/wp-json\/wp\/v2\/comments?post=10444"}],"wp:featuredmedia":[{"embeddable":true,"href":"https:\/\/www.polideas.it\/de\/wp-json\/wp\/v2\/media\/13611"}],"wp:attachment":[{"href":"https:\/\/www.polideas.it\/de\/wp-json\/wp\/v2\/media?parent=10444"}],"wp:term":[{"taxonomy":"product_brand","embeddable":true,"href":"https:\/\/www.polideas.it\/de\/wp-json\/wp\/v2\/product_brand?post=10444"},{"taxonomy":"product_cat","embeddable":true,"href":"https:\/\/www.polideas.it\/de\/wp-json\/wp\/v2\/product_cat?post=10444"},{"taxonomy":"product_tag","embeddable":true,"href":"https:\/\/www.polideas.it\/de\/wp-json\/wp\/v2\/product_tag?post=10444"}],"curies":[{"name":"wp","href":"https:\/\/api.w.org\/{rel}","templated":true}]}}