{"id":10448,"date":"2022-02-28T21:57:04","date_gmt":"2022-02-28T20:57:04","guid":{"rendered":"https:\/\/www.polideas.it\/?post_type=product&#038;p=10448"},"modified":"2025-05-19T17:09:34","modified_gmt":"2025-05-19T15:09:34","slug":"kleiner-antiker-mobelknopf-mit-kupfereffekt","status":"publish","type":"product","link":"https:\/\/www.polideas.it\/de\/en-2\/antike-griffe-und-knopfe\/kleiner-antiker-mobelknopf-mit-kupfereffekt\/","title":{"rendered":"Antik Klein - Antiker M\u00f6belknopf - Kupfereffekt"},"content":{"rendered":"<p>Klein, aber mit ausgepr\u00e4gtem Charakter: Es ist der <strong>antiker Knauf Klein<\/strong> von Polideas.<\/p>\n<p>Das Design wurde entwickelt, um K\u00fcchen-, Schlaf- und Wohnzimmerm\u00f6bel im Retro-Stil zu gestalten. <strong>antiker Knauf Klein<\/strong> ist ideal, um klassisch, industriell oder im Landhausstil eingerichtete R\u00e4ume zu vereinen.<\/p>\n<p>Erh\u00e4ltlich in eleganter <strong>Bronze-Effekt, Kupfer-Effekt und Eisen-Effekt<\/strong>Dank einer komplexen, innovativen Verarbeitung, die die \u00e4sthetischen Qualit\u00e4ten von eingearbeitetem Metall mit der Funktionalit\u00e4t und Ergonomie von hochwertigem Kunststoff verbindet, erzielt er einen einzigartigen antiken Effekt.<\/p>\n<p>Mit einem Durchmesser von nur 32 mm ist er ideal, um kleinen M\u00f6beln einen Hauch von Stil zu verleihen.<\/p>","protected":false},"excerpt":{"rendered":"<p>Piccolo, ma dal carattere ben definito: \u00e8 il pomello anticato Small di Polideas. Pensato per personalizzare i mobili di cucina, camere da letto e living dal sapore retr\u00f2, il pomello anticato Small \u00e8 l\u2019ideale per uniformare gli ambienti arredati in stile classico, industrial o country. Disponibile nelle eleganti versioni ad effetto bronzo, effetto rame ed [&#8230;]\n","protected":false},"featured_media":11145,"comment_status":"closed","ping_status":"closed","template":"","meta":{"_acf_changed":false},"product_brand":[],"product_cat":[72],"product_tag":[3136,3137,3131,3105,3138,3139,3107,3140,3141,3142,3143,3112,3113,3114,3115,3116,3117,3118],"class_list":{"0":"post-10448","1":"product","2":"type-product","3":"status-publish","4":"has-post-thumbnail","6":"product_cat-maniglie-pomoli-anticati","7":"product_tag-pomello-anticato","8":"product_tag-pomello-antico","9":"product_tag-pomello-cassetto","10":"product_tag-pomello-design","11":"product_tag-pomello-effetto-anticato","12":"product_tag-pomello-effetto-antico","13":"product_tag-pomello-mobile","14":"product_tag-pomello-per-mobile-antico","15":"product_tag-pomello-per-restaurazione-mobili","16":"product_tag-pomello-restauro-mobili","17":"product_tag-pomello-rustico","18":"product_tag-pomolo","19":"product_tag-pomolo-al-miglior-prezzo","20":"product_tag-pomolo-anta-mobile","21":"product_tag-pomolo-cassettiera","22":"product_tag-pomolo-cassetto","23":"product_tag-pomolo-mobile","24":"product_tag-pomolo-mobile-arredamento","26":"first","27":"instock","28":"taxable","29":"shipping-taxable","30":"purchasable","31":"product-type-simple"},"acf":[],"_links":{"self":[{"href":"https:\/\/www.polideas.it\/de\/wp-json\/wp\/v2\/product\/10448","targetHints":{"allow":["GET"]}}],"collection":[{"href":"https:\/\/www.polideas.it\/de\/wp-json\/wp\/v2\/product"}],"about":[{"href":"https:\/\/www.polideas.it\/de\/wp-json\/wp\/v2\/types\/product"}],"replies":[{"embeddable":true,"href":"https:\/\/www.polideas.it\/de\/wp-json\/wp\/v2\/comments?post=10448"}],"wp:featuredmedia":[{"embeddable":true,"href":"https:\/\/www.polideas.it\/de\/wp-json\/wp\/v2\/media\/11145"}],"wp:attachment":[{"href":"https:\/\/www.polideas.it\/de\/wp-json\/wp\/v2\/media?parent=10448"}],"wp:term":[{"taxonomy":"product_brand","embeddable":true,"href":"https:\/\/www.polideas.it\/de\/wp-json\/wp\/v2\/product_brand?post=10448"},{"taxonomy":"product_cat","embeddable":true,"href":"https:\/\/www.polideas.it\/de\/wp-json\/wp\/v2\/product_cat?post=10448"},{"taxonomy":"product_tag","embeddable":true,"href":"https:\/\/www.polideas.it\/de\/wp-json\/wp\/v2\/product_tag?post=10448"}],"curies":[{"name":"wp","href":"https:\/\/api.w.org\/{rel}","templated":true}]}}